{"id":50,"date":"2018-09-04T12:51:35","date_gmt":"2018-09-04T12:51:35","guid":{"rendered":"https:\/\/gurusiyagyoga.org\/hu\/?page_id=50"},"modified":"2018-09-04T12:51:35","modified_gmt":"2018-09-04T12:51:35","slug":"shaktipat-diksha","status":"publish","type":"page","link":"https:\/\/gurusiyagyoga.org\/hu\/shaktipat-diksha\/","title":{"rendered":"Shaktipat Diksha"},"content":{"rendered":"<p>Siyag mester, a k\u00f6vet\u0151it, \u00fan. Shaktipat Diksha beavat\u00e1si szertart\u00e1son avatja be a Siddha j\u00f3g\u00e1ba, azzal a sz\u00e1nd\u00e9kkal, hogy fel\u00e9bressze a Kundalinit.<\/p>\n<p>Ahhoz, hogy egySiddha mester beavat\u00e1st adjon a k\u00f6vet\u0151inek, n\u00e9gyf\u00e9le m\u00f3don teheti meg: ez lehet fizikai \u00e9rint\u00e9s, tekintet \u00fatj\u00e1n, isteni mantra \u00e1ltal, \u00e9s er\u0151s elhat\u00e1roz\u00e1ssal. Siyag mester az isteni mantra haszn\u00e1latot alkalmazza a Diksh\u00e1n.<\/p>\n<p>A Shaktipat, egy szankszkrit terminus, mely k\u00e9t sz\u00f3b\u00f3l \u00e1ll- <strong>Shakti<\/strong> (n\u0151i, isteni energia) \u00e9s <strong>Pat<\/strong>-(es\u00e9s).<\/p>\n<p>A Shaktipat, sz\u00f3 szerint, az isteni energia le\u00e1rad\u00e1s\u00e1t jelenti.<\/p>\n<p>A j\u00f3ga gyakorl\u00f3k gyakran \u00fagy interpret\u00e1lj\u00e1k a Shaktipatot, mintha a mester a saj\u00e1t isteni energi\u00e1j\u00e1t, k\u00fclden\u00e9\u00e1t a keres\u0151 test\u00e9be.<\/p>\n<p>Siyag mester szerint, azonban ez a megfogalmaz\u00e1s kiss\u00e9 leegyszer\u00fcs\u00edtett.<\/p>\n<p>M\u00e9ghozz\u00e1 az\u00e9rt, mert a j\u00f3gikus szentiratokban, a Kundalini energi\u00e1t \u00fagy \u00edrj\u00e1k le, hogy az minden emberi l\u00e9nyben megtal\u00e1lhat\u00f3, alv\u00f3 \u00e1llapotban.<\/p>\n<p>Ez\u00e9rt nem lehet k\u00e9rd\u00e9s, hogy a Shaktit, egyik testb\u0151l a m\u00e1sikba \u00e1tvigy\u00fck.<\/p>\n<p>A Shaktipat alkalm\u00e1val, a mester csak a kataliz\u00e1tor szerep\u00e9t t\u00f6lti be, az isteni energi\u00e1j\u00e1t haszn\u00e1lja fel a Kundalini fel\u00e9breszt\u00e9s\u00e9re.<\/p>\n<p>Ahogy Siyag mester magyar\u00e1zza: \u201eEz nem olyan, mintha a mester belet\u00f6ltene valamit a keres\u0151 test\u00e9be\u201d.<\/p>\n<p>A Diksha m\u00f3dszer\u00e9t, melyet a mester haszn\u00e1l, a <strong>Nath<\/strong> j\u00f3gikus ir\u00e1nyzat adom\u00e1nyozta. Ezt nevezz\u00fck ebben a j\u00f3g\u00e1ban Shaktipat-nak.<\/p>\n<p>A Shaktipat, nem azt jelenti, (ahogy sokan gondolj\u00e1k), hogy a keres\u0151 valami k\u00fcls\u0151 er\u0151t vesz \u00e1t, a mestert\u0151l.<\/p>\n<p>A Shaktipat, egy anal\u00f3gi\u00e1val \u00e9lve azt jelenti, olyan, mint amikor egy \u00e9g\u0151 f\u00e9ny meggy\u00fajtja az alv\u00f3t.<\/p>\n<p>Olyanok vagytok, mint az alv\u00f3 f\u00e9nyforr\u00e1sok, olajozatlanok. Csup\u00e1n annyira van sz\u00fcks\u00e9getek, hogy egy meggy\u00fajtott er\u0151forr\u00e1s seg\u00edtsen fellobbantani a l\u00e1ngotokat.<\/p>\n<p>Ha m\u00e1r egyszer csatlakoztatok a f\u00e9nyforr\u00e1shoz, saj\u00e1t magatok is f\u00e9nny\u00e9 v\u00e1ltok.<\/p>\n<p>\u00cdgy szoktam jellemezni a Shaktipat jelens\u00e9get.<\/p>\n","protected":false},"excerpt":{"rendered":"<p>Siyag mester, a k\u00f6vet\u0151it, \u00fan. Shaktipat Diksha beavat\u00e1si szertart\u00e1son avatja be a Siddha j\u00f3g\u00e1ba, azzal a sz\u00e1nd\u00e9kkal, hogy fel\u00e9bressze a Kundalinit. Ahhoz, hogy egySiddha mester beavat\u00e1st adjon a k\u00f6vet\u0151inek, n\u00e9gyf\u00e9le m\u00f3don teheti meg: ez lehet fizikai \u00e9rint\u00e9s, tekintet \u00fatj\u00e1n, isteni mantra \u00e1ltal, \u00e9s er\u0151s elhat\u00e1roz\u00e1ssal. Siyag mester az isteni mantra haszn\u00e1latot alkalmazza a Diksh\u00e1n. A Shaktipat, egy szankszkrit terminus, mely k\u00e9t sz\u00f3b\u00f3l \u00e1ll- Shakti (n\u0151i, isteni energia) \u00e9s Pat-(es\u00e9s). A Shaktipat, sz\u00f3 szerint, az isteni energia le\u00e1rad\u00e1s\u00e1t jelenti. A j\u00f3ga gyakorl\u00f3k gyakran \u00fagy interpret\u00e1lj\u00e1k a Shaktipatot, mintha a mester a saj\u00e1t isteni energi\u00e1j\u00e1t, k\u00fclden\u00e9\u00e1t a keres\u0151 test\u00e9be. Siyag mester szerint, azonban ez a megfogalmaz\u00e1s kiss\u00e9 leegyszer\u00fcs\u00edtett. M\u00e9ghozz\u00e1 az\u00e9rt, mert a j\u00f3gikus szentiratokban, a Kundalini energi\u00e1t \u00fagy \u00edrj\u00e1k le, hogy az minden emberi l\u00e9nyben megtal\u00e1lhat\u00f3, alv\u00f3 \u00e1llapotban. Ez\u00e9rt nem lehet k\u00e9rd\u00e9s, hogy a Shaktit, egyik testb\u0151l a m\u00e1sikba \u00e1tvigy\u00fck. A Shaktipat alkalm\u00e1val, a mester csak a kataliz\u00e1tor szerep\u00e9t t\u00f6lti be, az isteni energi\u00e1j\u00e1t haszn\u00e1lja fel a Kundalini fel\u00e9breszt\u00e9s\u00e9re. Ahogy Siyag mester magyar\u00e1zza: \u201eEz nem olyan, mintha a mester belet\u00f6ltene valamit a keres\u0151 test\u00e9be\u201d. A Diksha m\u00f3dszer\u00e9t, melyet a mester haszn\u00e1l, a Nath j\u00f3gikus ir\u00e1nyzat adom\u00e1nyozta. Ezt nevezz\u00fck ebben a j\u00f3g\u00e1ban Shaktipat-nak. A Shaktipat, nem azt jelenti, (ahogy sokan gondolj\u00e1k), hogy a keres\u0151 valami k\u00fcls\u0151 er\u0151t vesz \u00e1t, a mestert\u0151l. A Shaktipat, egy anal\u00f3gi\u00e1val \u00e9lve azt jelenti, olyan, mint amikor egy \u00e9g\u0151 f\u00e9ny meggy\u00fajtja az alv\u00f3t. Olyanok vagytok, mint az alv\u00f3 f\u00e9nyforr\u00e1sok, olajozatlanok. Csup\u00e1n annyira van sz\u00fcks\u00e9getek, hogy egy meggy\u00fajtott er\u0151forr\u00e1s seg\u00edtsen fellobbantani a l\u00e1ngotokat. Ha m\u00e1r egyszer csatlakoztatok a f\u00e9nyforr\u00e1shoz, saj\u00e1t magatok is f\u00e9nny\u00e9 v\u00e1ltok. \u00cdgy szoktam jellemezni a Shaktipat jelens\u00e9get.<\/p>\n","protected":false},"author":2,"featured_media":0,"parent":0,"menu_order":0,"comment_status":"closed","ping_status":"closed","template":"","meta":{"footnotes":""},"class_list":["post-50","page","type-page","status-publish","hentry"],"aioseo_notices":[],"ams_acf":[],"_links":{"self":[{"href":"https:\/\/gurusiyagyoga.org\/hu\/wp-json\/wp\/v2\/pages\/50","targetHints":{"allow":["GET"]}}],"collection":[{"href":"https:\/\/gurusiyagyoga.org\/hu\/wp-json\/wp\/v2\/pages"}],"about":[{"href":"https:\/\/gurusiyagyoga.org\/hu\/wp-json\/wp\/v2\/types\/page"}],"author":[{"embeddable":true,"href":"https:\/\/gurusiyagyoga.org\/hu\/wp-json\/wp\/v2\/users\/2"}],"replies":[{"embeddable":true,"href":"https:\/\/gurusiyagyoga.org\/hu\/wp-json\/wp\/v2\/comments?post=50"}],"version-history":[{"count":1,"href":"https:\/\/gurusiyagyoga.org\/hu\/wp-json\/wp\/v2\/pages\/50\/revisions"}],"predecessor-version":[{"id":51,"href":"https:\/\/gurusiyagyoga.org\/hu\/wp-json\/wp\/v2\/pages\/50\/revisions\/51"}],"wp:attachment":[{"href":"https:\/\/gurusiyagyoga.org\/hu\/wp-json\/wp\/v2\/media?parent=50"}],"curies":[{"name":"wp","href":"https:\/\/api.w.org\/{rel}","templated":true}]}}