{"id":416,"date":"2026-01-29T12:06:49","date_gmt":"2026-01-29T06:36:49","guid":{"rendered":"https:\/\/gurusiyagyoga.org\/it\/?page_id=416"},"modified":"2026-02-14T22:08:20","modified_gmt":"2026-02-14T16:38:20","slug":"uniqueness","status":"publish","type":"page","link":"https:\/\/gurusiyagyoga.org\/it\/uniqueness\/","title":{"rendered":"2. Unicit\u00e0"},"content":{"rendered":"<ul>\n<li>I praticanti possono seguire uno stile di vita a loro scelta. GSY non richiede ai praticanti di cambiare in alcun modo il loro stile di vita.<\/li>\n<li>Non impone restrizioni dietetiche.<\/li>\n<li>Guru Siyag non ha stabilito alcun codice morale di condotta che il discepolo debba seguire. Secondo lui, un tal\u00e9 sistema \u00e8 inutile. Guru Siyag dice che quando i discepoli praticano con sincerit\u00e0, il Guru interiore inizia a offrire loro guida divina che promuove la lora evoluzione spirituale.<\/li>\n<li>La pratica non coinvolge rituali, pratiche ritualistiche, usanze e offerte (cocco, incenso, fiori ecc.).<\/li>\n<li>Un cercatore in qualsiasi parte del mondo pu\u00f2 sperimentare una meditazione profonda semplicemente meditando sulla fotografia di Guru Siyag.<\/li>\n<li>Non insiste affinch\u00e9 i cercatori lo incontrino di persona per l&#8217;iniziazione.<\/li>\n<li>L&#8217;iniziazione tramite CD video\/audio, trasmissione TV o video internet \u00e8 efficace quanto l&#8217;iniziazione di persona.<\/li>\n<li>Se un cercatore non \u00e8 in grado, per qualche motivo (il praticante \u00e8 un bambino piccolo, \u00e8 incosciente o disabile mentale), di recitare il mantra di Guru Siyag e fare la meditazione, qualsiasi altro parente stretto o amico iniziato pu\u00f2 recitare e praticare per suo conto.<\/li>\n<li>Non offre corsi n\u00e9 conduce classi.<\/li>\n<li>Completamente gratuito.<\/li>\n<li>Non \u00e8 richiesta registrazione per GSY.<\/li>\n<li>Non chiede doni in denaro o in natura ai cercatori per l&#8217;iniziazione GSY.<\/li>\n<li>Non limita i suoi discepoli dal seguire altri Guru o pratiche dopo l&#8217;iniziazione. Per ulteriori domande, email <a href=\"mailto:gssyworld@gmail.com\">gssyworld@gmail.com<\/a> o WhatsApp (+91) 9468623528 o chiama (+91)8369754399.<\/li>\n<li>Non tiene sermoni religiosi. Spiega solo la filosofia di GSY.<\/li>\n<li>Non vende\/offre medicine, erbe o prodotti di alcun tipo.<\/li>\n<li>I cercatori di qualsiasi razza, religione, nazionalit\u00e0, casta, credo o genere sono benvenuti nel grembo di GSY.<\/li>\n<\/ul>\n","protected":false},"excerpt":{"rendered":"<p>I praticanti possono seguire uno stile di vita a loro scelta. GSY non richiede ai praticanti di cambiare in alcun modo il loro stile di vita. Non impone restrizioni dietetiche. Guru Siyag non ha stabilito alcun codice morale di condotta che il discepolo debba seguire. Secondo lui, un tal\u00e9 sistema \u00e8 inutile. Guru Siyag dice che quando i discepoli praticano con sincerit\u00e0, il Guru interiore inizia a offrire loro guida divina che promuove la lora evoluzione spirituale. La pratica non coinvolge rituali, pratiche ritualistiche, usanze e offerte (cocco, incenso, fiori ecc.). Un cercatore in qualsiasi parte del mondo pu\u00f2 sperimentare una meditazione profonda semplicemente meditando sulla fotografia di Guru Siyag. Non insiste affinch\u00e9 i cercatori lo incontrino di persona per l&#8217;iniziazione. L&#8217;iniziazione tramite CD video\/audio, trasmissione TV o video internet \u00e8 efficace quanto l&#8217;iniziazione di persona. Se un cercatore non \u00e8 in grado, per qualche motivo (il praticante \u00e8 un bambino piccolo, \u00e8 incosciente o disabile mentale), di recitare il mantra di Guru Siyag e fare la meditazione, qualsiasi altro parente stretto o amico iniziato pu\u00f2 recitare e praticare per suo conto. Non offre corsi n\u00e9 conduce classi. Completamente gratuito. Non \u00e8 richiesta registrazione per GSY. Non chiede doni in denaro o in natura ai cercatori per l&#8217;iniziazione GSY. Non limita i suoi discepoli dal seguire altri Guru o pratiche dopo l&#8217;iniziazione. Per ulteriori domande, email gssyworld@gmail.com o WhatsApp (+91) 9468623528 o chiama (+91)8369754399. Non tiene sermoni religiosi. Spiega solo la filosofia di GSY. Non vende\/offre medicine, erbe o prodotti di alcun tipo. I cercatori di qualsiasi razza, religione, nazionalit\u00e0, casta, credo o genere sono benvenuti nel grembo di GSY.<\/p>\n","protected":false},"author":2,"featured_media":0,"parent":0,"menu_order":0,"comment_status":"closed","ping_status":"closed","template":"","meta":{"footnotes":""},"class_list":["post-416","page","type-page","status-publish","hentry"],"aioseo_notices":[],"ams_acf":[],"_links":{"self":[{"href":"https:\/\/gurusiyagyoga.org\/it\/wp-json\/wp\/v2\/pages\/416","targetHints":{"allow":["GET"]}}],"collection":[{"href":"https:\/\/gurusiyagyoga.org\/it\/wp-json\/wp\/v2\/pages"}],"about":[{"href":"https:\/\/gurusiyagyoga.org\/it\/wp-json\/wp\/v2\/types\/page"}],"author":[{"embeddable":true,"href":"https:\/\/gurusiyagyoga.org\/it\/wp-json\/wp\/v2\/users\/2"}],"replies":[{"embeddable":true,"href":"https:\/\/gurusiyagyoga.org\/it\/wp-json\/wp\/v2\/comments?post=416"}],"version-history":[{"count":2,"href":"https:\/\/gurusiyagyoga.org\/it\/wp-json\/wp\/v2\/pages\/416\/revisions"}],"predecessor-version":[{"id":479,"href":"https:\/\/gurusiyagyoga.org\/it\/wp-json\/wp\/v2\/pages\/416\/revisions\/479"}],"wp:attachment":[{"href":"https:\/\/gurusiyagyoga.org\/it\/wp-json\/wp\/v2\/media?parent=416"}],"curies":[{"name":"wp","href":"https:\/\/api.w.org\/{rel}","templated":true}]}}