{"id":423,"date":"2026-01-29T12:08:15","date_gmt":"2026-01-29T06:38:15","guid":{"rendered":"https:\/\/gurusiyagyoga.org\/it\/?page_id=423"},"modified":"2026-02-14T22:13:04","modified_gmt":"2026-02-14T16:43:04","slug":"spiritual","status":"publish","type":"page","link":"https:\/\/gurusiyagyoga.org\/it\/spiritual\/","title":{"rendered":"3.2 Aspetto Spirituale"},"content":{"rendered":"<ul>\n<li>Il GSY si basa sulla filosofia Ashtanga (a otto membri) dello Yoga, codificata dal saggio Pata\u00f1jali negli Yoga Sutra. La pratica del GSY conduce a una realizzazione facile e naturale di questi otto membri.<\/li>\n<li>Dopo una pratica costante e prolungata, la recitazione del mantra (ripetizione mentale) diventa involontaria. Questa esperienza \u00e8 conosciuta come Ajapa Japa. In questo stato, il praticante scopre che il mantra viene recitato incessantemente dentro di s\u00e9, spontaneamente, senza alcuno sforzo personale.<\/li>\n<li>Quando il ricercatore recita il mantra senza sosta (o sperimenta l\u2019Ajapa Japa), esso si trasforma in un suono divino. Questo \u00e8 noto come Anhad Nada. Il suono fisico viene prodotto quando un oggetto colpisce un altro. L\u2019Anhad Nada non ha un\u2019origine fisica: \u00e8 un suono non percosso, continuo, che pervade l\u2019intero universo. Il Nada viene percepito dal ricercatore in uno degli orecchi ed \u00e8 un segno che egli ha superato una soglia importante dello sviluppo spirituale.<\/li>\n<li>Attraverso la pratica del GSY, il praticante acquisisce numerosi poteri divini. Uno di questi \u00e8 chiamato Pratibh Gyana (Conoscenza Intuitiva). Quando questa conoscenza viene raggiunta, il praticante \u00e8 in grado di percepire e ascoltare eventi del passato e del futuro illimitati.<\/li>\n<li>Durante la meditazione, i ricercatori possono sperimentare la Khechari Mudra, una postura yogica in cui la lingua si ritrae all\u2019indietro e tocca un punto nel palato che secerne Amrit, un nettare divino o elisir di vita. L\u2019Amrit rafforza l\u2019immunit\u00e0 del corpo e libera il praticante da malattie incurabili.<\/li>\n<li>La pratica del GSY provoca un cambiamento nelle Vrittis (tendenze interiori) del praticante: da Tamasiche (oscure, ottuse, inerti) a Rajasiche (passionali, energiche) fino a Sattviche (positive, pure, illuminate). Una trasformazione delle Vrittis significa, in sostanza, un cambiamento complessivo della personalit\u00e0 del praticante.<\/li>\n<li>Il praticante raggiunge infine il Moksha (liberazione dal ciclo di nascita e morte) e una trasformazione divina.<\/li>\n<\/ul>\n<p style=\"font-weight: 400;\">\n<p style=\"font-weight: 400;\"><strong>La recitazione del mantra porta una gioia inebriante<\/strong><\/p>\n<p style=\"font-weight: 400;\">Lo \u201cstress\u201d, malattia onnipresente e spesso debilitante, colpisce tutti noi. Di seguito, Guru Siyag spiega come la recitazione (ripetizione mentale del mantra di Guru Siyag) allevi efficacemente lo stress:<\/p>\n<p style=\"font-weight: 400;\">&gt; \u201cIn tutto il mondo, l\u201980 per cento delle malattie \u00e8 causato dallo stress. Il Kali Yuga ha gettato un velo Tamasico (negativo, oscuro, ottuso, inerte) sull\u2019umanit\u00e0. Che siano ricche o povere, le persone vivono costantemente sotto enorme stress. La scienza medica non \u00e8 in grado di curare lo stress. Prescrive solo sedativi per calmare i nervi. I sensi vengono intorpiditi e lo stress sembra diminuire finch\u00e9 dura l\u2019effetto del farmaco. Quando l\u2019effetto sedativo svanisce, lo stress e le malattie correlate ritornano.<\/p>\n<p style=\"font-weight: 400;\">Anche noi (nella filosofia del Siddha Yoga) crediamo che lo stress debba essere trattato attraverso un\u2019intossicazione. Ma questa intossicazione non deve essere causata dalla materia, bens\u00ec dallo spirito. Nel Siddha Yoga, l\u2019intossicazione \u00e8 indotta dalla recitazione del nome di Dio (mantra).<\/p>\n<p style=\"font-weight: 400;\">Recitare il nome di Dio porta una gioia inebriante. \u00c8 un fatto che questa gioia pu\u00f2 essere sperimentata recitando il nome divino. Mistici e santi indiani come Guru Nanak hanno definito questa gioia \u201cnaam khumari\u201d (l\u2019ebbrezza del nome divino). Guru Nanak disse che l\u2019intossicazione da droghe svanisce la mattina seguente, mentre l\u2019intossicazione data dalla recitazione non svanisce mai. Un altro santo indiano, Kabir, afferm\u00f2 che questa ebbrezza non diminuisce; al contrario, cresce ogni giorno. Il mantra che io do contiene il potere divino di Radha e Krishna.<\/p>\n<p style=\"font-weight: 400;\">Krishna fu il nono e completo avatar (incarnazione). Un altro avatar deve ancora venire: Kalki. Nel mondo vi \u00e8 molto dibattito sull\u2019arrivo di Kalki. Molti affermano di esserlo. Colui che sar\u00e0 riconosciuto universalmente sar\u00e0 proclamato Kalki Avatar. Dunque, la recitazione del nome di Dio porta una gioia inebriante. Nella Bhagavad Gita, il Signore Sri Krishna la definisce \u2018Ananda\u2019 (gioia o beatitudine). Nella Gita vi sono cinque shloka che parlano di questo: il 21\u00ba del quinto capitolo e quattro del sesto capitolo \u2014 15, 21, 27, 28. Egli descrive l\u2019Ananda in vari modi: ananda divina, ananda che trascende i sensi e ananda prodotta dalla meditazione su Dio. Finch\u00e9 l\u2019uomo non sperimenta questa \u2018Ananda\u2019, non \u00e8 in grado di distinguere tra sukh (felicit\u00e0) e ananda (gioia o beatitudine).<\/p>\n<p style=\"font-weight: 400;\">Finch\u00e9 una persona possiede ricchezza, un\u2019auto di lusso, una casa e una famiglia, \u00e8 felice. Ma se anche solo una di queste cose viene meno, la sua felicit\u00e0 si distrugge. \u00bfSe la felicit\u00e0 materiale fosse vera felicit\u00e0, come potrebbe essere distrutta cos\u00ec facilmente? Questa bambina qui seduta sta giocando e si diverte. Non \u00e8 interessata a ci\u00f2 che dico, quindi qui non trova felicit\u00e0. Quando avr\u00e0 20 o 25 anni, trover\u00e0 felicit\u00e0 in qualcos\u2019altro. A 70 o 80 anni, come me, la trover\u00e0 in qualcosa di completamente diverso. Questa \u2018felicit\u00e0\u2019 che le persone inseguono \u00e8 prodotta dai sensi. Non \u00e8 \u2018Ananda\u2019.<\/p>\n<p style=\"font-weight: 400;\">L\u2019\u2018Ananda\u2019 \u00e8 Akshay (indistruttibile), non \u00e8 Kshaya (distruttibile). Come disse Kabir: \u2018La gioia inebriante data dal nome di Dio cresce ogni giorno.\u2019 Recitare il mantra che vi do vi porter\u00e0 \u2018Ananda\u2019 (gioia o beatitudine). Questa Ananda vi libera completamente dallo stress. Rimane con voi giorno e notte e vi libera dallo stress e dalle malattie correlate \u2014 senza bisogno di farmaci. I medici della scienza materialista trovano questo difficile da credere.<\/p>\n<p style=\"font-weight: 400;\">Ho consigliato all\u2019Occidente di non concentrarsi solo sulla materia, ma di includere anche lo \u2018spirito\u2019. Materia pi\u00f9 spirito segneranno la fine di ogni tipo di malattia.\u201d<\/p>\n","protected":false},"excerpt":{"rendered":"<p>Il GSY si basa sulla filosofia Ashtanga (a otto membri) dello Yoga, codificata dal saggio Pata\u00f1jali negli Yoga Sutra. La pratica del GSY conduce a una realizzazione facile e naturale di questi otto membri. Dopo una pratica costante e prolungata, la recitazione del mantra (ripetizione mentale) diventa involontaria. Questa esperienza \u00e8 conosciuta come Ajapa Japa. In questo stato, il praticante scopre che il mantra viene recitato incessantemente dentro di s\u00e9, spontaneamente, senza alcuno sforzo personale. Quando il ricercatore recita il mantra senza sosta (o sperimenta l\u2019Ajapa Japa), esso si trasforma in un suono divino. Questo \u00e8 noto come Anhad Nada. Il suono fisico viene prodotto quando un oggetto colpisce un altro. L\u2019Anhad Nada non ha un\u2019origine fisica: \u00e8 un suono non percosso, continuo, che pervade l\u2019intero universo. Il Nada viene percepito dal ricercatore in uno degli orecchi ed \u00e8 un segno che egli ha superato una soglia importante dello sviluppo spirituale. Attraverso la pratica del GSY, il praticante acquisisce numerosi poteri divini. Uno di questi \u00e8 chiamato Pratibh Gyana (Conoscenza Intuitiva). Quando questa conoscenza viene raggiunta, il praticante \u00e8 in grado di percepire e ascoltare eventi del passato e del futuro illimitati. Durante la meditazione, i ricercatori possono sperimentare la Khechari Mudra, una postura yogica in cui la lingua si ritrae all\u2019indietro e tocca un punto nel palato che secerne Amrit, un nettare divino o elisir di vita. L\u2019Amrit rafforza l\u2019immunit\u00e0 del corpo e libera il praticante da malattie incurabili. La pratica del GSY provoca un cambiamento nelle Vrittis (tendenze interiori) del praticante: da Tamasiche (oscure, ottuse, inerti) a Rajasiche (passionali, energiche) fino a Sattviche (positive, pure, illuminate). Una trasformazione delle Vrittis significa, in sostanza, un cambiamento complessivo della personalit\u00e0 del praticante. Il praticante raggiunge infine il Moksha (liberazione dal ciclo di nascita e morte) e una trasformazione divina. La recitazione del mantra porta una gioia inebriante Lo \u201cstress\u201d, malattia onnipresente e spesso debilitante, colpisce tutti noi. Di seguito, Guru Siyag spiega come la recitazione (ripetizione mentale del mantra di Guru Siyag) allevi efficacemente lo stress: &gt; \u201cIn tutto il mondo, l\u201980 per cento delle malattie \u00e8 causato dallo stress. Il Kali Yuga ha gettato un velo Tamasico (negativo, oscuro, ottuso, inerte) sull\u2019umanit\u00e0. Che siano ricche o povere, le persone vivono costantemente sotto enorme stress. La scienza medica non \u00e8 in grado di curare lo stress. Prescrive solo sedativi per calmare i nervi. I sensi vengono intorpiditi e lo stress sembra diminuire finch\u00e9 dura l\u2019effetto del farmaco. Quando l\u2019effetto sedativo svanisce, lo stress e le malattie correlate ritornano. Anche noi (nella filosofia del Siddha Yoga) crediamo che lo stress debba essere trattato attraverso un\u2019intossicazione. Ma questa intossicazione non deve essere causata dalla materia, bens\u00ec dallo spirito. Nel Siddha Yoga, l\u2019intossicazione \u00e8 indotta dalla recitazione del nome di Dio (mantra). Recitare il nome di Dio porta una gioia inebriante. \u00c8 un fatto che questa gioia pu\u00f2 essere sperimentata recitando il nome divino. Mistici e santi indiani come Guru Nanak hanno definito questa gioia \u201cnaam khumari\u201d (l\u2019ebbrezza del nome divino). Guru Nanak disse che l\u2019intossicazione da droghe svanisce la mattina seguente, mentre l\u2019intossicazione data dalla recitazione non svanisce mai. Un altro santo indiano, Kabir, afferm\u00f2 che questa ebbrezza non diminuisce; al contrario, cresce ogni giorno. Il mantra che io do contiene il potere divino di Radha e Krishna. Krishna fu il nono e completo avatar (incarnazione). Un altro avatar deve ancora venire: Kalki. Nel mondo vi \u00e8 molto dibattito sull\u2019arrivo di Kalki. Molti affermano di esserlo. Colui che sar\u00e0 riconosciuto universalmente sar\u00e0 proclamato Kalki Avatar. Dunque, la recitazione del nome di Dio porta una gioia inebriante. Nella Bhagavad Gita, il Signore Sri Krishna la definisce \u2018Ananda\u2019 (gioia o beatitudine). Nella Gita vi sono cinque shloka che parlano di questo: il 21\u00ba del quinto capitolo e quattro del sesto capitolo \u2014 15, 21, 27, 28. Egli descrive l\u2019Ananda in vari modi: ananda divina, ananda che trascende i sensi e ananda prodotta dalla meditazione su Dio. Finch\u00e9 l\u2019uomo non sperimenta questa \u2018Ananda\u2019, non \u00e8 in grado di distinguere tra sukh (felicit\u00e0) e ananda (gioia o beatitudine). Finch\u00e9 una persona possiede ricchezza, un\u2019auto di lusso, una casa e una famiglia, \u00e8 felice. Ma se anche solo una di queste cose viene meno, la sua felicit\u00e0 si distrugge. \u00bfSe la felicit\u00e0 materiale fosse vera felicit\u00e0, come potrebbe essere distrutta cos\u00ec facilmente? Questa bambina qui seduta sta giocando e si diverte. Non \u00e8 interessata a ci\u00f2 che dico, quindi qui non trova felicit\u00e0. Quando avr\u00e0 20 o 25 anni, trover\u00e0 felicit\u00e0 in qualcos\u2019altro. A 70 o 80 anni, come me, la trover\u00e0 in qualcosa di completamente diverso. Questa \u2018felicit\u00e0\u2019 che le persone inseguono \u00e8 prodotta dai sensi. Non \u00e8 \u2018Ananda\u2019. L\u2019\u2018Ananda\u2019 \u00e8 Akshay (indistruttibile), non \u00e8 Kshaya (distruttibile). Come disse Kabir: \u2018La gioia inebriante data dal nome di Dio cresce ogni giorno.\u2019 Recitare il mantra che vi do vi porter\u00e0 \u2018Ananda\u2019 (gioia o beatitudine). Questa Ananda vi libera completamente dallo stress. Rimane con voi giorno e notte e vi libera dallo stress e dalle malattie correlate \u2014 senza bisogno di farmaci. I medici della scienza materialista trovano questo difficile da credere. Ho consigliato all\u2019Occidente di non concentrarsi solo sulla materia, ma di includere anche lo \u2018spirito\u2019. Materia pi\u00f9 spirito segneranno la fine di ogni tipo di malattia.\u201d<\/p>\n","protected":false},"author":2,"featured_media":0,"parent":0,"menu_order":0,"comment_status":"closed","ping_status":"closed","template":"","meta":{"footnotes":""},"class_list":["post-423","page","type-page","status-publish","hentry"],"aioseo_notices":[],"ams_acf":[],"_links":{"self":[{"href":"https:\/\/gurusiyagyoga.org\/it\/wp-json\/wp\/v2\/pages\/423","targetHints":{"allow":["GET"]}}],"collection":[{"href":"https:\/\/gurusiyagyoga.org\/it\/wp-json\/wp\/v2\/pages"}],"about":[{"href":"https:\/\/gurusiyagyoga.org\/it\/wp-json\/wp\/v2\/types\/page"}],"author":[{"embeddable":true,"href":"https:\/\/gurusiyagyoga.org\/it\/wp-json\/wp\/v2\/users\/2"}],"replies":[{"embeddable":true,"href":"https:\/\/gurusiyagyoga.org\/it\/wp-json\/wp\/v2\/comments?post=423"}],"version-history":[{"count":2,"href":"https:\/\/gurusiyagyoga.org\/it\/wp-json\/wp\/v2\/pages\/423\/revisions"}],"predecessor-version":[{"id":481,"href":"https:\/\/gurusiyagyoga.org\/it\/wp-json\/wp\/v2\/pages\/423\/revisions\/481"}],"wp:attachment":[{"href":"https:\/\/gurusiyagyoga.org\/it\/wp-json\/wp\/v2\/media?parent=423"}],"curies":[{"name":"wp","href":"https:\/\/api.w.org\/{rel}","templated":true}]}}