{"id":431,"date":"2026-01-29T12:10:12","date_gmt":"2026-01-29T06:40:12","guid":{"rendered":"https:\/\/gurusiyagyoga.org\/it\/?page_id=431"},"modified":"2026-02-14T22:15:49","modified_gmt":"2026-02-14T16:45:49","slug":"thoughts","status":"publish","type":"page","link":"https:\/\/gurusiyagyoga.org\/it\/thoughts\/","title":{"rendered":"4.3 Pensieri Durante la Meditazione"},"content":{"rendered":"<p style=\"font-weight: 400;\"><strong>La mente \u00e8 piena di pensieri durante la meditazione<\/strong><\/p>\n<p style=\"font-weight: 400;\">Domanda: Non riesco a meditare, ho infiniti pensieri durante la meditazione. La mia mente pensa persino a cose che normalmente non mi vengono in mente.<\/p>\n<p style=\"font-weight: 400;\">La risposta a questa domanda ha molti aspetti, ma chiarifichiamo prima un concetto fondamentale:<\/p>\n<p style=\"font-weight: 400;\">L\u2019idea che la mente debba diventare priva di pensieri durante la meditazione \u00e8 quasi un mito. La mente diventer\u00e0 priva di pensieri, ma gradualmente, nel corso del tempo e dopo molti anni di meditazione, a uno stadio pi\u00f9 elevato di coscienza. Lo scopo immediato della meditazione non \u00e8 rendere la mente senza pensieri, bens\u00ec calmarla.<\/p>\n<p style=\"font-weight: 400;\">Questo processo pu\u00f2 essere compreso con un\u2019analogia: immaginiamo che in un bicchiere d\u2019acqua ci sia della terra. La terra continua a muoversi e a girare. Se agitate o scuotete il bicchiere, la terra si muove ancora pi\u00f9 velocemente. Se invece lasciate il bicchiere indisturbato, dopo qualche ora la terra inizier\u00e0 a depositarsi sul fondo e rimarr\u00e0 visibile solo acqua limpida. La meditazione regolare calma il caos dei pensieri nella mente: pensieri, idee e reazioni si depositano, rivelando una visione chiara e non offuscata.<\/p>\n<p style=\"font-weight: 400;\">Arriviamo ora al cuore della domanda: \u00bfperch\u00e9 sorgono pensieri durante la meditazione e come possono essere controllati?<\/p>\n<p style=\"font-weight: 400;\">Quando meditiamo, possiamo forse impedire alle orecchie di sentire i suoni? Possiamo evitare che il naso percepisca gli odori? \u00bfSe durante la meditazione si verifica un suono improvviso o un profumo nell\u2019aria, possiamo impedire ai nostri sensi di registrare questi stimoli? Allo stesso modo, il compito della mente \u00e8 creare pensieri. Questa funzione non pu\u00f2 essere completamente controllata. Tuttavia, pu\u00f2 essere rallentata.<\/p>\n<p style=\"font-weight: 400;\">Questo ci porta alla domanda successiva: perch\u00e9 la mente crea cos\u00ec tanti pensieri durante la meditazione e perch\u00e9 pensiamo a cose che normalmente non ci verrebbero in mente?<\/p>\n<p style=\"font-weight: 400;\">Esaminiamo la questione attraverso due analogie.<\/p>\n<p style=\"font-weight: 400;\"><strong>Prima analogia: l\u2019iceberg<\/strong><\/p>\n<p style=\"font-weight: 400;\">Avrete probabilmente visto immagini di iceberg: enormi masse di ghiaccio che galleggiano nell\u2019acqua. La parte visibile sopra la superficie rappresenta solo il 10\u201315% della loro dimensione reale. La restante parte, molto pi\u00f9 grande, \u00e8 sommersa e invisibile.<\/p>\n<p style=\"font-weight: 400;\">\u00c8 la piccola parte visibile a guidare il movimento dell\u2019iceberg o quella sommersa e gigantesca? Ovviamente \u00e8 la parte sommersa a determinare il movimento dell\u2019intera struttura. Anche se non \u00e8 visibile, \u00e8 quella massa nascosta che controlla la parte emersa.<\/p>\n<p style=\"font-weight: 400;\">Allo stesso modo, circa il 90% della nostra mente \u00e8 subconscio, mentre solo il 10% \u00e8 conscio. Quale parte guida il nostro comportamento? Certamente il subconscio. Ecco perch\u00e9, dopo un episodio particolarmente confuso, diciamo: \u201cNon so perch\u00e9 l\u2019ho fatto. Non volevo farlo, eppure l\u2019ho fatto. Volevo dire una cosa e ne ho detta un\u2019altra.\u201d<\/p>\n<p style=\"font-weight: 400;\">\u00bfDa dove emergono questi comportamenti e parole incontrollati? Dal centro subconscio, invisibile ai nostri occhi. Ricordiamo quindi che solo circa il 10% dei nostri pensieri e delle nostre azioni \u00e8 sotto il nostro controllo; sul restante 90% non abbiamo controllo diretto.<\/p>\n<p style=\"font-weight: 400;\"><strong>Seconda analogia: le conversazioni di sottofondo<\/strong><\/p>\n<p style=\"font-weight: 400;\">Immaginate di trovarvi in un luogo pubblico a parlare con un amico. Se dopo un po\u2019 vi chiedessero cosa stavano dicendo le altre person\u00e9 intorno a voi, probabilmente rispondereste che sapevate che parlavano, ma non ricordate cosa dicessero esattamente. Forse avete sentito frammenti di conversazione, ma la vostra mente non li ha registrati perch\u00e9 era concentrata sul dialogo con il vostro amico.<\/p>\n<p style=\"font-weight: 400;\">Ora, nella stessa situazione, se vi venisse chiesto di sedervi in silenzio per qualche minuto, sareste in grado di sentire chiaramente le conversazioni intorno a voi. Potreste persino riferire dettagli: qualcuno parlava della costruzione della propria casa, qualcun altro di un film, un altro ancora della propria relazione, e cos\u00ec via.<\/p>\n<p style=\"font-weight: 400;\">\u00bfPerch\u00e9 ora riuscite a sentire queste conversazioni e prima no? Perch\u00e9 vi siete fermati e avete osservato in silenzio.<\/p>\n<p style=\"font-weight: 400;\">Allo stesso modo, il 10% della vostra mente che \u00e8 conscia si calma non appena iniziate a meditare. Questo vi rende pienamente consapevoli del rumore e del caos creati dal 90% subconscio. Questo flusso continuo \u00e8 presente 24 ore su 24, ma ne diventiamo consapevoli solo quando meditiamo. Per questo sembra improvvisamente che abbiate pensieri che normalmente non avreste.<\/p>\n<p style=\"font-weight: 400;\">Quando diventate consapevoli di questi pensieri subconsc\u00ee e continuate con costanza la pratica della meditazione, col tempo la mente si calmer\u00e0 e raggiunger\u00e0 uno stato di quiete.<\/p>\n<p style=\"font-weight: 400;\">In questo stato, sarete in grado di meditare con la stessa facilit\u00e0 in un mercato rumoroso come in un luogo silenzioso.<\/p>\n<p style=\"font-weight: 400;\">Questo stato di coscienza sar\u00e0 possibile solo grazie alla vostra quiete interiore.<\/p>\n","protected":false},"excerpt":{"rendered":"<p>La mente \u00e8 piena di pensieri durante la meditazione Domanda: Non riesco a meditare, ho infiniti pensieri durante la meditazione. La mia mente pensa persino a cose che normalmente non mi vengono in mente. La risposta a questa domanda ha molti aspetti, ma chiarifichiamo prima un concetto fondamentale: L\u2019idea che la mente debba diventare priva di pensieri durante la meditazione \u00e8 quasi un mito. La mente diventer\u00e0 priva di pensieri, ma gradualmente, nel corso del tempo e dopo molti anni di meditazione, a uno stadio pi\u00f9 elevato di coscienza. Lo scopo immediato della meditazione non \u00e8 rendere la mente senza pensieri, bens\u00ec calmarla. Questo processo pu\u00f2 essere compreso con un\u2019analogia: immaginiamo che in un bicchiere d\u2019acqua ci sia della terra. La terra continua a muoversi e a girare. Se agitate o scuotete il bicchiere, la terra si muove ancora pi\u00f9 velocemente. Se invece lasciate il bicchiere indisturbato, dopo qualche ora la terra inizier\u00e0 a depositarsi sul fondo e rimarr\u00e0 visibile solo acqua limpida. La meditazione regolare calma il caos dei pensieri nella mente: pensieri, idee e reazioni si depositano, rivelando una visione chiara e non offuscata. Arriviamo ora al cuore della domanda: \u00bfperch\u00e9 sorgono pensieri durante la meditazione e come possono essere controllati? Quando meditiamo, possiamo forse impedire alle orecchie di sentire i suoni? Possiamo evitare che il naso percepisca gli odori? \u00bfSe durante la meditazione si verifica un suono improvviso o un profumo nell\u2019aria, possiamo impedire ai nostri sensi di registrare questi stimoli? Allo stesso modo, il compito della mente \u00e8 creare pensieri. Questa funzione non pu\u00f2 essere completamente controllata. Tuttavia, pu\u00f2 essere rallentata. Questo ci porta alla domanda successiva: perch\u00e9 la mente crea cos\u00ec tanti pensieri durante la meditazione e perch\u00e9 pensiamo a cose che normalmente non ci verrebbero in mente? Esaminiamo la questione attraverso due analogie. Prima analogia: l\u2019iceberg Avrete probabilmente visto immagini di iceberg: enormi masse di ghiaccio che galleggiano nell\u2019acqua. La parte visibile sopra la superficie rappresenta solo il 10\u201315% della loro dimensione reale. La restante parte, molto pi\u00f9 grande, \u00e8 sommersa e invisibile. \u00c8 la piccola parte visibile a guidare il movimento dell\u2019iceberg o quella sommersa e gigantesca? Ovviamente \u00e8 la parte sommersa a determinare il movimento dell\u2019intera struttura. Anche se non \u00e8 visibile, \u00e8 quella massa nascosta che controlla la parte emersa. Allo stesso modo, circa il 90% della nostra mente \u00e8 subconscio, mentre solo il 10% \u00e8 conscio. Quale parte guida il nostro comportamento? Certamente il subconscio. Ecco perch\u00e9, dopo un episodio particolarmente confuso, diciamo: \u201cNon so perch\u00e9 l\u2019ho fatto. Non volevo farlo, eppure l\u2019ho fatto. Volevo dire una cosa e ne ho detta un\u2019altra.\u201d \u00bfDa dove emergono questi comportamenti e parole incontrollati? Dal centro subconscio, invisibile ai nostri occhi. Ricordiamo quindi che solo circa il 10% dei nostri pensieri e delle nostre azioni \u00e8 sotto il nostro controllo; sul restante 90% non abbiamo controllo diretto. Seconda analogia: le conversazioni di sottofondo Immaginate di trovarvi in un luogo pubblico a parlare con un amico. Se dopo un po\u2019 vi chiedessero cosa stavano dicendo le altre person\u00e9 intorno a voi, probabilmente rispondereste che sapevate che parlavano, ma non ricordate cosa dicessero esattamente. Forse avete sentito frammenti di conversazione, ma la vostra mente non li ha registrati perch\u00e9 era concentrata sul dialogo con il vostro amico. Ora, nella stessa situazione, se vi venisse chiesto di sedervi in silenzio per qualche minuto, sareste in grado di sentire chiaramente le conversazioni intorno a voi. Potreste persino riferire dettagli: qualcuno parlava della costruzione della propria casa, qualcun altro di un film, un altro ancora della propria relazione, e cos\u00ec via. \u00bfPerch\u00e9 ora riuscite a sentire queste conversazioni e prima no? Perch\u00e9 vi siete fermati e avete osservato in silenzio. Allo stesso modo, il 10% della vostra mente che \u00e8 conscia si calma non appena iniziate a meditare. Questo vi rende pienamente consapevoli del rumore e del caos creati dal 90% subconscio. Questo flusso continuo \u00e8 presente 24 ore su 24, ma ne diventiamo consapevoli solo quando meditiamo. Per questo sembra improvvisamente che abbiate pensieri che normalmente non avreste. Quando diventate consapevoli di questi pensieri subconsc\u00ee e continuate con costanza la pratica della meditazione, col tempo la mente si calmer\u00e0 e raggiunger\u00e0 uno stato di quiete. In questo stato, sarete in grado di meditare con la stessa facilit\u00e0 in un mercato rumoroso come in un luogo silenzioso. Questo stato di coscienza sar\u00e0 possibile solo grazie alla vostra quiete interiore.<\/p>\n","protected":false},"author":2,"featured_media":0,"parent":0,"menu_order":0,"comment_status":"closed","ping_status":"closed","template":"","meta":{"footnotes":""},"class_list":["post-431","page","type-page","status-publish","hentry"],"aioseo_notices":[],"ams_acf":[],"_links":{"self":[{"href":"https:\/\/gurusiyagyoga.org\/it\/wp-json\/wp\/v2\/pages\/431","targetHints":{"allow":["GET"]}}],"collection":[{"href":"https:\/\/gurusiyagyoga.org\/it\/wp-json\/wp\/v2\/pages"}],"about":[{"href":"https:\/\/gurusiyagyoga.org\/it\/wp-json\/wp\/v2\/types\/page"}],"author":[{"embeddable":true,"href":"https:\/\/gurusiyagyoga.org\/it\/wp-json\/wp\/v2\/users\/2"}],"replies":[{"embeddable":true,"href":"https:\/\/gurusiyagyoga.org\/it\/wp-json\/wp\/v2\/comments?post=431"}],"version-history":[{"count":2,"href":"https:\/\/gurusiyagyoga.org\/it\/wp-json\/wp\/v2\/pages\/431\/revisions"}],"predecessor-version":[{"id":484,"href":"https:\/\/gurusiyagyoga.org\/it\/wp-json\/wp\/v2\/pages\/431\/revisions\/484"}],"wp:attachment":[{"href":"https:\/\/gurusiyagyoga.org\/it\/wp-json\/wp\/v2\/media?parent=431"}],"curies":[{"name":"wp","href":"https:\/\/api.w.org\/{rel}","templated":true}]}}