{"id":433,"date":"2026-01-29T12:11:37","date_gmt":"2026-01-29T06:41:37","guid":{"rendered":"https:\/\/gurusiyagyoga.org\/it\/?page_id=433"},"modified":"2026-02-14T22:18:35","modified_gmt":"2026-02-14T16:48:35","slug":"beginners","status":"publish","type":"page","link":"https:\/\/gurusiyagyoga.org\/it\/beginners\/","title":{"rendered":"5.1 Per i Principianti"},"content":{"rendered":"<p style=\"font-weight: 400;\"><strong>Q1. Esiste un momento particolare o pi\u00f9 adatto per praticare la meditazione GSY?<\/strong><\/p>\n<p style=\"font-weight: 400;\"><strong>Ans: (Risposta)<\/strong> No, puoi meditare quando ti \u00e8 pi\u00f9 comodo. Tuttavia, Gurudev consiglia ai discepoli di meditare almeno una volta al mattino e una alla sera.<\/p>\n<p style=\"font-weight: 400;\">\n<p style=\"font-weight: 400;\"><strong>Q2. Quanto tempo dovrei meditare? Esiste un limite di tempo specifico per la meditazione?<\/strong><\/p>\n<p style=\"font-weight: 400;\"><strong>Ans: (Risposta)<\/strong> Guru Siyag consiglia ai principianti una meditazione di 15 minuti. La durata pu\u00f2 essere aumentata fino a 30 minuti durante l\u2019inverno o nei climi pi\u00f9 freschi. La Kundalini \u00e8 una forma di energia molto potente e genera calore nel corpo durante la pratica. L\u2019aumento del calore corporeo non causa disagio in inverno come potrebbe invece accadere in estate.<\/p>\n<p style=\"font-weight: 400;\">\n<p style=\"font-weight: 400;\"><strong>Q3. Quante volte al giorno dovrei meditare?<\/strong><\/p>\n<p style=\"font-weight: 400;\"><strong>Ans: (Risposta)<\/strong> Gurudev consiglia di meditare almeno due volte al giorno \u2014 al mattino e alla sera. Se vivi in un clima freddo, puoi meditare quattro o cinque volte al giorno ed estendere la durata fino a 30 minuti.<\/p>\n<p style=\"font-weight: 400;\">\n<p style=\"font-weight: 400;\"><strong>Q4. Devo impostare una sveglia per il tempo desiderato prima di iniziare a meditare?<\/strong><\/p>\n<p style=\"font-weight: 400;\"><strong>Ans: (Risposta)<\/strong> Non \u00e8 necessario impostare una sveglia, a meno che tu non lo ritenga utile. Prima di iniziare la meditazione, tutto ci\u00f2 che devi fare \u00e8 pregare Gurudev chiedendogli di aiutarti a meditare per la durata desiderata (15, 20 o 30 minuti). Cos\u00ec facendo, uscirai dallo stato meditativo esattamente al tempo stabilito. Tuttavia, se occasionalmente la meditazione si interrompe prima del tempo previsto o si prolunga oltre il limite, non preoccuparti. Con il progresso sul cammino spirituale, la tua routine di meditazione diventer\u00e0 regolare come un orologio.<\/p>\n<p style=\"font-weight: 400;\">\n<p style=\"font-weight: 400;\"><strong>Q5. Posso interrompere la meditazione se devo occuparmi di qualcosa di urgente?<\/strong><\/p>\n<p style=\"font-weight: 400;\"><strong>Ans: (Risposta)<\/strong> S\u00ec, puoi farlo. In tal caso, riprendi la meditazione dopo aver completato ci\u00f2 che dovevi fare.<\/p>\n<p style=\"font-weight: 400;\">\n<p style=\"font-weight: 400;\"><strong>Q6. Posso meditare subito dopo aver mangiato? Potrebbe causarmi qualche problema?<\/strong><\/p>\n<p style=\"font-weight: 400;\"><strong>Ans: (Risposta)<\/strong> Evita di meditare immediatamente dopo aver mangiato. Non \u00e8 consigliabile meditare a stomaco pieno. \u00c8 meglio meditare 3 o 4 ore dopo un pasto. Se mediti a stomaco pieno e sperimenti pranayama (movimenti del respiro) o shirshasan (posizione sulla testa), potresti avvertire nausea.<\/p>\n<p style=\"font-weight: 400;\">\n<p style=\"font-weight: 400;\"><strong>Q7. Devo predisporre una posizione particolare per praticare la meditazione GSY?<\/strong><\/p>\n<p style=\"font-weight: 400;\"><strong>Ans: (Risposta)<\/strong> No, non esiste una posizione obbligatoria per la meditazione GSY. Sedersi a gambe incrociate sul pavimento \u00e8 consigliato ma non obbligatorio. Si pu\u00f2 sedere direttamente sul pavimento o su un tappetino, senza restrizioni. \u00c8 anche possibile sedersi su una sedia, divano o letto, secondo comodit\u00e0. Per un principiante (nuovo al GSY e non alla spiritualit\u00e0 in generale) non \u00e8 consigliabile appoggiarsi al muro o ad altri supporti, n\u00e9 sdraiarsi durante la meditazione. Il corpo del praticante deve essere libero di sperimentare posture yogiche e kriya durante la meditazione. Ad esempio, inclinarsi in avanti o indietro \u00e8 comune, e un supporto per la schiena potrebbe impedire questa kriya. Il praticante potrebbe avvertire pesantezza alla testa se la kriya viene ostacolata. Per questo motivo, durante le sessioni di gruppo si chiede di mantenere una certa distanza tra i partecipanti per consentire movimenti liberi. Il luogo della meditazione pu\u00f2 essere cambiato liberamente.<\/p>\n<p style=\"font-weight: 400;\">Nota: Se una disabilit\u00e0 fisica o un dolore acuto impediscono di sedersi dritti o senza supporto, si pu\u00f2 meditare nella posizione pi\u00f9 adatta o confortevole (ad esempio, sdraiati).<\/p>\n<p style=\"font-weight: 400;\">\n<p style=\"font-weight: 400;\"><strong>Q8. Devo rivolgere il viso verso una direzione particolare, come Est o Ovest?<\/strong><\/p>\n<p style=\"font-weight: 400;\"><strong>Ans: (Risposta)<\/strong> No, non \u00e8 necessario rivolgersi verso una direzione specifica. Puoi sederti rivolto verso qualsiasi direzione. La grazia di Gurudev \u00e8 presente ovunque.<\/p>\n<p style=\"font-weight: 400;\">\n<p style=\"font-weight: 400;\"><strong>Q9. \u00c8 necessario meditare in un luogo silenzioso o isolato?<\/strong><\/p>\n<p style=\"font-weight: 400;\"><strong>Ans: (Risposta)<\/strong> Un luogo tranquillo \u00e8 preferibile ma non obbligatorio. Con la pratica regolare, sarai in grado di meditare ovunque. I principianti spesso trovano difficile concentrarsi in luoghi rumorosi. Persone che parlano ad alta voce, traffico, clacson, TV o radio ad alto volume, lavori di costruzione, pioggia sul tetto, ticchettio dell\u2019orologio, vento forte, ecc., possono facilmente disturbare un principiante. Tuttavia, bisogna continuare la meditazione con pazienza. Con la pratica costante, i rumori esterni non disturberanno pi\u00f9 e potrai meditare in qualsiasi situazione.<\/p>\n<p style=\"font-weight: 400;\">\n<p style=\"font-weight: 400;\"><strong>Q10. Posso partecipare alla meditazione di gruppo con altri discepoli?<\/strong><\/p>\n<p style=\"font-weight: 400;\"><strong>Ans: (Risposta)<\/strong> S\u00ec. Durante la meditazione di gruppo, assicurati di lasciare spazio intorno a te per consentire le kriya yogiche involontarie. La meditazione di gruppo \u00e8 positiva perch\u00e9 permette ai partecipanti di condividere le proprie esperienze, rafforzando fede ed entusiasmo nella pratica spirituale.<\/p>\n<p style=\"font-weight: 400;\">\n<p style=\"font-weight: 400;\"><strong>Q11. Qual \u00e8 l\u2019et\u00e0 appropriata per iniziare la pratica del GSY?<\/strong><\/p>\n<p style=\"font-weight: 400;\"><strong>Ans: (Risposta)<\/strong> Non esiste un\u2019et\u00e0 specifica. Quando un bambino \u00e8 in grado di comprendere il metodo di meditazione e la pronuncia del mantra, pu\u00f2 iniziare la pratica del GSY. Bambini, giovani, adulti e anziani possono tutti praticare.<\/p>\n<p style=\"font-weight: 400;\">\n<p style=\"font-weight: 400;\"><strong>Q12. Devo vestirmi in modo particolare per meditare?<\/strong><\/p>\n<p style=\"font-weight: 400;\"><strong>Ans: (Risposta)<\/strong> No, puoi indossare qualsiasi abbigliamento che ti risulti comodo per la meditazione.<\/p>\n<p style=\"font-weight: 400;\">\n<p style=\"font-weight: 400;\"><strong>Q13. Se sono dipendente da alcol, fumo, droghe o determinati alimenti come la carne, \u00bfdevo abbandonare queste abitudini prima di iniziare il GSY?<\/strong><\/p>\n<p style=\"font-weight: 400;\"><strong>Ans: (Risposta)<\/strong> No, non \u00e8 necessario abbandonare alcuna abitudine per iniziare la pratica. La Kundalini Shakti divina risvegliata attraverso il GSY conosce i segreti pi\u00f9 profondi del tuo corpo, ci\u00f2 di cui ha realmente bisogno e ci\u00f2 che \u00e8 dannoso. Con la meditazione regolare, la Kundalini attiva porta un cambiamento positivo nelle tue vritti (tendenze), e le abitudini dannose per la salute si abbandonano spontaneamente, senza uno sforzo volontario da parte tua.<\/p>\n<p style=\"font-weight: 400;\">\n<p style=\"font-weight: 400;\"><strong>Q14. \u00bfLa Mantra Diksha (iniziazione) del GSY \u00e8 a pagamento? \u00c8 necessaria una registrazione preventiva?<\/strong><\/p>\n<p style=\"font-weight: 400;\"><strong>Ans: (Risposta)<\/strong> La Mantra Diksha del GSY \u00e8 completamente gratuita. Non \u00e8 richiesta alcuna registrazione preventiva per ricevere la Diksha.<\/p>\n<p style=\"font-weight: 400;\">\n<p style=\"font-weight: 400;\"><strong>Q15. Il GSY \u00e8 aperto solo ai seguaci di una determinata religione?<\/strong><\/p>\n<p style=\"font-weight: 400;\"><strong>Ans: (Risposta)<\/strong> alcuna discriminazione. Il GSY appartiene all\u2019intera umanit\u00e0.<\/p>\n<p style=\"font-weight: 400;\">\n<p style=\"font-weight: 400;\"><strong>Q16. Ci sono effetti collaterali o conseguenze negative nella pratica del GSY?<\/strong><\/p>\n<p style=\"font-weight: 400;\"><strong>Ans: (Risposta)<\/strong> Assolutamente no. Nel GSY, Guru Siyag risveglia la Kundalini del discepolo, conosciuta come la Madre dell\u2019Universo. Cos\u00ec come una madre non danneggia il proprio figlio, la Kundalini non permetter\u00e0 mai che accada alcun danno ai discepoli di Guru Siyag.<\/p>\n<p style=\"font-weight: 400;\">\n<p style=\"font-weight: 400;\"><strong>Q17. \u00bfCome posso sapere con certezza che la mia Kundalini \u00e8 risvegliata?<\/strong><\/p>\n<p style=\"font-weight: 400;\"><strong>Ans: (Risposta)<\/strong> Quando la Kundalini \u00e8 risvegliata, sentirai la sua presenza divina nel tuo corpo. Durante la meditazione sperimenterai spontaneamente posture yogiche e kriya, senza alcuno sforzo. Potresti vedere una luce divina o avere visioni di eventi passati o futuri. Noterai anche cambiamenti positivi nel tuo atteggiamento, comportamento e personalit\u00e0. Questi sono chiari segni del risveglio della Kundalini. Potrebbero manifestarsi anche cambiamenti pi\u00f9 sottili nel tempo. Tuttavia, il praticante non dovrebbe preoccuparsi di osservare segni specifici, ma concentrarsi con sincerit\u00e0 e dedizione sulla pratica.<\/p>\n<p style=\"font-weight: 400;\">\n<p style=\"font-weight: 400;\"><strong>Q18. Che stile di vita devo adottare per praticare il GSY?<\/strong><\/p>\n<p style=\"font-weight: 400;\"><strong>Ans: (Risposta)<\/strong> Non \u00e8 necessario adottare uno stile di vita particolare o cambiare la propria routine. Sei libero di vivere come prima.<\/p>\n<p style=\"font-weight: 400;\">\n<p style=\"font-weight: 400;\"><strong>Q19. Quali esercizi yogici devo praticare in questo sistema?<\/strong><\/p>\n<p style=\"font-weight: 400;\"><strong>Ans: (Risposta)<\/strong> Non devi praticare alcun esercizio yogico specifico. Le posture o i movimenti necessari saranno indotti spontaneamente dalla Kundalini risvegliata, senza sforzo da parte del praticante.<\/p>\n<p style=\"font-weight: 400;\">\n<p style=\"font-weight: 400;\"><strong>Q20. Esiste un codice di abbigliamento per partecipare al programma di Diksha di Gurudev?<\/strong><\/p>\n<p style=\"font-weight: 400;\"><strong>Ans: (Risposta)<\/strong> No, non esiste alcun codice di abbigliamento. Puoi indossare ci\u00f2 che preferisci.<\/p>\n<p style=\"font-weight: 400;\">\n<p style=\"font-weight: 400;\"><strong>Q21. \u00c8 necessario leggere o studiare lo Yoga o il GSY prima di ricevere la Diksha?<\/strong><\/p>\n<p style=\"font-weight: 400;\"><strong>Ans: (Risposta)<\/strong> No, non \u00e8 richiesta alcuna conoscenza preliminare. Cos\u00ec come il sole, il vento e la pioggia favoriscono tutti \u2014 sia una persona analfabeta sia uno scienziato \u2014 senza discriminazione, allo stesso modo il Guru Siyag Yoga beneficia tutti anche senza conoscenze pregresse.<\/p>\n<p style=\"font-weight: 400;\">\n<p style=\"font-weight: 400;\"><strong>Q22. Posso consigliare il Guru Siyag Yoga ad altri? Questo testo \u00e8 protetto da Copyright?<\/strong><\/p>\n<p style=\"font-weight: 400;\"><strong>Ans: (Risposta)<\/strong> Puoi raccomandare il GSY ad altri. Sei libero di promuovere il sistema yoga di Gurudev a tue spese e con le tue risorse, in india e all\u2019estero. Non \u00e8 necessario richiedere un\u2019autorizzazione preventiva. Gurudev diffonde questa conoscenza divina gratuitamente, e anche altri possono farlo.<\/p>\n","protected":false},"excerpt":{"rendered":"<p>Q1. Esiste un momento particolare o pi\u00f9 adatto per praticare la meditazione GSY? Ans: (Risposta) No, puoi meditare quando ti \u00e8 pi\u00f9 comodo. Tuttavia, Gurudev consiglia ai discepoli di meditare almeno una volta al mattino e una alla sera. Q2. Quanto tempo dovrei meditare? Esiste un limite di tempo specifico per la meditazione? Ans: (Risposta) Guru Siyag consiglia ai principianti una meditazione di 15 minuti. La durata pu\u00f2 essere aumentata fino a 30 minuti durante l\u2019inverno o nei climi pi\u00f9 freschi. La Kundalini \u00e8 una forma di energia molto potente e genera calore nel corpo durante la pratica. L\u2019aumento del calore corporeo non causa disagio in inverno come potrebbe invece accadere in estate. Q3. Quante volte al giorno dovrei meditare? Ans: (Risposta) Gurudev consiglia di meditare almeno due volte al giorno \u2014 al mattino e alla sera. Se vivi in un clima freddo, puoi meditare quattro o cinque volte al giorno ed estendere la durata fino a 30 minuti. Q4. Devo impostare una sveglia per il tempo desiderato prima di iniziare a meditare? Ans: (Risposta) Non \u00e8 necessario impostare una sveglia, a meno che tu non lo ritenga utile. Prima di iniziare la meditazione, tutto ci\u00f2 che devi fare \u00e8 pregare Gurudev chiedendogli di aiutarti a meditare per la durata desiderata (15, 20 o 30 minuti). Cos\u00ec facendo, uscirai dallo stato meditativo esattamente al tempo stabilito. Tuttavia, se occasionalmente la meditazione si interrompe prima del tempo previsto o si prolunga oltre il limite, non preoccuparti. Con il progresso sul cammino spirituale, la tua routine di meditazione diventer\u00e0 regolare come un orologio. Q5. Posso interrompere la meditazione se devo occuparmi di qualcosa di urgente? Ans: (Risposta) S\u00ec, puoi farlo. In tal caso, riprendi la meditazione dopo aver completato ci\u00f2 che dovevi fare. Q6. Posso meditare subito dopo aver mangiato? Potrebbe causarmi qualche problema? Ans: (Risposta) Evita di meditare immediatamente dopo aver mangiato. Non \u00e8 consigliabile meditare a stomaco pieno. \u00c8 meglio meditare 3 o 4 ore dopo un pasto. Se mediti a stomaco pieno e sperimenti pranayama (movimenti del respiro) o shirshasan (posizione sulla testa), potresti avvertire nausea. Q7. Devo predisporre una posizione particolare per praticare la meditazione GSY? Ans: (Risposta) No, non esiste una posizione obbligatoria per la meditazione GSY. Sedersi a gambe incrociate sul pavimento \u00e8 consigliato ma non obbligatorio. Si pu\u00f2 sedere direttamente sul pavimento o su un tappetino, senza restrizioni. \u00c8 anche possibile sedersi su una sedia, divano o letto, secondo comodit\u00e0. Per un principiante (nuovo al GSY e non alla spiritualit\u00e0 in generale) non \u00e8 consigliabile appoggiarsi al muro o ad altri supporti, n\u00e9 sdraiarsi durante la meditazione. Il corpo del praticante deve essere libero di sperimentare posture yogiche e kriya durante la meditazione. Ad esempio, inclinarsi in avanti o indietro \u00e8 comune, e un supporto per la schiena potrebbe impedire questa kriya. Il praticante potrebbe avvertire pesantezza alla testa se la kriya viene ostacolata. Per questo motivo, durante le sessioni di gruppo si chiede di mantenere una certa distanza tra i partecipanti per consentire movimenti liberi. Il luogo della meditazione pu\u00f2 essere cambiato liberamente. Nota: Se una disabilit\u00e0 fisica o un dolore acuto impediscono di sedersi dritti o senza supporto, si pu\u00f2 meditare nella posizione pi\u00f9 adatta o confortevole (ad esempio, sdraiati). Q8. Devo rivolgere il viso verso una direzione particolare, come Est o Ovest? Ans: (Risposta) No, non \u00e8 necessario rivolgersi verso una direzione specifica. Puoi sederti rivolto verso qualsiasi direzione. La grazia di Gurudev \u00e8 presente ovunque. Q9. \u00c8 necessario meditare in un luogo silenzioso o isolato? Ans: (Risposta) Un luogo tranquillo \u00e8 preferibile ma non obbligatorio. Con la pratica regolare, sarai in grado di meditare ovunque. I principianti spesso trovano difficile concentrarsi in luoghi rumorosi. Persone che parlano ad alta voce, traffico, clacson, TV o radio ad alto volume, lavori di costruzione, pioggia sul tetto, ticchettio dell\u2019orologio, vento forte, ecc., possono facilmente disturbare un principiante. Tuttavia, bisogna continuare la meditazione con pazienza. Con la pratica costante, i rumori esterni non disturberanno pi\u00f9 e potrai meditare in qualsiasi situazione. Q10. Posso partecipare alla meditazione di gruppo con altri discepoli? Ans: (Risposta) S\u00ec. Durante la meditazione di gruppo, assicurati di lasciare spazio intorno a te per consentire le kriya yogiche involontarie. La meditazione di gruppo \u00e8 positiva perch\u00e9 permette ai partecipanti di condividere le proprie esperienze, rafforzando fede ed entusiasmo nella pratica spirituale. Q11. Qual \u00e8 l\u2019et\u00e0 appropriata per iniziare la pratica del GSY? Ans: (Risposta) Non esiste un\u2019et\u00e0 specifica. Quando un bambino \u00e8 in grado di comprendere il metodo di meditazione e la pronuncia del mantra, pu\u00f2 iniziare la pratica del GSY. Bambini, giovani, adulti e anziani possono tutti praticare. Q12. Devo vestirmi in modo particolare per meditare? Ans: (Risposta) No, puoi indossare qualsiasi abbigliamento che ti risulti comodo per la meditazione. Q13. Se sono dipendente da alcol, fumo, droghe o determinati alimenti come la carne, \u00bfdevo abbandonare queste abitudini prima di iniziare il GSY? Ans: (Risposta) No, non \u00e8 necessario abbandonare alcuna abitudine per iniziare la pratica. La Kundalini Shakti divina risvegliata attraverso il GSY conosce i segreti pi\u00f9 profondi del tuo corpo, ci\u00f2 di cui ha realmente bisogno e ci\u00f2 che \u00e8 dannoso. Con la meditazione regolare, la Kundalini attiva porta un cambiamento positivo nelle tue vritti (tendenze), e le abitudini dannose per la salute si abbandonano spontaneamente, senza uno sforzo volontario da parte tua. Q14. \u00bfLa Mantra Diksha (iniziazione) del GSY \u00e8 a pagamento? \u00c8 necessaria una registrazione preventiva? Ans: (Risposta) La Mantra Diksha del GSY \u00e8 completamente gratuita. Non \u00e8 richiesta alcuna registrazione preventiva per ricevere la Diksha. Q15. Il GSY \u00e8 aperto solo ai seguaci di una determinata religione? Ans: (Risposta) alcuna discriminazione. Il GSY appartiene all\u2019intera umanit\u00e0. Q16. Ci sono effetti collaterali o conseguenze negative nella pratica del GSY? Ans: (Risposta) Assolutamente no. Nel GSY, Guru Siyag risveglia la Kundalini del discepolo, conosciuta come la Madre dell\u2019Universo. Cos\u00ec come una madre non danneggia il proprio figlio, la Kundalini non permetter\u00e0 mai che accada alcun danno ai discepoli di Guru Siyag. Q17. \u00bfCome posso sapere con certezza che [&hellip;]<\/p>\n","protected":false},"author":2,"featured_media":0,"parent":0,"menu_order":0,"comment_status":"closed","ping_status":"closed","template":"","meta":{"footnotes":""},"class_list":["post-433","page","type-page","status-publish","hentry"],"aioseo_notices":[],"ams_acf":[],"_links":{"self":[{"href":"https:\/\/gurusiyagyoga.org\/it\/wp-json\/wp\/v2\/pages\/433","targetHints":{"allow":["GET"]}}],"collection":[{"href":"https:\/\/gurusiyagyoga.org\/it\/wp-json\/wp\/v2\/pages"}],"about":[{"href":"https:\/\/gurusiyagyoga.org\/it\/wp-json\/wp\/v2\/types\/page"}],"author":[{"embeddable":true,"href":"https:\/\/gurusiyagyoga.org\/it\/wp-json\/wp\/v2\/users\/2"}],"replies":[{"embeddable":true,"href":"https:\/\/gurusiyagyoga.org\/it\/wp-json\/wp\/v2\/comments?post=433"}],"version-history":[{"count":2,"href":"https:\/\/gurusiyagyoga.org\/it\/wp-json\/wp\/v2\/pages\/433\/revisions"}],"predecessor-version":[{"id":485,"href":"https:\/\/gurusiyagyoga.org\/it\/wp-json\/wp\/v2\/pages\/433\/revisions\/485"}],"wp:attachment":[{"href":"https:\/\/gurusiyagyoga.org\/it\/wp-json\/wp\/v2\/media?parent=433"}],"curies":[{"name":"wp","href":"https:\/\/api.w.org\/{rel}","templated":true}]}}