{"id":453,"date":"2026-01-29T12:23:41","date_gmt":"2026-01-29T06:53:41","guid":{"rendered":"https:\/\/gurusiyagyoga.org\/it\/?page_id=453"},"modified":"2026-02-14T22:36:39","modified_gmt":"2026-02-14T17:06:39","slug":"nad","status":"publish","type":"page","link":"https:\/\/gurusiyagyoga.org\/it\/nad\/","title":{"rendered":"6.6 Anahat Nada"},"content":{"rendered":"<ul>\n<li>Nad, nel senso comune, significa suono di qualsiasi tipo. Si crea quando un oggetto tocca, colpisce, sfiora o urta un altro oggetto. Il tuono nel cielo, il fruscio del vento, il cinguettio degli uccelli, le melodie strumentali o vocali, il ronzio delle macchine e molti altri suoni naturali o artificiali rientrano in questa categoria di suoni fisici.<\/li>\n<li>Il termine Nad, tuttavia, ha un significato diverso e particolare nella letteratura e nella pratica yogica. In senso spirituale, Nad \u00e8 un suono non percosso \u2014 un suono che non \u00e8 stato creato dallo sfregamento o dall\u2019urto tra oggetti. \u00c8 un suono incessante che pervade l\u2019intero universo. Secondo antiche scritture come i Veda e le Upanishad, \u00e8 proprio da questo suono Anahat (eterno \/ senza fine) che l\u2019intero universo ha avuto origine. Si dice infatti che il Nad sia la manifestazione dell\u2019Assoluto divino stesso sotto forma di suono, \u201cOm\u201d. \u00c8 questo suono divino che collega il ricercatore ai piani superiori della coscienza.<\/li>\n<li>Molti praticanti dello Yoga di Guru Siyag, dopo aver sperimentato lo stadio dell\u2019Ajapa Japa (recitazione involontaria), iniziano a percepire un particolare suono continuo in uno degli orecchi. Questo suono pu\u00f2 assomigliare a una delle innumerevoli variet\u00e0 di suoni naturali o artificiali. Alcuni dei suoni pi\u00f9 comunemente sperimentati sono: il frinire dei grilli, il ronzio delle api, le note di un flauto, il suono della Veena (strumento musicale indiano a corde), il rintocco delle campane, il tintinnio dei cembali, ecc. Il suono che il praticante percepisce \u00e8 chiamato Anahat Nad (suono eterno).<\/li>\n<li>Sebbene questo Nad assomigli ai suoni comunemente uditi nel mondo fisico, in realt\u00e0 \u00e8 una versione sottile del suono divino che il mantra dato da Gurudev rappresenta (Vaikhari Vani, ovvero la parola articolata, \u00e8 la forma pi\u00f9 grossolana dell\u2019energia sonora divina). Il praticante quindi non \u201csente\u201d il Nad nel senso ordinario, ma ne diventa consapevole o lo percepisce interiormente.<\/li>\n<li>Poich\u00e9 il Nad \u00e8 una forma pi\u00f9 sottile del mantra di Gurudev, e poich\u00e9 il ricercatore aspira sempre ad ascendere a piani di coscienza pi\u00f9 sottili, il praticante deve interrompere la recitazione quando l\u2019Anahat Nad inizia. Prima di smettere di recitare, \u00e8 importante assicurarsi che il Nad sia effettivamente continuo e non un\u2019esperienza breve. Ascoltate attentamente il suono per un paio di giorni. Se l\u2019intensit\u00e0 cresce e pu\u00f2 essere percepita anche in un ambiente rumoroso, allora sappiate che ci\u00f2 che percepite \u00e8 l\u2019Anahat Nad.<\/li>\n<li>Gurudev consiglia ai discepoli di ascoltare questo Nad con intensa attenzione il pi\u00f9 possibile. Ascoltandolo con concentrazione per lunghi periodi, la mente instabile del praticante si accorda con il suono divino e alla fine diventa una cosa sola con esso. Durante la meditazione, il corpo umano funge da mezzo per ricevere e sperimentare vibrazioni provenienti da piani sottili che vanno ben oltre il nostro mondo fisico. Pertanto, il Nad che il ricercatore percepisce non \u00e8 un suono fisico, ma un suono sottile che emana dalla sua fonte divina originaria.<\/li>\n<li>L\u2019importanza del Nad si comprende nel contesto della chiara spiegazione di Gurudev su come l\u2019evoluzione spirituale dell\u2019individuo sia direttamente collegata alla discesa del divino nella materia quando l\u2019universo fu creato attraverso \u201cOm\u201d, il suono non percosso. La creazione dell\u2019universo fisico avvenne in cinque stadi successivi, quando Om, il divino stesso, discese da Akash (cielo\/etere), il piano pi\u00f9 elevato, attraverso Vayu (aria), Agni (fuoco) e Jal (acqua), fino a Prithvi (terra). Ognuno di questi cinque elementi rappresenta una forma pi\u00f9 grossolana del divino rispetto al precedente. Prithvi rappresenta la forma pi\u00f9 densa della materia, dove il divino si stabilisce e assume innumerevoli forme \u2014 dall\u2019essere umano fino ai pi\u00f9 piccoli insetti e microbi.<\/li>\n<li>Dietro ogni elemento naturale esiste un elemento sottile chiamato Tanmatra. Queste Tanmatra danno origine ai nostri cinque sensi fisici. Cos\u00ec, il cielo ha Shabd (suono\/parola divina) come elemento sottile; l\u2019aria ha Sparsh (tatto); il fuoco ha la percezione visiva (vista); l\u2019acqua ha Swad (gusto); e la terra ha Gandh (olfatto). Questi sensi fisici ci legano al piano materiale, a causa del quale dimentichiamo la nostra vera natura divina e rimaniamo intrappolati nell\u2019illusione di gioie e dolori.<\/li>\n<li>Possiamo uscire da questa trappola, afferma Gurudev, invertendo il processo della discesa del divino nella materia. Quando pratichiamo la meditazione con il mantra, la nostra Kundalini risvegliata ci aiuta a elevarci nella coscienza, superando ciascun elemento insieme al relativo senso fisico, fino a raggiungere l\u2019apice dell\u2019evoluzione spirituale nel Sahasrara.<\/li>\n<li>Il Nad \u00e8 dunque il suono divino dal quale siamo discesi, ed \u00e8 a questo suono divino che ritorniamo \u2014 alla nostra dimora originaria.<\/li>\n<\/ul>\n","protected":false},"excerpt":{"rendered":"<p>Nad, nel senso comune, significa suono di qualsiasi tipo. Si crea quando un oggetto tocca, colpisce, sfiora o urta un altro oggetto. Il tuono nel cielo, il fruscio del vento, il cinguettio degli uccelli, le melodie strumentali o vocali, il ronzio delle macchine e molti altri suoni naturali o artificiali rientrano in questa categoria di suoni fisici. Il termine Nad, tuttavia, ha un significato diverso e particolare nella letteratura e nella pratica yogica. In senso spirituale, Nad \u00e8 un suono non percosso \u2014 un suono che non \u00e8 stato creato dallo sfregamento o dall\u2019urto tra oggetti. \u00c8 un suono incessante che pervade l\u2019intero universo. Secondo antiche scritture come i Veda e le Upanishad, \u00e8 proprio da questo suono Anahat (eterno \/ senza fine) che l\u2019intero universo ha avuto origine. Si dice infatti che il Nad sia la manifestazione dell\u2019Assoluto divino stesso sotto forma di suono, \u201cOm\u201d. \u00c8 questo suono divino che collega il ricercatore ai piani superiori della coscienza. Molti praticanti dello Yoga di Guru Siyag, dopo aver sperimentato lo stadio dell\u2019Ajapa Japa (recitazione involontaria), iniziano a percepire un particolare suono continuo in uno degli orecchi. Questo suono pu\u00f2 assomigliare a una delle innumerevoli variet\u00e0 di suoni naturali o artificiali. Alcuni dei suoni pi\u00f9 comunemente sperimentati sono: il frinire dei grilli, il ronzio delle api, le note di un flauto, il suono della Veena (strumento musicale indiano a corde), il rintocco delle campane, il tintinnio dei cembali, ecc. Il suono che il praticante percepisce \u00e8 chiamato Anahat Nad (suono eterno). Sebbene questo Nad assomigli ai suoni comunemente uditi nel mondo fisico, in realt\u00e0 \u00e8 una versione sottile del suono divino che il mantra dato da Gurudev rappresenta (Vaikhari Vani, ovvero la parola articolata, \u00e8 la forma pi\u00f9 grossolana dell\u2019energia sonora divina). Il praticante quindi non \u201csente\u201d il Nad nel senso ordinario, ma ne diventa consapevole o lo percepisce interiormente. Poich\u00e9 il Nad \u00e8 una forma pi\u00f9 sottile del mantra di Gurudev, e poich\u00e9 il ricercatore aspira sempre ad ascendere a piani di coscienza pi\u00f9 sottili, il praticante deve interrompere la recitazione quando l\u2019Anahat Nad inizia. Prima di smettere di recitare, \u00e8 importante assicurarsi che il Nad sia effettivamente continuo e non un\u2019esperienza breve. Ascoltate attentamente il suono per un paio di giorni. Se l\u2019intensit\u00e0 cresce e pu\u00f2 essere percepita anche in un ambiente rumoroso, allora sappiate che ci\u00f2 che percepite \u00e8 l\u2019Anahat Nad. Gurudev consiglia ai discepoli di ascoltare questo Nad con intensa attenzione il pi\u00f9 possibile. Ascoltandolo con concentrazione per lunghi periodi, la mente instabile del praticante si accorda con il suono divino e alla fine diventa una cosa sola con esso. Durante la meditazione, il corpo umano funge da mezzo per ricevere e sperimentare vibrazioni provenienti da piani sottili che vanno ben oltre il nostro mondo fisico. Pertanto, il Nad che il ricercatore percepisce non \u00e8 un suono fisico, ma un suono sottile che emana dalla sua fonte divina originaria. L\u2019importanza del Nad si comprende nel contesto della chiara spiegazione di Gurudev su come l\u2019evoluzione spirituale dell\u2019individuo sia direttamente collegata alla discesa del divino nella materia quando l\u2019universo fu creato attraverso \u201cOm\u201d, il suono non percosso. La creazione dell\u2019universo fisico avvenne in cinque stadi successivi, quando Om, il divino stesso, discese da Akash (cielo\/etere), il piano pi\u00f9 elevato, attraverso Vayu (aria), Agni (fuoco) e Jal (acqua), fino a Prithvi (terra). Ognuno di questi cinque elementi rappresenta una forma pi\u00f9 grossolana del divino rispetto al precedente. Prithvi rappresenta la forma pi\u00f9 densa della materia, dove il divino si stabilisce e assume innumerevoli forme \u2014 dall\u2019essere umano fino ai pi\u00f9 piccoli insetti e microbi. Dietro ogni elemento naturale esiste un elemento sottile chiamato Tanmatra. Queste Tanmatra danno origine ai nostri cinque sensi fisici. Cos\u00ec, il cielo ha Shabd (suono\/parola divina) come elemento sottile; l\u2019aria ha Sparsh (tatto); il fuoco ha la percezione visiva (vista); l\u2019acqua ha Swad (gusto); e la terra ha Gandh (olfatto). Questi sensi fisici ci legano al piano materiale, a causa del quale dimentichiamo la nostra vera natura divina e rimaniamo intrappolati nell\u2019illusione di gioie e dolori. Possiamo uscire da questa trappola, afferma Gurudev, invertendo il processo della discesa del divino nella materia. Quando pratichiamo la meditazione con il mantra, la nostra Kundalini risvegliata ci aiuta a elevarci nella coscienza, superando ciascun elemento insieme al relativo senso fisico, fino a raggiungere l\u2019apice dell\u2019evoluzione spirituale nel Sahasrara. Il Nad \u00e8 dunque il suono divino dal quale siamo discesi, ed \u00e8 a questo suono divino che ritorniamo \u2014 alla nostra dimora originaria.<\/p>\n","protected":false},"author":2,"featured_media":0,"parent":0,"menu_order":0,"comment_status":"closed","ping_status":"closed","template":"","meta":{"footnotes":""},"class_list":["post-453","page","type-page","status-publish","hentry"],"aioseo_notices":[],"ams_acf":[],"_links":{"self":[{"href":"https:\/\/gurusiyagyoga.org\/it\/wp-json\/wp\/v2\/pages\/453","targetHints":{"allow":["GET"]}}],"collection":[{"href":"https:\/\/gurusiyagyoga.org\/it\/wp-json\/wp\/v2\/pages"}],"about":[{"href":"https:\/\/gurusiyagyoga.org\/it\/wp-json\/wp\/v2\/types\/page"}],"author":[{"embeddable":true,"href":"https:\/\/gurusiyagyoga.org\/it\/wp-json\/wp\/v2\/users\/2"}],"replies":[{"embeddable":true,"href":"https:\/\/gurusiyagyoga.org\/it\/wp-json\/wp\/v2\/comments?post=453"}],"version-history":[{"count":2,"href":"https:\/\/gurusiyagyoga.org\/it\/wp-json\/wp\/v2\/pages\/453\/revisions"}],"predecessor-version":[{"id":492,"href":"https:\/\/gurusiyagyoga.org\/it\/wp-json\/wp\/v2\/pages\/453\/revisions\/492"}],"wp:attachment":[{"href":"https:\/\/gurusiyagyoga.org\/it\/wp-json\/wp\/v2\/media?parent=453"}],"curies":[{"name":"wp","href":"https:\/\/api.w.org\/{rel}","templated":true}]}}