{"id":459,"date":"2026-01-29T12:25:13","date_gmt":"2026-01-29T06:55:13","guid":{"rendered":"https:\/\/gurusiyagyoga.org\/it\/?page_id=459"},"modified":"2026-02-14T22:37:57","modified_gmt":"2026-02-14T17:07:57","slug":"khechri","status":"publish","type":"page","link":"https:\/\/gurusiyagyoga.org\/it\/khechri\/","title":{"rendered":"6.8 Khechari Mudra"},"content":{"rendered":"<ul>\n<li>Con le sue stesse parole, Gurudev descrive la Khechari Mudra, ci\u00f2 che essa significa e l\u2019importanza della ripetizione del mantra. Se vi sentite ispirati dalle parole di Gurudev, condividete questo post; vi preghiamo di evitare il copia-incolla. Condividendolo, pi\u00f9 persone saranno attratte verso la nostra pagina:<\/li>\n<\/ul>\n<p style=\"font-weight: 400;\">\n<ul>\n<li>\u201cUn tipo di mudra (gesto spirituale) che i praticanti sperimentano \u00e8 la Khechari Mudra. In questa mudra, la lingua viene tirata all\u2019indietro verso il palato e tocca un punto specifico. Quando tocca questo punto, viene secreta una sostanza simile al nettare.<\/li>\n<li>Gorakshnathji (antico yogi della tradizione Nath) ha chiamato questa sostanza Amrit (Ambrosia \/ Nettare o elisir di vita). In forma poetica, ha descritto la Khechari Mudra come un pozzo rovesciato nella sfera celeste che secerne nettare. Colui che \u00e8 consapevole beve a saziet\u00e0, mentre l\u2019inconsapevole resta assetato. Chi assapora questo Amrit acquisisce la conoscenza della propria immortalit\u00e0. E se \u00e8 Amrit, non si pone pi\u00f9 la questione della rinascita.<\/li>\n<li>\u201cIl santo Kabir ha paragonato il corpo a una brocca di terracotta piena d\u2019acqua. Questa brocca \u00e8 immersa nell\u2019acqua. Quindi c\u2019\u00e8 acqua dentro la brocca e anche fuori. L\u2019argilla della brocca comincia a sgretolarsi poco a poco e presto la brocca si disintegra completamente. Non appena la brocca si rompe, l\u2019acqua dentro e quella fuori diventano una cosa sola. Questa realizzazione dell\u2019\u2018unit\u00e0\u2019 avviene solo con la grazia del Guru. Questo corpo a cui date tanto valore non \u00e8 altro che una brocca destinata a sgretolarsi. Se volete liberarvi dal ciclo di nascita e morte, dovete ripetere il mantra in ogni momento.<\/li>\n<li>\u201cSi dice anche: \u2018Nel Kali Yuga (l\u2019Et\u00e0 della Falsit\u00e0), solo la ripetizione del Nome di Dio pu\u00f2 guidarti verso il Moksha (liberazione).\u2019 Guru Nanak ha detto che l\u2019intossicazione delle droghe svanisce il mattino seguente, ma l\u2019intossicazione della ripetizione del Nome non svanisce mai. Anche il santo Kabir ha detto che l\u2019intossicazione del canto del Nome non si esaurisce; al contrario, la gioia inebriante che dona cresce ogni giorno. Il mantra che vi ho dato vi dar\u00e0 una gioia inebriante. \u00c8 un\u2019ebbrezza senza droghe.\u201d<\/li>\n<\/ul>\n","protected":false},"excerpt":{"rendered":"<p>Con le sue stesse parole, Gurudev descrive la Khechari Mudra, ci\u00f2 che essa significa e l\u2019importanza della ripetizione del mantra. Se vi sentite ispirati dalle parole di Gurudev, condividete questo post; vi preghiamo di evitare il copia-incolla. Condividendolo, pi\u00f9 persone saranno attratte verso la nostra pagina: \u201cUn tipo di mudra (gesto spirituale) che i praticanti sperimentano \u00e8 la Khechari Mudra. In questa mudra, la lingua viene tirata all\u2019indietro verso il palato e tocca un punto specifico. Quando tocca questo punto, viene secreta una sostanza simile al nettare. Gorakshnathji (antico yogi della tradizione Nath) ha chiamato questa sostanza Amrit (Ambrosia \/ Nettare o elisir di vita). In forma poetica, ha descritto la Khechari Mudra come un pozzo rovesciato nella sfera celeste che secerne nettare. Colui che \u00e8 consapevole beve a saziet\u00e0, mentre l\u2019inconsapevole resta assetato. Chi assapora questo Amrit acquisisce la conoscenza della propria immortalit\u00e0. E se \u00e8 Amrit, non si pone pi\u00f9 la questione della rinascita. \u201cIl santo Kabir ha paragonato il corpo a una brocca di terracotta piena d\u2019acqua. Questa brocca \u00e8 immersa nell\u2019acqua. Quindi c\u2019\u00e8 acqua dentro la brocca e anche fuori. L\u2019argilla della brocca comincia a sgretolarsi poco a poco e presto la brocca si disintegra completamente. Non appena la brocca si rompe, l\u2019acqua dentro e quella fuori diventano una cosa sola. Questa realizzazione dell\u2019\u2018unit\u00e0\u2019 avviene solo con la grazia del Guru. Questo corpo a cui date tanto valore non \u00e8 altro che una brocca destinata a sgretolarsi. Se volete liberarvi dal ciclo di nascita e morte, dovete ripetere il mantra in ogni momento. \u201cSi dice anche: \u2018Nel Kali Yuga (l\u2019Et\u00e0 della Falsit\u00e0), solo la ripetizione del Nome di Dio pu\u00f2 guidarti verso il Moksha (liberazione).\u2019 Guru Nanak ha detto che l\u2019intossicazione delle droghe svanisce il mattino seguente, ma l\u2019intossicazione della ripetizione del Nome non svanisce mai. Anche il santo Kabir ha detto che l\u2019intossicazione del canto del Nome non si esaurisce; al contrario, la gioia inebriante che dona cresce ogni giorno. Il mantra che vi ho dato vi dar\u00e0 una gioia inebriante. \u00c8 un\u2019ebbrezza senza droghe.\u201d<\/p>\n","protected":false},"author":2,"featured_media":0,"parent":0,"menu_order":0,"comment_status":"closed","ping_status":"closed","template":"","meta":{"footnotes":""},"class_list":["post-459","page","type-page","status-publish","hentry"],"aioseo_notices":[],"ams_acf":[],"_links":{"self":[{"href":"https:\/\/gurusiyagyoga.org\/it\/wp-json\/wp\/v2\/pages\/459","targetHints":{"allow":["GET"]}}],"collection":[{"href":"https:\/\/gurusiyagyoga.org\/it\/wp-json\/wp\/v2\/pages"}],"about":[{"href":"https:\/\/gurusiyagyoga.org\/it\/wp-json\/wp\/v2\/types\/page"}],"author":[{"embeddable":true,"href":"https:\/\/gurusiyagyoga.org\/it\/wp-json\/wp\/v2\/users\/2"}],"replies":[{"embeddable":true,"href":"https:\/\/gurusiyagyoga.org\/it\/wp-json\/wp\/v2\/comments?post=459"}],"version-history":[{"count":2,"href":"https:\/\/gurusiyagyoga.org\/it\/wp-json\/wp\/v2\/pages\/459\/revisions"}],"predecessor-version":[{"id":494,"href":"https:\/\/gurusiyagyoga.org\/it\/wp-json\/wp\/v2\/pages\/459\/revisions\/494"}],"wp:attachment":[{"href":"https:\/\/gurusiyagyoga.org\/it\/wp-json\/wp\/v2\/media?parent=459"}],"curies":[{"name":"wp","href":"https:\/\/api.w.org\/{rel}","templated":true}]}}