{"id":462,"date":"2026-01-29T12:25:44","date_gmt":"2026-01-29T06:55:44","guid":{"rendered":"https:\/\/gurusiyagyoga.org\/it\/?page_id=462"},"modified":"2026-02-14T22:38:48","modified_gmt":"2026-02-14T17:08:48","slug":"siddhis","status":"publish","type":"page","link":"https:\/\/gurusiyagyoga.org\/it\/siddhis\/","title":{"rendered":"6.9 Siddhi (Potere Divino)"},"content":{"rendered":"<ul>\n<li>Nel suo trattato Yoga Sutra, nel capitolo Vibhuti Pada, il saggio Patanjali ha elencato in dettaglio varie Siddhi che un praticante spirituale pu\u00f2 conseguire se riesce a superare determinate soglie fondamentali della sua Sadhana (pratica spirituale).<\/li>\n<li>Le Siddhi sono comunemente chiamate \u201cpoteri speciali\u201d, ma questa \u00e8 solo una comprensione parziale del termine. Nel senso yogico puro, Siddhi significa conoscenza intuitiva. Quando un Sadhak (ricercatore spirituale) evolve nella sua pratica, pu\u00f2 essere benedetto con una Siddhi. Ogni Siddhi conferisce al praticante una particolare capacit\u00e0 di compiere azioni che sembrano sfidare le leggi conosciute del nostro mondo fisico. Siddhi come la capacit\u00e0 di rimpicciolire o ingrandire il proprio corpo, udire suoni lontani, materializzare oggetti dal nulla, camminare sull\u2019acqua o trasformarsi in qualsiasi forma, sembrano imprese degne di racconti fantastici. Tuttavia, questi poteri non devono essere intesi solo nel senso convenzionale. Una Siddhi non significa avere potere o vantaggio sugli altri, n\u00e9 manipolare o controllare la vita altrui (come nel caso della magia nera).<\/li>\n<li>Man mano che il Sadhak pratica la ripetizione del mantra e la meditazione, la sua coscienza cresce ed egli diventa sempre pi\u00f9 consapevole del suo vero S\u00e9. Questa evoluzione porta alla rivelazione di capacit\u00e0 latenti. Non \u00e8 che questi poteri compaiano improvvisamente per caso; erano sempre presenti, ma si diventa consapevoli di essi man mano che la coscienza si espande. Quando il Sadhak comprende chiaramente di non essere limitato dal tempo e dallo spazio (e quindi dai limiti terreni), nuove possibilit\u00e0 e capacit\u00e0 emergono. La Madre, compagna spirituale di Sri Aurobindo, ha persino affermato che invenzioni moderne come aerei, telefoni, automobili ecc. sono il risultato della repressione dei poteri innati dell\u2019uomo. Se l\u2019uomo realizzasse queste capacit\u00e0 apparentemente \u201csovrumane\u201d, tali strumenti non sarebbero pi\u00f9 necessari.<\/li>\n<li>Tuttavia, la realizzazione delle Siddhi non deve essere l\u2019obiettivo del Sadhak. Non sono la meta, ma solo segnali lungo il cammino. Quando ottengono le Siddhi, alcuni ricercatori si riempiono di orgoglio e iniziano erroneamente a credersi padroni di un determinato potere, ostentandolo. Questa illusione conduce alla caduta, perch\u00e9 li rende preda dell\u2019ego e delle sue costruzioni dualistiche, allontanandoli dalla vera meta: il Moksha. Ci\u00f2 non significa che le Siddhi siano malvagie o debbano essere rifiutate quando si manifestano. Devono piuttosto essere considerate una naturale progressione della Sadhana e viste come atti di grazia divina. Per evitare di cadere nella tentazione delle Siddhi, dice Guru Siyag, il praticante deve trattarle con rispetto distaccato. Inoltre, il Sadhak dovrebbe usare le Siddhi come strumenti per trascendere l\u2019ego e i suoi attaccamenti.<\/li>\n<li>Spiegando ulteriormente, Guru Siyag fa riferimento a una Siddhi chiamata Pratibha Gyana (chiaroveggenza): la capacit\u00e0 di vedere e udire il passato e il futuro illimitati:<\/li>\n<li>\u201cAttraverso il conseguimento della Pratibha Gyana, il praticante, durante la meditazione o nello stato di Samadhi, \u00e8 in grado di vedere e udire eventi del passato e del futuro senza limiti. Pu\u00f2 vedere e sentire attraverso il terzo occhio. Solo quando il terzo occhio, noto anche come la decima porta, si apre, lo yoga e la meditazione possono realmente avvenire. Nulla pu\u00f2 accadere senza di esso. Anche la scienza accetta che quando un suono viene emesso, non viene mai distrutto. Esiste nell\u2019universo; occorre solo lo strumento adatto per captarne la vibrazione. La filosofia yogica afferma che, se esiste la parola e il suo suono, deve esistere anche colui che ha prodotto quel suono. Lo yoga dice che \u00e8 possibile vedere e sentire questo oratore parlare. Cos\u00ec come le scene di una partita di cricket vengono riproposte in televisione, allo stesso modo le scene del passato vengono riprodotte al praticante durante la meditazione. Ci\u00f2 che \u00e8 stato fatto \u00e8 fatto; per esempio, ci\u00f2 che \u00e8 accaduto nel \u2018Mahabharata\u2019 non pu\u00f2 essere annullato. Ma il praticante pu\u00f2 sapere con certezza ci\u00f2 che accadr\u00e0 in futuro.<\/li>\n<li>\u201cUna volta ottenuta la Pratibha Gyana, potrete prevedere la morte di molte persone che conoscete, e moriranno esattamente nel modo in cui l\u2019avete visto nella vostra visione. Se una sola persona muore come avete visto, potreste pensare a una coincidenza. Ma quando molte muoiono nel modo rivelato nella vostra visione meditativa, vi verr\u00e0 un pensiero: \u2018Non sono immortale, morir\u00f2 anch\u2019io.\u2019 Allora vedrete come morirete e l\u2019et\u00e0 approssimativa in cui avverr\u00e0 la morte. Chi nasce deve morire \u2014 a 20, 30, 50 o 100 anni. Sapete che la morte \u00e8 inevitabile; non c\u2019\u00e8 modo di evitarla. Allora perch\u00e9 temerla? M\u0101y\u0101 (l\u2019illusione della dualit\u00e0) ha reso la morte cos\u00ec spaventosa che nessuno vuole accettarne la realt\u00e0. Ma la morte non risparmia nessuno. Quando vedrete la vostra stessa morte, avrete paura. Finora avete visto solo la morte degli altri e non vi ha toccato molto. Ma quando vedrete la vostra, tutte le vostre azioni, buone e cattive, passeranno davanti ai vostri occhi. Potete nascondere le cose al mondo, ma non potete nascondere la verit\u00e0 a voi stessi. E allora pregherete sinceramente Dio: \u2018Oh Dio, so che sei misericordioso, ho sentito dire che sei molto misericordioso. Ho commesso molti errori, sono stato stolto. Perdonami questa volta; non ripeter\u00f2 pi\u00f9 questo errore.\u2019<\/li>\n<li>\u201cCon tutta la sua concentrazione, il praticante prega Dio. Poi il suo sguardo si rivolge all\u2019interno e realizza che l\u2019intero universo \u00e8 dentro di lui; e se l\u2019universo \u00e8 dentro di lui, allora anche il creatore dell\u2019universo \u00e8 dentro di lui. Egli realizzer\u00e0 il divino dentro di s\u00e9. E realizzare il divino significa liberarsi dal ciclo di nascita e morte. La meditazione e la ripetizione del mantra spezzeranno l\u2019incantesimo che M\u0101y\u0101 ha lanciato su di voi e il mistero della morte vi sar\u00e0 rivelato. E quando ci\u00f2 accadr\u00e0, comincerete a vedere la morte come un dono di Dio per liberarvi dal ciclo di nascita e morte. Allora attenderete la morte e l\u2019accetterete senza alcuna paura.\u201d<\/li>\n<li>In sostanza, Guru Siyag afferma che la Pratibha Gyana pu\u00f2 essere utilizzata per realizzare il S\u00e9. Invece di essere un ostacolo sul cammino della realizzazione, questa Siddhi diventa un gradino verso l\u2019obiettivo del Sadhak.<\/li>\n<\/ul>\n","protected":false},"excerpt":{"rendered":"<p>Nel suo trattato Yoga Sutra, nel capitolo Vibhuti Pada, il saggio Patanjali ha elencato in dettaglio varie Siddhi che un praticante spirituale pu\u00f2 conseguire se riesce a superare determinate soglie fondamentali della sua Sadhana (pratica spirituale). Le Siddhi sono comunemente chiamate \u201cpoteri speciali\u201d, ma questa \u00e8 solo una comprensione parziale del termine. Nel senso yogico puro, Siddhi significa conoscenza intuitiva. Quando un Sadhak (ricercatore spirituale) evolve nella sua pratica, pu\u00f2 essere benedetto con una Siddhi. Ogni Siddhi conferisce al praticante una particolare capacit\u00e0 di compiere azioni che sembrano sfidare le leggi conosciute del nostro mondo fisico. Siddhi come la capacit\u00e0 di rimpicciolire o ingrandire il proprio corpo, udire suoni lontani, materializzare oggetti dal nulla, camminare sull\u2019acqua o trasformarsi in qualsiasi forma, sembrano imprese degne di racconti fantastici. Tuttavia, questi poteri non devono essere intesi solo nel senso convenzionale. Una Siddhi non significa avere potere o vantaggio sugli altri, n\u00e9 manipolare o controllare la vita altrui (come nel caso della magia nera). Man mano che il Sadhak pratica la ripetizione del mantra e la meditazione, la sua coscienza cresce ed egli diventa sempre pi\u00f9 consapevole del suo vero S\u00e9. Questa evoluzione porta alla rivelazione di capacit\u00e0 latenti. Non \u00e8 che questi poteri compaiano improvvisamente per caso; erano sempre presenti, ma si diventa consapevoli di essi man mano che la coscienza si espande. Quando il Sadhak comprende chiaramente di non essere limitato dal tempo e dallo spazio (e quindi dai limiti terreni), nuove possibilit\u00e0 e capacit\u00e0 emergono. La Madre, compagna spirituale di Sri Aurobindo, ha persino affermato che invenzioni moderne come aerei, telefoni, automobili ecc. sono il risultato della repressione dei poteri innati dell\u2019uomo. Se l\u2019uomo realizzasse queste capacit\u00e0 apparentemente \u201csovrumane\u201d, tali strumenti non sarebbero pi\u00f9 necessari. Tuttavia, la realizzazione delle Siddhi non deve essere l\u2019obiettivo del Sadhak. Non sono la meta, ma solo segnali lungo il cammino. Quando ottengono le Siddhi, alcuni ricercatori si riempiono di orgoglio e iniziano erroneamente a credersi padroni di un determinato potere, ostentandolo. Questa illusione conduce alla caduta, perch\u00e9 li rende preda dell\u2019ego e delle sue costruzioni dualistiche, allontanandoli dalla vera meta: il Moksha. Ci\u00f2 non significa che le Siddhi siano malvagie o debbano essere rifiutate quando si manifestano. Devono piuttosto essere considerate una naturale progressione della Sadhana e viste come atti di grazia divina. Per evitare di cadere nella tentazione delle Siddhi, dice Guru Siyag, il praticante deve trattarle con rispetto distaccato. Inoltre, il Sadhak dovrebbe usare le Siddhi come strumenti per trascendere l\u2019ego e i suoi attaccamenti. Spiegando ulteriormente, Guru Siyag fa riferimento a una Siddhi chiamata Pratibha Gyana (chiaroveggenza): la capacit\u00e0 di vedere e udire il passato e il futuro illimitati: \u201cAttraverso il conseguimento della Pratibha Gyana, il praticante, durante la meditazione o nello stato di Samadhi, \u00e8 in grado di vedere e udire eventi del passato e del futuro senza limiti. Pu\u00f2 vedere e sentire attraverso il terzo occhio. Solo quando il terzo occhio, noto anche come la decima porta, si apre, lo yoga e la meditazione possono realmente avvenire. Nulla pu\u00f2 accadere senza di esso. Anche la scienza accetta che quando un suono viene emesso, non viene mai distrutto. Esiste nell\u2019universo; occorre solo lo strumento adatto per captarne la vibrazione. La filosofia yogica afferma che, se esiste la parola e il suo suono, deve esistere anche colui che ha prodotto quel suono. Lo yoga dice che \u00e8 possibile vedere e sentire questo oratore parlare. Cos\u00ec come le scene di una partita di cricket vengono riproposte in televisione, allo stesso modo le scene del passato vengono riprodotte al praticante durante la meditazione. Ci\u00f2 che \u00e8 stato fatto \u00e8 fatto; per esempio, ci\u00f2 che \u00e8 accaduto nel \u2018Mahabharata\u2019 non pu\u00f2 essere annullato. Ma il praticante pu\u00f2 sapere con certezza ci\u00f2 che accadr\u00e0 in futuro. \u201cUna volta ottenuta la Pratibha Gyana, potrete prevedere la morte di molte persone che conoscete, e moriranno esattamente nel modo in cui l\u2019avete visto nella vostra visione. Se una sola persona muore come avete visto, potreste pensare a una coincidenza. Ma quando molte muoiono nel modo rivelato nella vostra visione meditativa, vi verr\u00e0 un pensiero: \u2018Non sono immortale, morir\u00f2 anch\u2019io.\u2019 Allora vedrete come morirete e l\u2019et\u00e0 approssimativa in cui avverr\u00e0 la morte. Chi nasce deve morire \u2014 a 20, 30, 50 o 100 anni. Sapete che la morte \u00e8 inevitabile; non c\u2019\u00e8 modo di evitarla. Allora perch\u00e9 temerla? M\u0101y\u0101 (l\u2019illusione della dualit\u00e0) ha reso la morte cos\u00ec spaventosa che nessuno vuole accettarne la realt\u00e0. Ma la morte non risparmia nessuno. Quando vedrete la vostra stessa morte, avrete paura. Finora avete visto solo la morte degli altri e non vi ha toccato molto. Ma quando vedrete la vostra, tutte le vostre azioni, buone e cattive, passeranno davanti ai vostri occhi. Potete nascondere le cose al mondo, ma non potete nascondere la verit\u00e0 a voi stessi. E allora pregherete sinceramente Dio: \u2018Oh Dio, so che sei misericordioso, ho sentito dire che sei molto misericordioso. Ho commesso molti errori, sono stato stolto. Perdonami questa volta; non ripeter\u00f2 pi\u00f9 questo errore.\u2019 \u201cCon tutta la sua concentrazione, il praticante prega Dio. Poi il suo sguardo si rivolge all\u2019interno e realizza che l\u2019intero universo \u00e8 dentro di lui; e se l\u2019universo \u00e8 dentro di lui, allora anche il creatore dell\u2019universo \u00e8 dentro di lui. Egli realizzer\u00e0 il divino dentro di s\u00e9. E realizzare il divino significa liberarsi dal ciclo di nascita e morte. La meditazione e la ripetizione del mantra spezzeranno l\u2019incantesimo che M\u0101y\u0101 ha lanciato su di voi e il mistero della morte vi sar\u00e0 rivelato. E quando ci\u00f2 accadr\u00e0, comincerete a vedere la morte come un dono di Dio per liberarvi dal ciclo di nascita e morte. Allora attenderete la morte e l\u2019accetterete senza alcuna paura.\u201d In sostanza, Guru Siyag afferma che la Pratibha Gyana pu\u00f2 essere utilizzata per realizzare il S\u00e9. Invece di essere un ostacolo sul cammino della realizzazione, questa Siddhi diventa un gradino verso l\u2019obiettivo del Sadhak.<\/p>\n","protected":false},"author":2,"featured_media":0,"parent":0,"menu_order":0,"comment_status":"closed","ping_status":"closed","template":"","meta":{"footnotes":""},"class_list":["post-462","page","type-page","status-publish","hentry"],"aioseo_notices":[],"ams_acf":[],"_links":{"self":[{"href":"https:\/\/gurusiyagyoga.org\/it\/wp-json\/wp\/v2\/pages\/462","targetHints":{"allow":["GET"]}}],"collection":[{"href":"https:\/\/gurusiyagyoga.org\/it\/wp-json\/wp\/v2\/pages"}],"about":[{"href":"https:\/\/gurusiyagyoga.org\/it\/wp-json\/wp\/v2\/types\/page"}],"author":[{"embeddable":true,"href":"https:\/\/gurusiyagyoga.org\/it\/wp-json\/wp\/v2\/users\/2"}],"replies":[{"embeddable":true,"href":"https:\/\/gurusiyagyoga.org\/it\/wp-json\/wp\/v2\/comments?post=462"}],"version-history":[{"count":2,"href":"https:\/\/gurusiyagyoga.org\/it\/wp-json\/wp\/v2\/pages\/462\/revisions"}],"predecessor-version":[{"id":495,"href":"https:\/\/gurusiyagyoga.org\/it\/wp-json\/wp\/v2\/pages\/462\/revisions\/495"}],"wp:attachment":[{"href":"https:\/\/gurusiyagyoga.org\/it\/wp-json\/wp\/v2\/media?parent=462"}],"curies":[{"name":"wp","href":"https:\/\/api.w.org\/{rel}","templated":true}]}}