{"id":465,"date":"2026-01-29T12:26:25","date_gmt":"2026-01-29T06:56:25","guid":{"rendered":"https:\/\/gurusiyagyoga.org\/it\/?page_id=465"},"modified":"2026-02-14T22:40:09","modified_gmt":"2026-02-14T17:10:09","slug":"sanatan","status":"publish","type":"page","link":"https:\/\/gurusiyagyoga.org\/it\/sanatan\/","title":{"rendered":"6.10 Aspetto Sanatan"},"content":{"rendered":"<p style=\"font-weight: 400;\"><strong>\u00bfChe cos\u2019\u00e8 l\u2019Hindu Dharma?<\/strong><\/p>\n<p style=\"font-weight: 400;\">Estratto sull\u2019Induismo da un discorso tenuto da Guru Siyag nel 2000:<\/p>\n<p style=\"font-weight: 400;\">\u201cChe cos\u2019\u00e8 l\u2019Hindu Dharma? Se qualcuno ci facesse questa domanda, diremmo semplicemente che siamo ind\u00f9. Ma non sappiamo spiegare davvero cosa significhi essere ind\u00f9. Essere ind\u00f9 significa essere un essere umano completamente evoluto. So bene che oggi non \u00e8 cos\u00ec. Ma \u00e8 questo il significato che la nostra filosofia religiosa attribuisce a chi segue la fede ind\u00f9. Questa \u00e8 la filosofia dell\u2019Advaita (non-dualit\u00e0) che solo noi abbiamo donato al mondo. Tutte le altre religioni si sono sviluppate sulla base della dualit\u00e0, il che significa che Dio e l\u2019uomo sono due entit\u00e0 separate. Esse affermano che \u00e8 impossibile per l\u2019uomo sperimentare e realizzare direttamente Dio. Ma sperimentare e realizzare direttamente Dio \u00e8 proprio l\u2019obiettivo ultimo della filosofia ind\u00f9. Senza la realizzazione di Dio, la vita umana non pu\u00f2 essere completa.<\/p>\n<p style=\"font-weight: 400;\">\u201cLa domanda \u00e8: \u00bfse la filosofia dell\u2019Advaita offre la possibilit\u00e0 della completa evoluzione dell\u2019uomo, quale pu\u00f2 essere il processo o il metodo per realizzarla concretamente? Solo la religione ind\u00f9 stabilisce questo processo. Essa afferma che l\u2019uomo nasce due volte nella stessa vita. La nascita biologica attraverso i genitori \u00e8 la prima nascita, quella fisica. Quando egli incontra un Guru e viene iniziato da lui alla vita spirituale, questa \u00e8 la seconda nascita, quella spirituale. (La pratica spirituale sotto la guida del Guru segna il processo di esperienza concreta del principio di non-dualit\u00e0). Quando una persona riceve la Siddha Yoga Diksha e segue il cammino spirituale, il discepolo raggiunge infine l\u2019Atma-Sakshatkar \u2014 l\u2019autorealizzazione. Egli realizza allora il suo vero S\u00e9 (distinto dall\u2019idea materiale e individuale che aveva di s\u00e9 stesso).<\/p>\n<p style=\"font-weight: 400;\">\u201cOggi, la conoscenza libresca del concetto filosofico di autorealizzazione ha spinto quasi tutti noi a rivolgerci a un Guru per sperimentare concretamente il principio della non-dualit\u00e0. Tuttavia, non riscontriamo alcuna differenza evidente nella nostra struttura mentale, nel comportamento e nello stile di vita quotidiano che seguivamo prima dell\u2019iniziazione rispetto a quello che seguiamo dopo aver iniziato la vita spirituale.<\/p>\n<p style=\"font-weight: 400;\">\u201cTuttavia, ci\u00f2 non significa che il concetto ind\u00f9 della doppia nascita nella stessa vita sia frutto dell\u2019immaginazione. \u00c8 una realt\u00e0 (se il Guru \u00e8 veramente illuminato e capace di produrre una trasformazione spirituale nel discepolo). La religione ind\u00f9 \u00e8 realmente una religione universale per l\u2019umanit\u00e0. I miei discepoli provengono da diverse etnie, caste, razze, religioni e nazionalit\u00e0. Le persone possono avere origini diverse, ma condividono la stessa costituzione fisica del corpo umano. Pertanto, nonostante le differenze di background, subiscono la stessa trasformazione spirituale.<\/p>\n<p style=\"font-weight: 400;\">\u201cLa filosofia ind\u00f9 non crede nella conversione religiosa n\u00e9 nel proselitismo. Parla di un cambiamento interiore, di una trasformazione della persona (e non di un cambiamento esteriore di identit\u00e0, come accade quando qualcuno trasferisce la propria appartenenza da una fede a un\u2019altra). Io dico alle persone di altre religioni che vengono da me: \u2018Non abbandonate la vostra religione, ma seguite il metodo pratico che vi mostro per risvegliare la vostra energia interiore e trasformare la vostra vita.\u201d<\/p>\n","protected":false},"excerpt":{"rendered":"<p>\u00bfChe cos\u2019\u00e8 l\u2019Hindu Dharma? Estratto sull\u2019Induismo da un discorso tenuto da Guru Siyag nel 2000: \u201cChe cos\u2019\u00e8 l\u2019Hindu Dharma? Se qualcuno ci facesse questa domanda, diremmo semplicemente che siamo ind\u00f9. Ma non sappiamo spiegare davvero cosa significhi essere ind\u00f9. Essere ind\u00f9 significa essere un essere umano completamente evoluto. So bene che oggi non \u00e8 cos\u00ec. Ma \u00e8 questo il significato che la nostra filosofia religiosa attribuisce a chi segue la fede ind\u00f9. Questa \u00e8 la filosofia dell\u2019Advaita (non-dualit\u00e0) che solo noi abbiamo donato al mondo. Tutte le altre religioni si sono sviluppate sulla base della dualit\u00e0, il che significa che Dio e l\u2019uomo sono due entit\u00e0 separate. Esse affermano che \u00e8 impossibile per l\u2019uomo sperimentare e realizzare direttamente Dio. Ma sperimentare e realizzare direttamente Dio \u00e8 proprio l\u2019obiettivo ultimo della filosofia ind\u00f9. Senza la realizzazione di Dio, la vita umana non pu\u00f2 essere completa. \u201cLa domanda \u00e8: \u00bfse la filosofia dell\u2019Advaita offre la possibilit\u00e0 della completa evoluzione dell\u2019uomo, quale pu\u00f2 essere il processo o il metodo per realizzarla concretamente? Solo la religione ind\u00f9 stabilisce questo processo. Essa afferma che l\u2019uomo nasce due volte nella stessa vita. La nascita biologica attraverso i genitori \u00e8 la prima nascita, quella fisica. Quando egli incontra un Guru e viene iniziato da lui alla vita spirituale, questa \u00e8 la seconda nascita, quella spirituale. (La pratica spirituale sotto la guida del Guru segna il processo di esperienza concreta del principio di non-dualit\u00e0). Quando una persona riceve la Siddha Yoga Diksha e segue il cammino spirituale, il discepolo raggiunge infine l\u2019Atma-Sakshatkar \u2014 l\u2019autorealizzazione. Egli realizza allora il suo vero S\u00e9 (distinto dall\u2019idea materiale e individuale che aveva di s\u00e9 stesso). \u201cOggi, la conoscenza libresca del concetto filosofico di autorealizzazione ha spinto quasi tutti noi a rivolgerci a un Guru per sperimentare concretamente il principio della non-dualit\u00e0. Tuttavia, non riscontriamo alcuna differenza evidente nella nostra struttura mentale, nel comportamento e nello stile di vita quotidiano che seguivamo prima dell\u2019iniziazione rispetto a quello che seguiamo dopo aver iniziato la vita spirituale. \u201cTuttavia, ci\u00f2 non significa che il concetto ind\u00f9 della doppia nascita nella stessa vita sia frutto dell\u2019immaginazione. \u00c8 una realt\u00e0 (se il Guru \u00e8 veramente illuminato e capace di produrre una trasformazione spirituale nel discepolo). La religione ind\u00f9 \u00e8 realmente una religione universale per l\u2019umanit\u00e0. I miei discepoli provengono da diverse etnie, caste, razze, religioni e nazionalit\u00e0. Le persone possono avere origini diverse, ma condividono la stessa costituzione fisica del corpo umano. Pertanto, nonostante le differenze di background, subiscono la stessa trasformazione spirituale. \u201cLa filosofia ind\u00f9 non crede nella conversione religiosa n\u00e9 nel proselitismo. Parla di un cambiamento interiore, di una trasformazione della persona (e non di un cambiamento esteriore di identit\u00e0, come accade quando qualcuno trasferisce la propria appartenenza da una fede a un\u2019altra). Io dico alle persone di altre religioni che vengono da me: \u2018Non abbandonate la vostra religione, ma seguite il metodo pratico che vi mostro per risvegliare la vostra energia interiore e trasformare la vostra vita.\u201d<\/p>\n","protected":false},"author":2,"featured_media":0,"parent":0,"menu_order":0,"comment_status":"closed","ping_status":"closed","template":"","meta":{"footnotes":""},"class_list":["post-465","page","type-page","status-publish","hentry"],"aioseo_notices":[],"ams_acf":[],"_links":{"self":[{"href":"https:\/\/gurusiyagyoga.org\/it\/wp-json\/wp\/v2\/pages\/465","targetHints":{"allow":["GET"]}}],"collection":[{"href":"https:\/\/gurusiyagyoga.org\/it\/wp-json\/wp\/v2\/pages"}],"about":[{"href":"https:\/\/gurusiyagyoga.org\/it\/wp-json\/wp\/v2\/types\/page"}],"author":[{"embeddable":true,"href":"https:\/\/gurusiyagyoga.org\/it\/wp-json\/wp\/v2\/users\/2"}],"replies":[{"embeddable":true,"href":"https:\/\/gurusiyagyoga.org\/it\/wp-json\/wp\/v2\/comments?post=465"}],"version-history":[{"count":2,"href":"https:\/\/gurusiyagyoga.org\/it\/wp-json\/wp\/v2\/pages\/465\/revisions"}],"predecessor-version":[{"id":496,"href":"https:\/\/gurusiyagyoga.org\/it\/wp-json\/wp\/v2\/pages\/465\/revisions\/496"}],"wp:attachment":[{"href":"https:\/\/gurusiyagyoga.org\/it\/wp-json\/wp\/v2\/media?parent=465"}],"curies":[{"name":"wp","href":"https:\/\/api.w.org\/{rel}","templated":true}]}}