{"id":471,"date":"2026-01-29T12:27:43","date_gmt":"2026-01-29T06:57:43","guid":{"rendered":"https:\/\/gurusiyagyoga.org\/it\/?page_id=471"},"modified":"2026-02-14T22:43:36","modified_gmt":"2026-02-14T17:13:36","slug":"empowered","status":"publish","type":"page","link":"https:\/\/gurusiyagyoga.org\/it\/empowered\/","title":{"rendered":"7.2 Guru Siyag Potenziato"},"content":{"rendered":"<ul>\n<li>La parola \u201cSamarth\u201d significa \u201cpotenziato\u201d (o capace) e \u201cSatguru\u201d indica un vero Guru. \u201cSamarth Satguru\u201d \u00e8 un titolo conferito a un Guru divinamente potenziato, che possiede la capacit\u00e0 di guidare un discepolo iniziato lungo il cammino spirituale che conduce infine alla realizzazione del S\u00e9.<\/li>\n<li>Un tale Guru mostra la via pi\u00f9 diretta e pratica per realizzare il Divino, senza rendere necessario ai discepoli visitare luoghi di culto, praticare riti e rituali o partecipare a dibattiti e sermoni privi di sostanza sulla spiritualit\u00e0 e sulla realizzazione di Dio.<\/li>\n<li>Il Samarth Satguru non impone restrizioni ai ricercatori spirituali. Come il sole, egli splende per l\u2019intero universo e non fa discriminazioni tra i cercatori, n\u00e9 li giudica in base alla loro personalit\u00e0 passata o presente, religione, genere, razza, orientamento sessuale o posizione sociale. Il potere divino di un Samarth Satguru, come Guru Siyag, trascende i limiti del tempo e dello spazio. Chiunque, in qualsiasi parte del mondo, pu\u00f2 ricevere le benedizioni di Guru Siyag e sperimentare una trasformazione praticando con sincerit\u00e0 la mantra-meditazione del Guru Siyag Yoga (GSY).<\/li>\n<li>Il Guru non \u00e8 soltanto l\u2019essere fisico che vediamo esteriormente. Egli \u00e8 anche dentro ognuno di noi. Guru Siyag spiega cos\u00ec:<\/li>\n<li>\u00abChi \u00e8 un Guru? Un Guru non \u00e8 soltanto l\u2019individuo che vedete in un corpo mortale. Il suo corpo mortale un giorno si consumer\u00e0 e giunger\u00e0 alla fine. Ma il Guru (la forza divina che egli incarna) non muore mai; \u00e8 eterno e senza et\u00e0. Il Guru cresce dentro di voi (nelle profondit\u00e0 interiori della coscienza del ricercatore). Nella nostra scienza yogica, tempo e spazio non hanno valore. Voi siete in me; e io sono in voi. Ogni volta che vi ricordate di me, mi troverete dentro di voi. Se un Guru \u00e8 autentico, \u00e8 onnipresente (presente simultaneamente ovunque; non \u00e8 vincolato dai limiti del tempo e dello spazio).<\/li>\n<li>Quando mi ascoltate qui, state assorbendo la mia energia. La mia energia cosciente divina viene emessa in ogni momento attraverso la mia voce, i miei occhi e ogni poro del mio essere. Questa energia continuer\u00e0 a essere emanata finch\u00e9 questo corpo esister\u00e0. Che siate analfabeti, lontani o afflitti da grande dolore, se pregate dicendo: \u201cPer favore, aiutami\u201d, questa preghiera \u00e8 forte e sufficiente per raggiungermi. Inchinarsi, supplicare o offrirmi doni \u2013 questo non servir\u00e0.\u00bb<\/li>\n<\/ul>\n","protected":false},"excerpt":{"rendered":"<p>La parola \u201cSamarth\u201d significa \u201cpotenziato\u201d (o capace) e \u201cSatguru\u201d indica un vero Guru. \u201cSamarth Satguru\u201d \u00e8 un titolo conferito a un Guru divinamente potenziato, che possiede la capacit\u00e0 di guidare un discepolo iniziato lungo il cammino spirituale che conduce infine alla realizzazione del S\u00e9. Un tale Guru mostra la via pi\u00f9 diretta e pratica per realizzare il Divino, senza rendere necessario ai discepoli visitare luoghi di culto, praticare riti e rituali o partecipare a dibattiti e sermoni privi di sostanza sulla spiritualit\u00e0 e sulla realizzazione di Dio. Il Samarth Satguru non impone restrizioni ai ricercatori spirituali. Come il sole, egli splende per l\u2019intero universo e non fa discriminazioni tra i cercatori, n\u00e9 li giudica in base alla loro personalit\u00e0 passata o presente, religione, genere, razza, orientamento sessuale o posizione sociale. Il potere divino di un Samarth Satguru, come Guru Siyag, trascende i limiti del tempo e dello spazio. Chiunque, in qualsiasi parte del mondo, pu\u00f2 ricevere le benedizioni di Guru Siyag e sperimentare una trasformazione praticando con sincerit\u00e0 la mantra-meditazione del Guru Siyag Yoga (GSY). Il Guru non \u00e8 soltanto l\u2019essere fisico che vediamo esteriormente. Egli \u00e8 anche dentro ognuno di noi. Guru Siyag spiega cos\u00ec: \u00abChi \u00e8 un Guru? Un Guru non \u00e8 soltanto l\u2019individuo che vedete in un corpo mortale. Il suo corpo mortale un giorno si consumer\u00e0 e giunger\u00e0 alla fine. Ma il Guru (la forza divina che egli incarna) non muore mai; \u00e8 eterno e senza et\u00e0. Il Guru cresce dentro di voi (nelle profondit\u00e0 interiori della coscienza del ricercatore). Nella nostra scienza yogica, tempo e spazio non hanno valore. Voi siete in me; e io sono in voi. Ogni volta che vi ricordate di me, mi troverete dentro di voi. Se un Guru \u00e8 autentico, \u00e8 onnipresente (presente simultaneamente ovunque; non \u00e8 vincolato dai limiti del tempo e dello spazio). Quando mi ascoltate qui, state assorbendo la mia energia. La mia energia cosciente divina viene emessa in ogni momento attraverso la mia voce, i miei occhi e ogni poro del mio essere. Questa energia continuer\u00e0 a essere emanata finch\u00e9 questo corpo esister\u00e0. Che siate analfabeti, lontani o afflitti da grande dolore, se pregate dicendo: \u201cPer favore, aiutami\u201d, questa preghiera \u00e8 forte e sufficiente per raggiungermi. Inchinarsi, supplicare o offrirmi doni \u2013 questo non servir\u00e0.\u00bb<\/p>\n","protected":false},"author":2,"featured_media":0,"parent":0,"menu_order":0,"comment_status":"closed","ping_status":"closed","template":"","meta":{"footnotes":""},"class_list":["post-471","page","type-page","status-publish","hentry"],"aioseo_notices":[],"ams_acf":[],"_links":{"self":[{"href":"https:\/\/gurusiyagyoga.org\/it\/wp-json\/wp\/v2\/pages\/471","targetHints":{"allow":["GET"]}}],"collection":[{"href":"https:\/\/gurusiyagyoga.org\/it\/wp-json\/wp\/v2\/pages"}],"about":[{"href":"https:\/\/gurusiyagyoga.org\/it\/wp-json\/wp\/v2\/types\/page"}],"author":[{"embeddable":true,"href":"https:\/\/gurusiyagyoga.org\/it\/wp-json\/wp\/v2\/users\/2"}],"replies":[{"embeddable":true,"href":"https:\/\/gurusiyagyoga.org\/it\/wp-json\/wp\/v2\/comments?post=471"}],"version-history":[{"count":2,"href":"https:\/\/gurusiyagyoga.org\/it\/wp-json\/wp\/v2\/pages\/471\/revisions"}],"predecessor-version":[{"id":498,"href":"https:\/\/gurusiyagyoga.org\/it\/wp-json\/wp\/v2\/pages\/471\/revisions\/498"}],"wp:attachment":[{"href":"https:\/\/gurusiyagyoga.org\/it\/wp-json\/wp\/v2\/media?parent=471"}],"curies":[{"name":"wp","href":"https:\/\/api.w.org\/{rel}","templated":true}]}}