{"id":474,"date":"2026-01-29T12:28:15","date_gmt":"2026-01-29T06:58:15","guid":{"rendered":"https:\/\/gurusiyagyoga.org\/it\/?page_id=474"},"modified":"2026-02-14T22:44:15","modified_gmt":"2026-02-14T17:14:15","slug":"significance","status":"publish","type":"page","link":"https:\/\/gurusiyagyoga.org\/it\/significance\/","title":{"rendered":"7.3 Importanza della Meditazione Attraverso la Fotografia"},"content":{"rendered":"<p style=\"font-weight: 400;\">Guru Siyag \u00e8 un Siddha: un maestro spirituale che ha raggiunto sia lo stato divino Sagun (Dio in forma visibile e con qualit\u00e0) sia Nirgun (Dio nello stato invisibile, senza attributi o qualit\u00e0).<\/p>\n<p style=\"font-weight: 400;\">I poteri divini di Gurudev non sono limitati al suo corpo fisico. Essi esistono ovunque nell\u2019universo in forma invisibile e sottile; perci\u00f2 meditare sulla sua fotografia ha lo stesso effetto della sua presenza personale. Meditare sull\u2019immagine di Guru Siyag equivale a invocare la sua grazia.<\/p>\n<p style=\"font-weight: 400;\"><strong>Guru Siyag afferma:<\/strong><\/p>\n<p style=\"font-weight: 400;\">\u00abIl Guru \u00e8 una forza gravitazionale. Questo corpo non \u00e8 il Guru. Questo corpo morir\u00e0 tra alcuni anni. Il Guru \u00e8 dentro di voi. La scienza dello yoga non attribuisce valore al tempo e allo spazio. Io sono dentro di voi e voi siete dentro di me. Ogni volta e ovunque mi ricordiate, sar\u00f2 presente. Se un Guru \u00e8 un vero Guru, allora \u00e8 onnipresente.\u00bb<\/p>\n<p style=\"font-weight: 400;\">Quando un ricercatore riceve la Diksha del mantra da Gurudev, sia di persona sia tramite TV, CD o un video inviato via email, e diventa suo discepolo, stabilisce un contatto permanente con Gurudev a livello sottile. Gurudev \u00e8 quindi sempre presente accanto al discepolo, sia che egli si trovi vicino sia lontano.<\/p>\n<p style=\"font-weight: 400;\">La presenza protettiva e la guida di Gurudev sono sempre disponibili ogni volta che il discepolo lo ricorda o prega con il cuore. Per questo motivo, una semplice immagine o fotografia di Gurudev \u00e8 efficace quanto ricevere la sua benedizione di persona.<\/p>\n","protected":false},"excerpt":{"rendered":"<p>Guru Siyag \u00e8 un Siddha: un maestro spirituale che ha raggiunto sia lo stato divino Sagun (Dio in forma visibile e con qualit\u00e0) sia Nirgun (Dio nello stato invisibile, senza attributi o qualit\u00e0). I poteri divini di Gurudev non sono limitati al suo corpo fisico. Essi esistono ovunque nell\u2019universo in forma invisibile e sottile; perci\u00f2 meditare sulla sua fotografia ha lo stesso effetto della sua presenza personale. Meditare sull\u2019immagine di Guru Siyag equivale a invocare la sua grazia. Guru Siyag afferma: \u00abIl Guru \u00e8 una forza gravitazionale. Questo corpo non \u00e8 il Guru. Questo corpo morir\u00e0 tra alcuni anni. Il Guru \u00e8 dentro di voi. La scienza dello yoga non attribuisce valore al tempo e allo spazio. Io sono dentro di voi e voi siete dentro di me. Ogni volta e ovunque mi ricordiate, sar\u00f2 presente. Se un Guru \u00e8 un vero Guru, allora \u00e8 onnipresente.\u00bb Quando un ricercatore riceve la Diksha del mantra da Gurudev, sia di persona sia tramite TV, CD o un video inviato via email, e diventa suo discepolo, stabilisce un contatto permanente con Gurudev a livello sottile. Gurudev \u00e8 quindi sempre presente accanto al discepolo, sia che egli si trovi vicino sia lontano. La presenza protettiva e la guida di Gurudev sono sempre disponibili ogni volta che il discepolo lo ricorda o prega con il cuore. Per questo motivo, una semplice immagine o fotografia di Gurudev \u00e8 efficace quanto ricevere la sua benedizione di persona.<\/p>\n","protected":false},"author":2,"featured_media":0,"parent":0,"menu_order":0,"comment_status":"closed","ping_status":"closed","template":"","meta":{"footnotes":""},"class_list":["post-474","page","type-page","status-publish","hentry"],"aioseo_notices":[],"ams_acf":[],"_links":{"self":[{"href":"https:\/\/gurusiyagyoga.org\/it\/wp-json\/wp\/v2\/pages\/474","targetHints":{"allow":["GET"]}}],"collection":[{"href":"https:\/\/gurusiyagyoga.org\/it\/wp-json\/wp\/v2\/pages"}],"about":[{"href":"https:\/\/gurusiyagyoga.org\/it\/wp-json\/wp\/v2\/types\/page"}],"author":[{"embeddable":true,"href":"https:\/\/gurusiyagyoga.org\/it\/wp-json\/wp\/v2\/users\/2"}],"replies":[{"embeddable":true,"href":"https:\/\/gurusiyagyoga.org\/it\/wp-json\/wp\/v2\/comments?post=474"}],"version-history":[{"count":2,"href":"https:\/\/gurusiyagyoga.org\/it\/wp-json\/wp\/v2\/pages\/474\/revisions"}],"predecessor-version":[{"id":499,"href":"https:\/\/gurusiyagyoga.org\/it\/wp-json\/wp\/v2\/pages\/474\/revisions\/499"}],"wp:attachment":[{"href":"https:\/\/gurusiyagyoga.org\/it\/wp-json\/wp\/v2\/media?parent=474"}],"curies":[{"name":"wp","href":"https:\/\/api.w.org\/{rel}","templated":true}]}}