{"id":63,"date":"2020-04-06T21:11:52","date_gmt":"2020-04-06T15:41:52","guid":{"rendered":"https:\/\/gurusiyagyoga.org\/it\/?page_id=63"},"modified":"2020-04-06T21:11:52","modified_gmt":"2020-04-06T15:41:52","slug":"about-us","status":"publish","type":"page","link":"https:\/\/gurusiyagyoga.org\/it\/about-us\/","title":{"rendered":"Chi siamo  au"},"content":{"rendered":"<p>Il sito web del Guru Siyag Yoga (GSY) \u00e8 stato creato, con l&#8217;intenzione di fornire informazioni ai ricercatori spirituali in modo semplice, diretto e accessibile. \u00c8 gestito da un gruppo di discepoli del Guru Siyag in India, che ha lavorato a stretto contatto con lui nella sua missione per diversi anni.<\/p>\n<p>Viaggiarono molto con Guru Siyag in India e nel resto del mondo, e furono testimoni in prima persona del suo modo funzionale e semplice di praticare una vita spirituale. Il contenuto del sito web, si basa sui discorsi di Guru Siyag, sulle sue interazioni e discussioni personali con i discepoli, i ricercatori e con\u00a0 il pubblico in generale. Ove necessario, anche l&#8217;esperienza dei discepoli di condurre la vita, con la guida di GSY, \u00e8 stata usata per incoraggiare i praticanti.<\/p>\n<p>Il sito web GSY \u00e8 un costante work-in-progress: vengono aggiunti nuovi materiali, i contenuti pi\u00f9 vecchi vengono rivisti e ottimizzati sulla base del feedback dei professionisti. Numerosi discepoli, di diversi paesi, offrono anche i loro servizi traducendo materiale nella lingua locale. Nuove opzioni di traduzione vengono aggiunte regolarmente al sito, per renderlo maggiormente accessibile a tutte le persone che lo vogliono visualizzare nella lingua preferita. Il sito web GSY \u00e8 completamente indipendente da qualsiasi influenza esterna:<\/p>\n<p>Non \u00e8 affiliato con nessuna organizzazione in India o all&#8217;estero. Non richiede contributi monetari o donazioni di alcun tipo a supporto delle sue attivit\u00e0. I discepoli che lavorano per la manutenzione del sito Web lo fanno volontariamente, senza alcuna assistenza finanziaria o sponsorizzazione esterna e interna. Lo fanno seguendo le orme di Guru Siyag e obbedendo alla sua direttiva divina, Lo Yoga del Guru Siyag \u00e8 SEMPRE gratuito (senza obbligazioni morali e mentali).<\/p>\n","protected":false},"excerpt":{"rendered":"<p>Il sito web del Guru Siyag Yoga (GSY) \u00e8 stato creato, con l&#8217;intenzione di fornire informazioni ai ricercatori spirituali in modo semplice, diretto e accessibile. \u00c8 gestito da un gruppo di discepoli del Guru Siyag in India, che ha lavorato a stretto contatto con lui nella sua missione per diversi anni. Viaggiarono molto con Guru Siyag in India e nel resto del mondo, e furono testimoni in prima persona del suo modo funzionale e semplice di praticare una vita spirituale. Il contenuto del sito web, si basa sui discorsi di Guru Siyag, sulle sue interazioni e discussioni personali con i discepoli, i ricercatori e con\u00a0 il pubblico in generale. Ove necessario, anche l&#8217;esperienza dei discepoli di condurre la vita, con la guida di GSY, \u00e8 stata usata per incoraggiare i praticanti. Il sito web GSY \u00e8 un costante work-in-progress: vengono aggiunti nuovi materiali, i contenuti pi\u00f9 vecchi vengono rivisti e ottimizzati sulla base del feedback dei professionisti. Numerosi discepoli, di diversi paesi, offrono anche i loro servizi traducendo materiale nella lingua locale. Nuove opzioni di traduzione vengono aggiunte regolarmente al sito, per renderlo maggiormente accessibile a tutte le persone che lo vogliono visualizzare nella lingua preferita. Il sito web GSY \u00e8 completamente indipendente da qualsiasi influenza esterna: Non \u00e8 affiliato con nessuna organizzazione in India o all&#8217;estero. Non richiede contributi monetari o donazioni di alcun tipo a supporto delle sue attivit\u00e0. I discepoli che lavorano per la manutenzione del sito Web lo fanno volontariamente, senza alcuna assistenza finanziaria o sponsorizzazione esterna e interna. Lo fanno seguendo le orme di Guru Siyag e obbedendo alla sua direttiva divina, Lo Yoga del Guru Siyag \u00e8 SEMPRE gratuito (senza obbligazioni morali e mentali).<\/p>\n","protected":false},"author":2,"featured_media":0,"parent":0,"menu_order":0,"comment_status":"closed","ping_status":"closed","template":"","meta":{"footnotes":""},"class_list":["post-63","page","type-page","status-publish","hentry"],"aioseo_notices":[],"ams_acf":[],"_links":{"self":[{"href":"https:\/\/gurusiyagyoga.org\/it\/wp-json\/wp\/v2\/pages\/63","targetHints":{"allow":["GET"]}}],"collection":[{"href":"https:\/\/gurusiyagyoga.org\/it\/wp-json\/wp\/v2\/pages"}],"about":[{"href":"https:\/\/gurusiyagyoga.org\/it\/wp-json\/wp\/v2\/types\/page"}],"author":[{"embeddable":true,"href":"https:\/\/gurusiyagyoga.org\/it\/wp-json\/wp\/v2\/users\/2"}],"replies":[{"embeddable":true,"href":"https:\/\/gurusiyagyoga.org\/it\/wp-json\/wp\/v2\/comments?post=63"}],"version-history":[{"count":1,"href":"https:\/\/gurusiyagyoga.org\/it\/wp-json\/wp\/v2\/pages\/63\/revisions"}],"predecessor-version":[{"id":65,"href":"https:\/\/gurusiyagyoga.org\/it\/wp-json\/wp\/v2\/pages\/63\/revisions\/65"}],"wp:attachment":[{"href":"https:\/\/gurusiyagyoga.org\/it\/wp-json\/wp\/v2\/media?parent=63"}],"curies":[{"name":"wp","href":"https:\/\/api.w.org\/{rel}","templated":true}]}}