{"id":1588,"date":"2026-01-27T08:57:39","date_gmt":"2026-01-27T08:57:39","guid":{"rendered":"https:\/\/gurusiyagyoga.org\/pt\/?page_id=1588"},"modified":"2026-02-02T17:27:12","modified_gmt":"2026-02-02T17:27:12","slug":"uniqueness","status":"publish","type":"page","link":"https:\/\/gurusiyagyoga.org\/pt\/uniqueness\/","title":{"rendered":"2. Singularidade"},"content":{"rendered":"<ul>\n<li>Praticantes podem seguir um estilo de vida de sua escolha. GSY n\u00e3o exige que os praticantes mudem seu estilo de vida de forma alguma.<\/li>\n<li>N\u00e3o imp\u00f5e restri\u00e7\u00f5es alimentares.<\/li>\n<li>Guru Siyag n\u00e3o estabeleceu nenhum c\u00f3digo de conduta moral que o disc\u00edpulo deva seguir. Tal sistema, segunda ele, \u00e9 desnecess\u00e1rio. Guru Siyag diz que, quando os disc\u00edpulos praticam com sinceridade, o Guru dentro deles come\u00e7a a oferecer orienta\u00e7\u00e3o divina que promove sua evolu\u00e7\u00e3o espiritual.<\/li>\n<li>A pr\u00e1tica n\u00e3o envolve rituais, pr\u00e1ticas ritual\u00edsticas, costumes e oferendas (cocos, incenso, flores etc.).<\/li>\n<li>Um buscador em qualquer parte do mundo pode experimentar medita\u00e7\u00e3o profunda simplesmente meditando na foto de Guru Siyag.<\/li>\n<li>N\u00e3o insiste que os buscadores o encontrem pessoalmente para inicia\u00e7\u00e3o.<\/li>\n<li>Inicia\u00e7\u00e3o via CD de v\u00eddeo\/\u00e1udio, transmiss\u00e3o de TV ou v\u00eddeo na internet \u00e9 t\u00e3o eficaz quanto inicia\u00e7\u00e3o pessoal.<\/li>\n<li>Se um buscador n\u00e3o puder por algum motivo (o praticante \u00e9 uma crian\u00e7a pequena, est\u00e1 inconsciente ou com defici\u00eancia mental) cantar o mantra de Guru Siyag e fazer a medita\u00e7\u00e3o, qualquer outro parente pr\u00f3ximo ou amigo iniciado pode cantar e praticar em seu nome.<\/li>\n<li>N\u00e3o oferece cursos nem realiza aulas.<\/li>\n<li>Completamente gratuito<\/li>\n<li>N\u00e3o \u00e9 necess\u00e1ria inscri\u00e7\u00e3o para GSY.<\/li>\n<li>N\u00e3o pede presentes em dinheiro ou esp\u00e9cie dos buscadores para inicia\u00e7\u00e3o em GSY.<\/li>\n<li>N\u00e3o restringe seus disc\u00edpulos de seguir outros Gurus ou pr\u00e1ticas ap\u00f3s a inicia\u00e7\u00e3o. Para mais d\u00favidas, envie e-mail para\u00a0<a href=\"mailto:gssyworld@gmail.com\"><strong>gssyworld@gmail.com<\/strong><\/a>ou WhatsApp (+91) 9468623528 ou ligue (+91)8369754399<\/li>\n<li>N\u00e3o d\u00e1 serm\u00f5es religiosos. Ele apenas explica a filosofia do GSY.<\/li>\n<li>N\u00e3o vende \/ oferece rem\u00e9dios, ervas ou produtos de qualquer tipo.<\/li>\n<li>Buscadores de qualquer ra\u00e7a, religi\u00e3o, nacionalidade, casta, cren\u00e7a ou g\u00eanero s\u00e3o bem-vindos na fam\u00edlia GSY.<\/li>\n<\/ul>\n","protected":false},"excerpt":{"rendered":"<p>Praticantes podem seguir um estilo de vida de sua escolha. GSY n\u00e3o exige que os praticantes mudem seu estilo de vida de forma alguma. N\u00e3o imp\u00f5e restri\u00e7\u00f5es alimentares. Guru Siyag n\u00e3o estabeleceu nenhum c\u00f3digo de conduta moral que o disc\u00edpulo deva seguir. Tal sistema, segunda ele, \u00e9 desnecess\u00e1rio. Guru Siyag diz que, quando os disc\u00edpulos praticam com sinceridade, o Guru dentro deles come\u00e7a a oferecer orienta\u00e7\u00e3o divina que promove sua evolu\u00e7\u00e3o espiritual. A pr\u00e1tica n\u00e3o envolve rituais, pr\u00e1ticas ritual\u00edsticas, costumes e oferendas (cocos, incenso, flores etc.). Um buscador em qualquer parte do mundo pode experimentar medita\u00e7\u00e3o profunda simplesmente meditando na foto de Guru Siyag. N\u00e3o insiste que os buscadores o encontrem pessoalmente para inicia\u00e7\u00e3o. Inicia\u00e7\u00e3o via CD de v\u00eddeo\/\u00e1udio, transmiss\u00e3o de TV ou v\u00eddeo na internet \u00e9 t\u00e3o eficaz quanto inicia\u00e7\u00e3o pessoal. Se um buscador n\u00e3o puder por algum motivo (o praticante \u00e9 uma crian\u00e7a pequena, est\u00e1 inconsciente ou com defici\u00eancia mental) cantar o mantra de Guru Siyag e fazer a medita\u00e7\u00e3o, qualquer outro parente pr\u00f3ximo ou amigo iniciado pode cantar e praticar em seu nome. N\u00e3o oferece cursos nem realiza aulas. Completamente gratuito N\u00e3o \u00e9 necess\u00e1ria inscri\u00e7\u00e3o para GSY. N\u00e3o pede presentes em dinheiro ou esp\u00e9cie dos buscadores para inicia\u00e7\u00e3o em GSY. N\u00e3o restringe seus disc\u00edpulos de seguir outros Gurus ou pr\u00e1ticas ap\u00f3s a inicia\u00e7\u00e3o. Para mais d\u00favidas, envie e-mail para\u00a0gssyworld@gmail.comou WhatsApp (+91) 9468623528 ou ligue (+91)8369754399 N\u00e3o d\u00e1 serm\u00f5es religiosos. Ele apenas explica a filosofia do GSY. N\u00e3o vende \/ oferece rem\u00e9dios, ervas ou produtos de qualquer tipo. Buscadores de qualquer ra\u00e7a, religi\u00e3o, nacionalidade, casta, cren\u00e7a ou g\u00eanero s\u00e3o bem-vindos na fam\u00edlia GSY.<\/p>\n","protected":false},"author":2,"featured_media":0,"parent":0,"menu_order":0,"comment_status":"closed","ping_status":"closed","template":"","meta":{"footnotes":""},"class_list":["post-1588","page","type-page","status-publish","hentry"],"aioseo_notices":[],"ams_acf":[],"_links":{"self":[{"href":"https:\/\/gurusiyagyoga.org\/pt\/wp-json\/wp\/v2\/pages\/1588","targetHints":{"allow":["GET"]}}],"collection":[{"href":"https:\/\/gurusiyagyoga.org\/pt\/wp-json\/wp\/v2\/pages"}],"about":[{"href":"https:\/\/gurusiyagyoga.org\/pt\/wp-json\/wp\/v2\/types\/page"}],"author":[{"embeddable":true,"href":"https:\/\/gurusiyagyoga.org\/pt\/wp-json\/wp\/v2\/users\/2"}],"replies":[{"embeddable":true,"href":"https:\/\/gurusiyagyoga.org\/pt\/wp-json\/wp\/v2\/comments?post=1588"}],"version-history":[{"count":2,"href":"https:\/\/gurusiyagyoga.org\/pt\/wp-json\/wp\/v2\/pages\/1588\/revisions"}],"predecessor-version":[{"id":1637,"href":"https:\/\/gurusiyagyoga.org\/pt\/wp-json\/wp\/v2\/pages\/1588\/revisions\/1637"}],"wp:attachment":[{"href":"https:\/\/gurusiyagyoga.org\/pt\/wp-json\/wp\/v2\/media?parent=1588"}],"curies":[{"name":"wp","href":"https:\/\/api.w.org\/{rel}","templated":true}]}}