{"id":1592,"date":"2026-01-27T08:59:04","date_gmt":"2026-01-27T08:59:04","guid":{"rendered":"https:\/\/gurusiyagyoga.org\/pt\/?page_id=1592"},"modified":"2026-02-02T17:35:22","modified_gmt":"2026-02-02T17:35:22","slug":"spiritual","status":"publish","type":"page","link":"https:\/\/gurusiyagyoga.org\/pt\/spiritual\/","title":{"rendered":"3.2 Aspecto Espiritual"},"content":{"rendered":"<ul>\n<li>A GSY \u00e9 baseada na filosofia Astanga (oito membros\/oito membros) da Yoga, codificada pelo S\u00e1bio Patanjali no Yoga Sutra. A pr\u00e1tica da GSY leva a uma realiza\u00e7\u00e3o f\u00e1cil e sem esfor\u00e7o desses oito membros.<\/li>\n<li>Ap\u00f3s pr\u00e1tica sustentada, o canto do mantra (repeti\u00e7\u00e3o mental) torna-se involunt\u00e1rio. Essa experi\u00eancia \u00e9 conhecida como Ajapa Japa. Nesse estado, o praticante descobre que o mantra est\u00e1 sendo cantado infinitamente dentro dele\/de si mesmo, sem nenhum esfor\u00e7o da parte do praticante.<\/li>\n<li>Quando o buscador canta o mantra incessantemente (ou experimenta Ajapa Japa), ele se transforma em um som divino. Isso \u00e9 conhecido como Anhad Nada. Som f\u00edsico \u00e9 criado quando um objeto atinge outro. Anhad Nada n\u00e3o tem tal origem f\u00edsica; \u00e9 um som n\u00e3o percutido, cont\u00ednuo que permeia todo o universo. O Nada \u00e9 ouvido pelo buscador em um de seus ouvidos, e \u00e9 um indicativo de que o buscador cruzou um limiar importante do desenvolvimento espiritual. Atrav\u00e9s da pr\u00e1tica da GSY, o praticante obt\u00e9m muitos poderes divinos. Um desses poderes divinos \u00e9 conhecido como Pratibh Gyana (Conhecimento Intuitivo). Quando esse conhecimento \u00e9 obtido, o praticante \u00e9 capaz de prever e ouvir eventos do futuro e passado ilimitados.<\/li>\n<li>Durante a medita\u00e7\u00e3o, os buscadores podem experimentar Khechri Mudra, uma postura y\u00f3guica onde a l\u00edngua \u00e9 puxada para tr\u00e1s e toca um ponto no c\u00e9u da boca que secreta Amrit, um n\u00e9ctar divino ou elixir da vida. Amrit fortalece a imunidade do corpo e liberta o praticante de doen\u00e7as incur\u00e1veis.<\/li>\n<li>A pr\u00e1tica da GSY provoca uma mudan\u00e7a nas Vrittis (tend\u00eancias internas) do praticante de Tamasic (escuro, opaco, inerte) para Rajasic (apaixonado, energ\u00e9tico) para Sattvic (positivo, puro, iluminado). Uma transforma\u00e7\u00e3o nas Vrittis essencialmente significa uma mudan\u00e7a geral na personalidade do praticante.<\/li>\n<li>praticante finalmente atinge Moksha (liberta\u00e7\u00e3o do ciclo de vida e morte) e transforma\u00e7\u00e3o divina.<\/li>\n<\/ul>\n<p style=\"font-weight: 400;\">\n<p style=\"font-weight: 400;\"><span style=\"color: #ff0000;\"><strong>O Canto Provoca uma Alegria Intoxicante<\/strong><\/span><\/p>\n<p style=\"font-weight: 400;\">&#8216;Estresse&#8217;, essa doen\u00e7a sempre presente e muitas vezes debilitante, afeta todos n\u00f3s. Abaixo, Guru Siyag fala sobre como o canto (repeti\u00e7\u00e3o mental do mantra de Guru Siyag) alivia o estresse de forma bastante eficaz. Sintam-se \u00e0 vontade para compartilhar (copiar-colar para uso pessoal apenas, por favor)! Em todo o mundo, 80% das doen\u00e7as s\u00e3o causadas por estresse. Kali Yuga lan\u00e7ou um v\u00e9u Tam\u00e1sico (negativo, escuro, opaco, inerte) sobre a humanidade. Seja rico ou pobre, as pessoas est\u00e3o constantemente sob imenso estresse. A ci\u00eancia m\u00e9dica n\u00e3o consegue tratar o estresse. Eles apenas prescrevem sedativos para acalmar os nervos. Os sentidos s\u00e3o adormecidos e o estresse parece diminuir enquanto o efeito da droga dura. Uma vez que o efeito intoxicante do sedativo passa, o estresse e as doen\u00e7as relacionadas voltam.<\/p>\n<p style=\"font-weight: 400;\">&#8211;\u00a0 Mesmo n\u00f3s (filosofia Siddha Yoga) acreditamos que o estresse deve ser tratado com intoxica\u00e7\u00e3o. Mas a intoxica\u00e7\u00e3o n\u00e3o deve ser causada por mat\u00e9ria, mas por esp\u00edrito. Na Siddha Yoga, a intoxica\u00e7\u00e3o \u00e9 induzida pelo canto do nome de Deus (canto de mantra).<\/p>\n<p style=\"font-weight: 400;\">&#8211;\u00a0 Cantar o nome de Deus provoca uma alegria intoxicante. \u00c9 um fato que essa alegria pode ser experimentada cantando o nome de Deus. M\u00edsticos e santos indianos como Guru Nanak se referiram a essa alegria como &#8220;naam khumari&#8221; (intoxica\u00e7\u00e3o pelo canto). Guru Nanak disse que a intoxica\u00e7\u00e3o por drogas passa na manh\u00e3 seguinte, mas a intoxica\u00e7\u00e3o pelo canto nunca passa. Outro santo indiano, Kabir, disse que a intoxica\u00e7\u00e3o pelo canto n\u00e3o passa. Em vez disso, a alegria intoxicante que ela d\u00e1 cresce todos os dias. O mantra que eu dou possui o poder divino de Radha e Krishna.<\/p>\n<p style=\"font-weight: 400;\">&#8211;\u00a0 Krishna foi o nono e avatar completo (encarna\u00e7\u00e3o). Um avatar ainda est\u00e1 por vir \u2013 Kalki. H\u00e1 muito debate no mundo sobre se Kalki chegou ou n\u00e3o. Muitas pessoas afirmam ser Kalki. Aquele que for aceito universalmente ser\u00e1 proclamado como o Avatar Kalki. Assim, cantar o nome de Deus provoca uma alegria intoxicante. No Bhagavad Gita, Lorde Sri Krishna se refere a isso como &#8216;Ananda&#8217; (alegria ou \u00eaxtase). H\u00e1 cinco shlokas (versos po\u00e9ticos) no Gita sobre isso: o 21\u00ba shloka do quinto cap\u00edtulo e quatro shlokas do sexto cap\u00edtulo \u2014 15, 21, 27, 28. Ele se refere ao &#8216;Ananda&#8217; de v\u00e1rias maneiras: ananda divino, ananda que transcende os sentidos e ananda produzido pela medita\u00e7\u00e3o em Deus. At\u00e9 que o homem experiment\u00e9 esse &#8216;Ananda&#8217; (alegria ou \u00eaxtase), ele n\u00e3o consegue diferenciar entre sukh (felicidade) e ananda (alegria ou \u00eaxtase).<\/p>\n<p style=\"font-weight: 400;\">&#8211;\u00a0 Enquanto uma pessoa tem riqueza, um \u00f3timo carro, casa e fam\u00edlia, ela est\u00e1 feliz. Mas se at\u00e9 um \u00fanico item for tirado, sua felicidade \u00e9 destru\u00edda. Ent\u00e3o, se essa felicidade material \u00e9 felicidade verdadeira, por que \u00e9 destru\u00edda t\u00e3o facilmente? Essa menininha aqui est\u00e1 sentada brincando e se divertindo. Ela n\u00e3o est\u00e1 interessada no que eu digo, e por isso n\u00e3o encontra felicidade aqui. Quando ela tiver 20-25 anos, encontrar\u00e1 felicidade em outra coisa. Quando tiver cerca de 70-80 anos como eu, encontrar\u00e1 felicidade em algo completamente diferente. Ent\u00e3o, essa &#8216;felicidade&#8217; que as pessoas buscam \u00e9 produzida pelos sentidos. N\u00e3o \u00e9 &#8216;Ananda&#8217; (alegria ou \u00eaxtase).<\/p>\n<p style=\"font-weight: 400;\">&#8211;\u00a0 &#8216;Ananda&#8217; \u00e9 Akshay (indestrut\u00edvel). N\u00e3o \u00e9 &#8216;Kshay&#8217; (destrut\u00edvel). Como disse Kabir: &#8220;A alegria intoxicante do canto do nome de Deus cresce todos os dias. Cantar o mantra que eu dou lhe dar\u00e1 &#8216;Ananda&#8217; (Alegria ou \u00eaxtase). O &#8216;Ananda&#8217; por sua vez o liberta completamente do estresse. O &#8216;Ananda&#8217; permanece com voc\u00ea dia e noite, e o liberta do estresse e doen\u00e7as relacionadas. E sem consumo de medicamentos. M\u00e9dicos da ci\u00eancia material acham isso muito dif\u00edcil de acreditar.<\/p>\n<p style=\"font-weight: 400;\">&#8211;\u00a0 Eu aconselhei o Ocidente a n\u00e3o se concentrar apenas na mat\u00e9ria, mas tamb\u00e9m incluir o &#8216;esp\u00edrito&#8217;. Mat\u00e9ria mais esp\u00edrito significar\u00e1 o fim de todos os tipos de doen\u00e7as.&#8221;<\/p>\n","protected":false},"excerpt":{"rendered":"<p>A GSY \u00e9 baseada na filosofia Astanga (oito membros\/oito membros) da Yoga, codificada pelo S\u00e1bio Patanjali no Yoga Sutra. A pr\u00e1tica da GSY leva a uma realiza\u00e7\u00e3o f\u00e1cil e sem esfor\u00e7o desses oito membros. Ap\u00f3s pr\u00e1tica sustentada, o canto do mantra (repeti\u00e7\u00e3o mental) torna-se involunt\u00e1rio. Essa experi\u00eancia \u00e9 conhecida como Ajapa Japa. Nesse estado, o praticante descobre que o mantra est\u00e1 sendo cantado infinitamente dentro dele\/de si mesmo, sem nenhum esfor\u00e7o da parte do praticante. Quando o buscador canta o mantra incessantemente (ou experimenta Ajapa Japa), ele se transforma em um som divino. Isso \u00e9 conhecido como Anhad Nada. Som f\u00edsico \u00e9 criado quando um objeto atinge outro. Anhad Nada n\u00e3o tem tal origem f\u00edsica; \u00e9 um som n\u00e3o percutido, cont\u00ednuo que permeia todo o universo. O Nada \u00e9 ouvido pelo buscador em um de seus ouvidos, e \u00e9 um indicativo de que o buscador cruzou um limiar importante do desenvolvimento espiritual. Atrav\u00e9s da pr\u00e1tica da GSY, o praticante obt\u00e9m muitos poderes divinos. Um desses poderes divinos \u00e9 conhecido como Pratibh Gyana (Conhecimento Intuitivo). Quando esse conhecimento \u00e9 obtido, o praticante \u00e9 capaz de prever e ouvir eventos do futuro e passado ilimitados. Durante a medita\u00e7\u00e3o, os buscadores podem experimentar Khechri Mudra, uma postura y\u00f3guica onde a l\u00edngua \u00e9 puxada para tr\u00e1s e toca um ponto no c\u00e9u da boca que secreta Amrit, um n\u00e9ctar divino ou elixir da vida. Amrit fortalece a imunidade do corpo e liberta o praticante de doen\u00e7as incur\u00e1veis. A pr\u00e1tica da GSY provoca uma mudan\u00e7a nas Vrittis (tend\u00eancias internas) do praticante de Tamasic (escuro, opaco, inerte) para Rajasic (apaixonado, energ\u00e9tico) para Sattvic (positivo, puro, iluminado). Uma transforma\u00e7\u00e3o nas Vrittis essencialmente significa uma mudan\u00e7a geral na personalidade do praticante. praticante finalmente atinge Moksha (liberta\u00e7\u00e3o do ciclo de vida e morte) e transforma\u00e7\u00e3o divina. O Canto Provoca uma Alegria Intoxicante &#8216;Estresse&#8217;, essa doen\u00e7a sempre presente e muitas vezes debilitante, afeta todos n\u00f3s. Abaixo, Guru Siyag fala sobre como o canto (repeti\u00e7\u00e3o mental do mantra de Guru Siyag) alivia o estresse de forma bastante eficaz. Sintam-se \u00e0 vontade para compartilhar (copiar-colar para uso pessoal apenas, por favor)! Em todo o mundo, 80% das doen\u00e7as s\u00e3o causadas por estresse. Kali Yuga lan\u00e7ou um v\u00e9u Tam\u00e1sico (negativo, escuro, opaco, inerte) sobre a humanidade. Seja rico ou pobre, as pessoas est\u00e3o constantemente sob imenso estresse. A ci\u00eancia m\u00e9dica n\u00e3o consegue tratar o estresse. Eles apenas prescrevem sedativos para acalmar os nervos. Os sentidos s\u00e3o adormecidos e o estresse parece diminuir enquanto o efeito da droga dura. Uma vez que o efeito intoxicante do sedativo passa, o estresse e as doen\u00e7as relacionadas voltam. &#8211;\u00a0 Mesmo n\u00f3s (filosofia Siddha Yoga) acreditamos que o estresse deve ser tratado com intoxica\u00e7\u00e3o. Mas a intoxica\u00e7\u00e3o n\u00e3o deve ser causada por mat\u00e9ria, mas por esp\u00edrito. Na Siddha Yoga, a intoxica\u00e7\u00e3o \u00e9 induzida pelo canto do nome de Deus (canto de mantra). &#8211;\u00a0 Cantar o nome de Deus provoca uma alegria intoxicante. \u00c9 um fato que essa alegria pode ser experimentada cantando o nome de Deus. M\u00edsticos e santos indianos como Guru Nanak se referiram a essa alegria como &#8220;naam khumari&#8221; (intoxica\u00e7\u00e3o pelo canto). Guru Nanak disse que a intoxica\u00e7\u00e3o por drogas passa na manh\u00e3 seguinte, mas a intoxica\u00e7\u00e3o pelo canto nunca passa. Outro santo indiano, Kabir, disse que a intoxica\u00e7\u00e3o pelo canto n\u00e3o passa. Em vez disso, a alegria intoxicante que ela d\u00e1 cresce todos os dias. O mantra que eu dou possui o poder divino de Radha e Krishna. &#8211;\u00a0 Krishna foi o nono e avatar completo (encarna\u00e7\u00e3o). Um avatar ainda est\u00e1 por vir \u2013 Kalki. H\u00e1 muito debate no mundo sobre se Kalki chegou ou n\u00e3o. Muitas pessoas afirmam ser Kalki. Aquele que for aceito universalmente ser\u00e1 proclamado como o Avatar Kalki. Assim, cantar o nome de Deus provoca uma alegria intoxicante. No Bhagavad Gita, Lorde Sri Krishna se refere a isso como &#8216;Ananda&#8217; (alegria ou \u00eaxtase). H\u00e1 cinco shlokas (versos po\u00e9ticos) no Gita sobre isso: o 21\u00ba shloka do quinto cap\u00edtulo e quatro shlokas do sexto cap\u00edtulo \u2014 15, 21, 27, 28. Ele se refere ao &#8216;Ananda&#8217; de v\u00e1rias maneiras: ananda divino, ananda que transcende os sentidos e ananda produzido pela medita\u00e7\u00e3o em Deus. At\u00e9 que o homem experiment\u00e9 esse &#8216;Ananda&#8217; (alegria ou \u00eaxtase), ele n\u00e3o consegue diferenciar entre sukh (felicidade) e ananda (alegria ou \u00eaxtase). &#8211;\u00a0 Enquanto uma pessoa tem riqueza, um \u00f3timo carro, casa e fam\u00edlia, ela est\u00e1 feliz. Mas se at\u00e9 um \u00fanico item for tirado, sua felicidade \u00e9 destru\u00edda. Ent\u00e3o, se essa felicidade material \u00e9 felicidade verdadeira, por que \u00e9 destru\u00edda t\u00e3o facilmente? Essa menininha aqui est\u00e1 sentada brincando e se divertindo. Ela n\u00e3o est\u00e1 interessada no que eu digo, e por isso n\u00e3o encontra felicidade aqui. Quando ela tiver 20-25 anos, encontrar\u00e1 felicidade em outra coisa. Quando tiver cerca de 70-80 anos como eu, encontrar\u00e1 felicidade em algo completamente diferente. Ent\u00e3o, essa &#8216;felicidade&#8217; que as pessoas buscam \u00e9 produzida pelos sentidos. N\u00e3o \u00e9 &#8216;Ananda&#8217; (alegria ou \u00eaxtase). &#8211;\u00a0 &#8216;Ananda&#8217; \u00e9 Akshay (indestrut\u00edvel). N\u00e3o \u00e9 &#8216;Kshay&#8217; (destrut\u00edvel). Como disse Kabir: &#8220;A alegria intoxicante do canto do nome de Deus cresce todos os dias. Cantar o mantra que eu dou lhe dar\u00e1 &#8216;Ananda&#8217; (Alegria ou \u00eaxtase). O &#8216;Ananda&#8217; por sua vez o liberta completamente do estresse. O &#8216;Ananda&#8217; permanece com voc\u00ea dia e noite, e o liberta do estresse e doen\u00e7as relacionadas. E sem consumo de medicamentos. M\u00e9dicos da ci\u00eancia material acham isso muito dif\u00edcil de acreditar. &#8211;\u00a0 Eu aconselhei o Ocidente a n\u00e3o se concentrar apenas na mat\u00e9ria, mas tamb\u00e9m incluir o &#8216;esp\u00edrito&#8217;. Mat\u00e9ria mais esp\u00edrito significar\u00e1 o fim de todos os tipos de doen\u00e7as.&#8221;<\/p>\n","protected":false},"author":2,"featured_media":0,"parent":0,"menu_order":0,"comment_status":"closed","ping_status":"closed","template":"","meta":{"footnotes":""},"class_list":["post-1592","page","type-page","status-publish","hentry"],"aioseo_notices":[],"ams_acf":[],"_links":{"self":[{"href":"https:\/\/gurusiyagyoga.org\/pt\/wp-json\/wp\/v2\/pages\/1592","targetHints":{"allow":["GET"]}}],"collection":[{"href":"https:\/\/gurusiyagyoga.org\/pt\/wp-json\/wp\/v2\/pages"}],"about":[{"href":"https:\/\/gurusiyagyoga.org\/pt\/wp-json\/wp\/v2\/types\/page"}],"author":[{"embeddable":true,"href":"https:\/\/gurusiyagyoga.org\/pt\/wp-json\/wp\/v2\/users\/2"}],"replies":[{"embeddable":true,"href":"https:\/\/gurusiyagyoga.org\/pt\/wp-json\/wp\/v2\/comments?post=1592"}],"version-history":[{"count":2,"href":"https:\/\/gurusiyagyoga.org\/pt\/wp-json\/wp\/v2\/pages\/1592\/revisions"}],"predecessor-version":[{"id":1640,"href":"https:\/\/gurusiyagyoga.org\/pt\/wp-json\/wp\/v2\/pages\/1592\/revisions\/1640"}],"wp:attachment":[{"href":"https:\/\/gurusiyagyoga.org\/pt\/wp-json\/wp\/v2\/media?parent=1592"}],"curies":[{"name":"wp","href":"https:\/\/api.w.org\/{rel}","templated":true}]}}