{"id":1606,"date":"2026-01-27T09:06:12","date_gmt":"2026-01-27T09:06:12","guid":{"rendered":"https:\/\/gurusiyagyoga.org\/pt\/?page_id=1606"},"modified":"2026-02-02T17:46:13","modified_gmt":"2026-02-02T17:46:13","slug":"brief","status":"publish","type":"page","link":"https:\/\/gurusiyagyoga.org\/pt\/brief\/","title":{"rendered":"6.1 GSY em Resumo"},"content":{"rendered":"<p style=\"font-weight: 400;\"><strong>Quem \u00e9 um Guru?<\/strong><\/p>\n<p style=\"font-weight: 400;\">Guru n\u00e3o \u00e9 apenas o indiv\u00edduo que voc\u00ea v\u00ea em um corpo mortal. Seu corpo mortal murchar\u00e1 e encontrar\u00e1 seu fim um dia. Mas o Guru \u00e9 a for\u00e7a divina que nunca morre; ele \u00e9 eterno e atemporal. O Guru cresce dentro (das profundezas internas da consci\u00eancia do buscador). Na ci\u00eancia yogue, tempo e espa\u00e7o n\u00e3o t\u00eam valor. Voc\u00ea est\u00e1 dentro de mim; e eu estou dentro de voc\u00ea. Sempre que voc\u00ea se lembrar de mim, voc\u00ea me encontrar\u00e1 dentro de voc\u00ea. Se um Guru \u00e9 genu\u00edno, ele \u00e9 onipresente \u2014 ele est\u00e1 presente simultaneamente em todos os lugares; ele n\u00e3o \u00e9 limitado pelos limites de tempo e espa\u00e7o.<\/p>\n<p style=\"font-weight: 400;\">\n<p style=\"font-weight: 400;\"><strong>\u00bfO que \u00e9 GSY?<\/strong><\/p>\n<p style=\"font-weight: 400;\">A pr\u00e1tica da GSY origina-se de uma forma antiga de Yoga conhecida como &#8216;Siddha Yoga&#8217;. Devido ao grande n\u00famero de escolas de Yoga que brotaram no Ocidente, o termo &#8216;Yoga&#8217; passou a significar exerc\u00edcio f\u00edsico ou um processo pelo qual o corpo pode ser fortalecido. No entanto, o termo &#8216;Yoga&#8217; refere-se na verdade a uma &#8216;Uni\u00e3o com o Supremo&#8217;. A palavra &#8216;Siddha&#8217; significa aquilo que \u00e9 &#8216;perfeito&#8217;, &#8216;aperfei\u00e7oado&#8217; ou &#8217;empoderado&#8217;. Siddha Yoga \u00e9 o meio pelo qual o Yoga (uni\u00e3o) pode ser atingido sem esfor\u00e7o. Este Yoga s\u00f3 pode ser realizado pela gra\u00e7a do Guru Siddha (Aperfei\u00e7oado), sem nenhum esfor\u00e7o da parte do disc\u00edpulo.<\/p>\n<p style=\"font-weight: 400;\">Siddha Yoga \u00e9 um presente \u00e0 humanidade pela antiga seita Nath da tradi\u00e7\u00e3o do Yoga. O s\u00e1bio antigo Matsyendra Nath obteve o conhecimento do Yoga h\u00e1 milhares de anos diretamente de Lord Shiva na morada celestial nos Himalaias. Lord Shiva pediu a Matsyendra Nath para disseminar este conhecimento do Yoga a toda a humanidade para sua evolu\u00e7\u00e3o espiritual. Desde ent\u00e3o, o sistema de Yoga, cheio de conhecimento e sabedoria, vem sendo transmitido de gera\u00e7\u00e3o em gera\u00e7\u00e3o atrav\u00e9s da tradi\u00e7\u00e3o guru-disc\u00edpulo. \u00c9 t\u00e3o abrangente que integra todos os sistemas de Yoga como Bhakti Yoga, Karma Yoga, Raj Yoga, Kriya Yoga, Gyan Yoga, Laya Yoga, Bhava Yoga, Hatha Yoga, etc. Por isso, tamb\u00e9m \u00e9 chamado Purna Yoga (Yoga completo) ou Maha Yoga (Yoga grande).<\/p>\n<p style=\"font-weight: 400;\">Siddha Yoga \u00e9 o meio pelo qual o Yoga (uni\u00e3o) pode ser atingido sem esfor\u00e7o. Este Yoga s\u00f3 pode ser realizado pela gra\u00e7a do Guru Siddha (Aperfei\u00e7oado), sem nenhum esfor\u00e7o volunt\u00e1rio da parte do disc\u00edpulo. &#8216;Sem esfor\u00e7o&#8217; aqui significa que o disc\u00edpulo s\u00f3 tem que fazer a pr\u00e1tica, ele n\u00e3o precisa estabelecer metas espec\u00edficas para alcan\u00e7ar. A transforma\u00e7\u00e3o espiritual acontecer\u00e1 por si s\u00f3.<\/p>\n<p style=\"font-weight: 400;\">\n<p style=\"font-weight: 400;\"><strong>\u00bfO que envolve a pr\u00e1tica da GSY? <\/strong><\/p>\n<p style=\"font-weight: 400;\">A pr\u00e1tica da GSY envolve o canto (repeti\u00e7\u00e3o mental) de um mantra divino e medita\u00e7\u00e3o. Guru Siyag inicia um buscador na GSY como seu disc\u00edpulo dando-lhe\/ela um mantra \u2014 uma palavra divina \u2014 para cantar silenciosamente continuamente e tamb\u00e9m ensina um m\u00e9todo de medita\u00e7\u00e3o. O canto (Japa) do mantra torna-se involunt\u00e1rio quando \u00e9 repetido constantemente por um certo per\u00edodo de tempo. Isso, no entanto, depende diretamente do grau de intensidade, f\u00e9 e sinceridade com que o canto \u00e9 feito. Em alguns casos, o canto torna-se involunt\u00e1rio ap\u00f3s pouco mais de uma semana de pr\u00e1tica, enquanto em outros casos leva uma quinzena ou at\u00e9 alguns meses. Al\u00e9m do canto do mantra, o disc\u00edpulo tamb\u00e9m deve meditar por 15 minutos cada vez, duas a tr\u00eas vezes ao dia. A medita\u00e7\u00e3o e o canto juntos despertam a Kundalini dormente, uma for\u00e7a de energia no corpo do praticante, que induz Asana de yoga involunt\u00e1ria, kriya, bandh, pranayama e mudra.<\/p>\n<p style=\"font-weight: 400;\">\n<p style=\"font-weight: 400;\"><strong>Import\u00e2ncia da GSY<\/strong><\/p>\n<p style=\"font-weight: 400;\">Trazemos um pequeno trecho do discurso de Gurudev dado em 1999. Aqui, Ele fala sobre o que \u00e9 Yoga, e especificamente sobre a hist\u00f3ria e efeitos de sua seita de Yoga, Siddha Yoga. No final, est\u00e1 sua mensagem \u00e0 juventude e como eles trar\u00e3o uma transforma\u00e7\u00e3o atrav\u00e9s do Yoga.<\/p>\n<p style=\"font-weight: 400;\"><strong>Guru Siyag sobre Yoga &#8211; <\/strong><\/p>\n<p style=\"font-weight: 400;\">&#8220;Como voc\u00ea define yoga? O s\u00e1bio Patanjali no pr\u00f3prio segundo aforismo de seu tratado &#8216;Yoga Sutra&#8217; define yoga simplesmente como &#8216;uma neutraliza\u00e7\u00e3o das tend\u00eancias internas da mente chamadas Vrittis&#8217;. At\u00e9 que a mente, que \u00e9 inst\u00e1vel e corre de um lado para o outro, n\u00e3o se torne calma e est\u00e1vel, o buscador n\u00e3o pode nem meditar nem experimentar yoga (uma uni\u00e3o com a consci\u00eancia suprema). Na pr\u00e1tica do Siddha Yoga, de que falo, \u00e9 o Guru que sutilmente impede a mente do disc\u00edpulo de vagar, a acalma e a torna desprovida de qualquer pensamento.<\/p>\n<p style=\"font-weight: 400;\">A seita Nath da tradi\u00e7\u00e3o do Yoga que seguimos (atrav\u00e9s do Siddha Yoga) \u00e9 liderada por nove Naths (yogis asc\u00e9ticos) que s\u00e3o imortais. Machhindra Nathji foi o primeiro no pante\u00e3o de grandes Gurus quando a era atual de Kaliyuga come\u00e7ou h\u00e1 milh\u00f5es de anos.<\/p>\n<p style=\"font-weight: 400;\">Gorakhnathji foi um dos disc\u00edpulos de Machhindranathji. Gorakhnathji comparou os Vedas ao Kalpataru (\u00e1rvore m\u00edtica que realiza desejos) e descreveu o Yoga como o &#8216;Fruto imortal dos Vedas&#8217;. A pr\u00e1tica do Siddha Yoga liberta o praticante de uma tr\u00edade de afli\u00e7\u00f5es: f\u00edsica, mental e espiritual. Nenhuma afli\u00e7\u00e3o existe al\u00e9m dessas tr\u00eas categorias amplas. A pr\u00e1tica do Siddha Yoga tem libertado centenas de milhares de praticantes de todo tipo de doen\u00e7as e males f\u00edsicos.<\/p>\n<p style=\"font-weight: 400;\">\n<p style=\"font-weight: 400;\">Esta transforma\u00e7\u00e3o (atrav\u00e9s da elimina\u00e7\u00e3o da afli\u00e7\u00e3o tripla) baseia-se em uma filosofia tang\u00edvel. N\u00e3o \u00e9 uma cria\u00e7\u00e3o da imagina\u00e7\u00e3o criativa de algu\u00e9m. Estou ciente de que algumas pessoas empregam fic\u00e7\u00e3o ao lidar com a filosofia yogue porque seus conselhos s\u00e3o puramente te\u00f3ricos e carecem de experi\u00eancia pr\u00e1tica. Alguns &#8216;Gurus&#8217; chegam ao extremo de dizer que a Kundalini pode ser despertada se o buscador praticar Yoga por 20 anos! \u00bfA isso eu digo, Qual \u00e9 a garantia de que um Guru e seu disc\u00edpulo viver\u00e3o por 20 anos? \u00bfPor que se esfor\u00e7ar por 20 anos por algo que voc\u00ea pode alcan\u00e7ar hoje? \u00bfPor que n\u00e3o ganhar consci\u00eancia espiritual aqui e agora? Essa conversa sobre 20 anos \u00e9 completa bobagem.&#8221;<\/p>\n<p style=\"font-weight: 400;\">\n<p style=\"font-weight: 400;\"><strong>Mensagem \u00e0 Juventude<\/strong><\/p>\n<p style=\"font-weight: 400;\">A inf\u00e2ncia ou adolesc\u00eancia \u00e9 o momento certo para come\u00e7ar sua jornada espiritual. \u00c9 necess\u00e1rio passar pela transforma\u00e7\u00e3o espiritual em idade jovem. Quase 90% dos meus disc\u00edpulos s\u00e3o jovens.<\/p>\n<p style=\"font-weight: 400;\">Tenho uma forte cren\u00e7a de que uma revolu\u00e7\u00e3o espiritual (despertar) n\u00e3o pode acontecer no mundo a menos que a juventude se torne espiritualmente consciente. \u00c9 a juventude que trar\u00e1 uma transforma\u00e7\u00e3o no mundo. A juventude fez isso no passado, e o far\u00e1 no futuro.<\/p>\n","protected":false},"excerpt":{"rendered":"<p>Quem \u00e9 um Guru? Guru n\u00e3o \u00e9 apenas o indiv\u00edduo que voc\u00ea v\u00ea em um corpo mortal. Seu corpo mortal murchar\u00e1 e encontrar\u00e1 seu fim um dia. Mas o Guru \u00e9 a for\u00e7a divina que nunca morre; ele \u00e9 eterno e atemporal. O Guru cresce dentro (das profundezas internas da consci\u00eancia do buscador). Na ci\u00eancia yogue, tempo e espa\u00e7o n\u00e3o t\u00eam valor. Voc\u00ea est\u00e1 dentro de mim; e eu estou dentro de voc\u00ea. Sempre que voc\u00ea se lembrar de mim, voc\u00ea me encontrar\u00e1 dentro de voc\u00ea. Se um Guru \u00e9 genu\u00edno, ele \u00e9 onipresente \u2014 ele est\u00e1 presente simultaneamente em todos os lugares; ele n\u00e3o \u00e9 limitado pelos limites de tempo e espa\u00e7o. \u00bfO que \u00e9 GSY? A pr\u00e1tica da GSY origina-se de uma forma antiga de Yoga conhecida como &#8216;Siddha Yoga&#8217;. Devido ao grande n\u00famero de escolas de Yoga que brotaram no Ocidente, o termo &#8216;Yoga&#8217; passou a significar exerc\u00edcio f\u00edsico ou um processo pelo qual o corpo pode ser fortalecido. No entanto, o termo &#8216;Yoga&#8217; refere-se na verdade a uma &#8216;Uni\u00e3o com o Supremo&#8217;. A palavra &#8216;Siddha&#8217; significa aquilo que \u00e9 &#8216;perfeito&#8217;, &#8216;aperfei\u00e7oado&#8217; ou &#8217;empoderado&#8217;. Siddha Yoga \u00e9 o meio pelo qual o Yoga (uni\u00e3o) pode ser atingido sem esfor\u00e7o. Este Yoga s\u00f3 pode ser realizado pela gra\u00e7a do Guru Siddha (Aperfei\u00e7oado), sem nenhum esfor\u00e7o da parte do disc\u00edpulo. Siddha Yoga \u00e9 um presente \u00e0 humanidade pela antiga seita Nath da tradi\u00e7\u00e3o do Yoga. O s\u00e1bio antigo Matsyendra Nath obteve o conhecimento do Yoga h\u00e1 milhares de anos diretamente de Lord Shiva na morada celestial nos Himalaias. Lord Shiva pediu a Matsyendra Nath para disseminar este conhecimento do Yoga a toda a humanidade para sua evolu\u00e7\u00e3o espiritual. Desde ent\u00e3o, o sistema de Yoga, cheio de conhecimento e sabedoria, vem sendo transmitido de gera\u00e7\u00e3o em gera\u00e7\u00e3o atrav\u00e9s da tradi\u00e7\u00e3o guru-disc\u00edpulo. \u00c9 t\u00e3o abrangente que integra todos os sistemas de Yoga como Bhakti Yoga, Karma Yoga, Raj Yoga, Kriya Yoga, Gyan Yoga, Laya Yoga, Bhava Yoga, Hatha Yoga, etc. Por isso, tamb\u00e9m \u00e9 chamado Purna Yoga (Yoga completo) ou Maha Yoga (Yoga grande). Siddha Yoga \u00e9 o meio pelo qual o Yoga (uni\u00e3o) pode ser atingido sem esfor\u00e7o. Este Yoga s\u00f3 pode ser realizado pela gra\u00e7a do Guru Siddha (Aperfei\u00e7oado), sem nenhum esfor\u00e7o volunt\u00e1rio da parte do disc\u00edpulo. &#8216;Sem esfor\u00e7o&#8217; aqui significa que o disc\u00edpulo s\u00f3 tem que fazer a pr\u00e1tica, ele n\u00e3o precisa estabelecer metas espec\u00edficas para alcan\u00e7ar. A transforma\u00e7\u00e3o espiritual acontecer\u00e1 por si s\u00f3. \u00bfO que envolve a pr\u00e1tica da GSY? A pr\u00e1tica da GSY envolve o canto (repeti\u00e7\u00e3o mental) de um mantra divino e medita\u00e7\u00e3o. Guru Siyag inicia um buscador na GSY como seu disc\u00edpulo dando-lhe\/ela um mantra \u2014 uma palavra divina \u2014 para cantar silenciosamente continuamente e tamb\u00e9m ensina um m\u00e9todo de medita\u00e7\u00e3o. O canto (Japa) do mantra torna-se involunt\u00e1rio quando \u00e9 repetido constantemente por um certo per\u00edodo de tempo. Isso, no entanto, depende diretamente do grau de intensidade, f\u00e9 e sinceridade com que o canto \u00e9 feito. Em alguns casos, o canto torna-se involunt\u00e1rio ap\u00f3s pouco mais de uma semana de pr\u00e1tica, enquanto em outros casos leva uma quinzena ou at\u00e9 alguns meses. Al\u00e9m do canto do mantra, o disc\u00edpulo tamb\u00e9m deve meditar por 15 minutos cada vez, duas a tr\u00eas vezes ao dia. A medita\u00e7\u00e3o e o canto juntos despertam a Kundalini dormente, uma for\u00e7a de energia no corpo do praticante, que induz Asana de yoga involunt\u00e1ria, kriya, bandh, pranayama e mudra. Import\u00e2ncia da GSY Trazemos um pequeno trecho do discurso de Gurudev dado em 1999. Aqui, Ele fala sobre o que \u00e9 Yoga, e especificamente sobre a hist\u00f3ria e efeitos de sua seita de Yoga, Siddha Yoga. No final, est\u00e1 sua mensagem \u00e0 juventude e como eles trar\u00e3o uma transforma\u00e7\u00e3o atrav\u00e9s do Yoga. Guru Siyag sobre Yoga &#8211; &#8220;Como voc\u00ea define yoga? O s\u00e1bio Patanjali no pr\u00f3prio segundo aforismo de seu tratado &#8216;Yoga Sutra&#8217; define yoga simplesmente como &#8216;uma neutraliza\u00e7\u00e3o das tend\u00eancias internas da mente chamadas Vrittis&#8217;. At\u00e9 que a mente, que \u00e9 inst\u00e1vel e corre de um lado para o outro, n\u00e3o se torne calma e est\u00e1vel, o buscador n\u00e3o pode nem meditar nem experimentar yoga (uma uni\u00e3o com a consci\u00eancia suprema). Na pr\u00e1tica do Siddha Yoga, de que falo, \u00e9 o Guru que sutilmente impede a mente do disc\u00edpulo de vagar, a acalma e a torna desprovida de qualquer pensamento. A seita Nath da tradi\u00e7\u00e3o do Yoga que seguimos (atrav\u00e9s do Siddha Yoga) \u00e9 liderada por nove Naths (yogis asc\u00e9ticos) que s\u00e3o imortais. Machhindra Nathji foi o primeiro no pante\u00e3o de grandes Gurus quando a era atual de Kaliyuga come\u00e7ou h\u00e1 milh\u00f5es de anos. Gorakhnathji foi um dos disc\u00edpulos de Machhindranathji. Gorakhnathji comparou os Vedas ao Kalpataru (\u00e1rvore m\u00edtica que realiza desejos) e descreveu o Yoga como o &#8216;Fruto imortal dos Vedas&#8217;. A pr\u00e1tica do Siddha Yoga liberta o praticante de uma tr\u00edade de afli\u00e7\u00f5es: f\u00edsica, mental e espiritual. Nenhuma afli\u00e7\u00e3o existe al\u00e9m dessas tr\u00eas categorias amplas. A pr\u00e1tica do Siddha Yoga tem libertado centenas de milhares de praticantes de todo tipo de doen\u00e7as e males f\u00edsicos. Esta transforma\u00e7\u00e3o (atrav\u00e9s da elimina\u00e7\u00e3o da afli\u00e7\u00e3o tripla) baseia-se em uma filosofia tang\u00edvel. N\u00e3o \u00e9 uma cria\u00e7\u00e3o da imagina\u00e7\u00e3o criativa de algu\u00e9m. Estou ciente de que algumas pessoas empregam fic\u00e7\u00e3o ao lidar com a filosofia yogue porque seus conselhos s\u00e3o puramente te\u00f3ricos e carecem de experi\u00eancia pr\u00e1tica. Alguns &#8216;Gurus&#8217; chegam ao extremo de dizer que a Kundalini pode ser despertada se o buscador praticar Yoga por 20 anos! \u00bfA isso eu digo, Qual \u00e9 a garantia de que um Guru e seu disc\u00edpulo viver\u00e3o por 20 anos? \u00bfPor que se esfor\u00e7ar por 20 anos por algo que voc\u00ea pode alcan\u00e7ar hoje? \u00bfPor que n\u00e3o ganhar consci\u00eancia espiritual aqui e agora? Essa conversa sobre 20 anos \u00e9 completa bobagem.&#8221; Mensagem \u00e0 Juventude A inf\u00e2ncia ou adolesc\u00eancia \u00e9 o momento certo para come\u00e7ar sua jornada espiritual. \u00c9 necess\u00e1rio passar pela transforma\u00e7\u00e3o espiritual em idade jovem. Quase 90% dos meus disc\u00edpulos s\u00e3o jovens. Tenho uma forte cren\u00e7a de que uma revolu\u00e7\u00e3o espiritual (despertar) n\u00e3o pode acontecer no [&hellip;]<\/p>\n","protected":false},"author":2,"featured_media":0,"parent":0,"menu_order":0,"comment_status":"closed","ping_status":"closed","template":"","meta":{"footnotes":""},"class_list":["post-1606","page","type-page","status-publish","hentry"],"aioseo_notices":[],"ams_acf":[],"_links":{"self":[{"href":"https:\/\/gurusiyagyoga.org\/pt\/wp-json\/wp\/v2\/pages\/1606","targetHints":{"allow":["GET"]}}],"collection":[{"href":"https:\/\/gurusiyagyoga.org\/pt\/wp-json\/wp\/v2\/pages"}],"about":[{"href":"https:\/\/gurusiyagyoga.org\/pt\/wp-json\/wp\/v2\/types\/page"}],"author":[{"embeddable":true,"href":"https:\/\/gurusiyagyoga.org\/pt\/wp-json\/wp\/v2\/users\/2"}],"replies":[{"embeddable":true,"href":"https:\/\/gurusiyagyoga.org\/pt\/wp-json\/wp\/v2\/comments?post=1606"}],"version-history":[{"count":2,"href":"https:\/\/gurusiyagyoga.org\/pt\/wp-json\/wp\/v2\/pages\/1606\/revisions"}],"predecessor-version":[{"id":1648,"href":"https:\/\/gurusiyagyoga.org\/pt\/wp-json\/wp\/v2\/pages\/1606\/revisions\/1648"}],"wp:attachment":[{"href":"https:\/\/gurusiyagyoga.org\/pt\/wp-json\/wp\/v2\/media?parent=1606"}],"curies":[{"name":"wp","href":"https:\/\/api.w.org\/{rel}","templated":true}]}}