{"id":1612,"date":"2026-01-27T09:08:24","date_gmt":"2026-01-27T09:08:24","guid":{"rendered":"https:\/\/gurusiyagyoga.org\/pt\/?page_id=1612"},"modified":"2026-02-02T17:49:39","modified_gmt":"2026-02-02T17:49:39","slug":"shaktipat","status":"publish","type":"page","link":"https:\/\/gurusiyagyoga.org\/pt\/shaktipat\/","title":{"rendered":"6.3 Inicia\u00e7\u00e3o Shaktipat"},"content":{"rendered":"<p style=\"font-weight: 400;\"><strong>O que \u00e9 Shaktipat Diksha<\/strong><\/p>\n<p style=\"font-weight: 400;\">Guru Siyag inicia disc\u00edpulos em sua Siddha Yoga despertando sua **Kundalini** atrav\u00e9s de um processo de inicia\u00e7\u00e3o conhecido como **Shaktipat Diksha**. Existem quatro maneiras pelas quais um Guru Siddha concede **Shaktipat**: toque f\u00edsico, pelo olhar, palavra divina e resolu\u00e7\u00e3o firme. Guru Siyag oferece Diksha atrav\u00e9s de uma palavra divina (mantra).<\/p>\n<p style=\"font-weight: 400;\">**Shaktipat** \u00e9 um termo em s\u00e2nscrito que combina duas palavras \u2013 **Shakti** (energia divina feminina) e **Pat** (cair). **Shaktipat** significa literalmente transi\u00e7\u00e3o de energia divina. Praticantes yogues frequentemente interpretam **Shaktipat** como a transmiss\u00e3o da energia divina do Guru para o corpo do buscador. Segundo Guru Siyag, essa \u00e9 uma compreens\u00e3o limitada do processo. Isso porque \u00e9 um fato reconhecido nas escrituras yogues que a **Kundalini** est\u00e1 presente em todo corpo humano, embora permane\u00e7a dormente. Portanto, n\u00e3o h\u00e1 quest\u00e3o de **Shakti** ser transmitida de uma pessoa para outra. No **Shaktipat**, o Guru atua apenas como catalisador usando sua for\u00e7a divina para despertar a **Kundalini**.<\/p>\n<p style=\"font-weight: 400;\">Como Guru Siyag explica: &#8220;N\u00e3o \u00e9 como se o Guru despejasse algo no corpo do buscador. O m\u00e9todo de **Diksha** que uso foi dado \u00e0 humanidade pela Seita Nath na tradi\u00e7\u00e3o yogue. \u00c9 chamado &#8216;**Shaktipat**&#8217;. **Shaktipat** n\u00e3o significa que o buscador recebe uma for\u00e7a externa atrav\u00e9s do Guru (como se acredita popularmente). Para usar uma analogia simples, **Shaktipat** \u00e9 como usar uma l\u00e2mpada acesa para acender uma l\u00e2mpada apagada. Voc\u00eas s\u00e3o como a l\u00e2mpada apagada que tem tudo \u2014 o pavio e o \u00f3leo. Tudo o que precisam \u00e9 de outra fonte acesa para iluminar a chama em sua l\u00e2mpada. Uma vez que se conectam \u00e0 fonte acesa, voc\u00eas mesmos se tornam luz. \u00c9 assim que posso descrever o processo de **Shaktipat** de forma ampla.&#8221;<\/p>\n<p style=\"font-weight: 400;\">**Shaktipat** \u00e9 um ato de imensa gra\u00e7a (**Anugraha**) por parte do Guru. Guru Siyag diz que, enquanto a\u00e7\u00f5es humanas sempre t\u00eam um motivo por tr\u00e1s, **Shaktipat** n\u00e3o carrega inten\u00e7\u00e3o alguma. Para mais d\u00favidas, envie e-mail para [gssyworld@gmail.com](mailto:gssyworld@gmail.com) ou WhatsApp (+91) 9468623528 ou ligue (+91)8369754399<\/p>\n<p style=\"font-weight: 400;\"><strong>V\u00e1rios m\u00e9todos de Shaktipat\u00a0 <\/strong><\/p>\n<p style=\"font-weight: 400;\">Um Guru Siddha pode realizar **Shaktipat** atrav\u00e9s de qualquer um dos quatro m\u00e9todos seguintes:<\/p>\n<ul>\n<li style=\"font-weight: 400;\">**Toque f\u00edsico**: Um Guru Siddha pode despertar a **Kundalini** simplesmente tocando um buscador. Ele pode fazer isso colocando a m\u00e3o na cabe\u00e7a do buscador ou tocando o **Ajnachakra** ou **Muladhara** (base da coluna vertebral). De acordo com o texto mitol\u00f3gico &#8216;Mahabharata&#8217;, Lord Krishna iniciou seu devoto favorito Arjuna na Yoga abra\u00e7ando-o e segurando-o perto do cora\u00e7\u00e3o por um momento. Krishna iniciou outro devoto lend\u00e1rio Dhruva tocando levemente a bochecha deste com sua concha.<\/li>\n<li style=\"font-weight: 400;\">**Pelo olhar**: Um Guru Siddha pode iniciar o buscador simplesmente olhando em seus olhos. A literatura espiritual indiana est\u00e1 repleta de anedotas sobre v\u00e1rios Gurus Siddha despertando a **Kundalini** de seus disc\u00edpulos apenas olhando para eles com compaix\u00e3o.<\/li>\n<li style=\"font-weight: 400;\">**Palavra divina**: Um Guru Siddha pode despertar a **Kundalini** de um buscador dando-lhe uma palavra divina ou mantra potente para recitar. Aqui a palavra \u00e9 divina porque est\u00e1 carregada com a consci\u00eancia c\u00f3smica incorporado pelo Guru.<\/li>\n<li style=\"font-weight: 400;\">**Resolu\u00e7\u00e3o firme**: Este \u00e9 o modo mais raro de despertar da Kundalini porque aqui a iniciativa est\u00e1 com o buscador e n\u00e3o com o Guru. Um buscador neste m\u00e9todo n\u00e3o se aproxima do Guru para uma inicia\u00e7\u00e3o formal para o despertar da Kundalini. Ele simplesmente faz uma resolu\u00e7\u00e3o inabal\u00e1vel, conhecida como **Sankalpa**, para ser iniciado pelo Guru que deseja seguir. Como o Guru \u00e9 a pr\u00f3pria incorpora\u00e7\u00e3o da consci\u00eancia c\u00f3smica divina, a forte resolu\u00e7\u00e3o do buscador \u00e9 instantaneamente recebida pelo Guru. **Sankalpa** \u00e9 a manifesta\u00e7\u00e3o da devo\u00e7\u00e3o total do buscador ou rendi\u00e7\u00e3o de seu ego ao Guru. Como esse tipo de devo\u00e7\u00e3o \u00e9 a principal qualifica\u00e7\u00e3o para receber gra\u00e7a divina, o Guru neste caso tem o dever de iniciar o buscador que faz tal **Sankalpa**. O &#8216;Mahabharata&#8217; menciona um caso raro em que Eklavya, o arqueiro lend\u00e1rio, foi iniciado na Yoga simplesmente fazendo um apelo resoluto perante uma est\u00e1tua que havia feito \u00e0 semelhan\u00e7a do Guru Dronacharya para favorec\u00ea-lo com inicia\u00e7\u00e3o. O apelo de Eklavya foi t\u00e3o intensamente sincero que a consci\u00eancia do Guru Dronacharya teve que responder positivamente a ele, embora ele n\u00e3o estivesse presente pessoalmente ou consciente da resolu\u00e7\u00e3o de Eklavya.<\/li>\n<\/ul>\n","protected":false},"excerpt":{"rendered":"<p>O que \u00e9 Shaktipat Diksha Guru Siyag inicia disc\u00edpulos em sua Siddha Yoga despertando sua **Kundalini** atrav\u00e9s de um processo de inicia\u00e7\u00e3o conhecido como **Shaktipat Diksha**. Existem quatro maneiras pelas quais um Guru Siddha concede **Shaktipat**: toque f\u00edsico, pelo olhar, palavra divina e resolu\u00e7\u00e3o firme. Guru Siyag oferece Diksha atrav\u00e9s de uma palavra divina (mantra). **Shaktipat** \u00e9 um termo em s\u00e2nscrito que combina duas palavras \u2013 **Shakti** (energia divina feminina) e **Pat** (cair). **Shaktipat** significa literalmente transi\u00e7\u00e3o de energia divina. Praticantes yogues frequentemente interpretam **Shaktipat** como a transmiss\u00e3o da energia divina do Guru para o corpo do buscador. Segundo Guru Siyag, essa \u00e9 uma compreens\u00e3o limitada do processo. Isso porque \u00e9 um fato reconhecido nas escrituras yogues que a **Kundalini** est\u00e1 presente em todo corpo humano, embora permane\u00e7a dormente. Portanto, n\u00e3o h\u00e1 quest\u00e3o de **Shakti** ser transmitida de uma pessoa para outra. No **Shaktipat**, o Guru atua apenas como catalisador usando sua for\u00e7a divina para despertar a **Kundalini**. Como Guru Siyag explica: &#8220;N\u00e3o \u00e9 como se o Guru despejasse algo no corpo do buscador. O m\u00e9todo de **Diksha** que uso foi dado \u00e0 humanidade pela Seita Nath na tradi\u00e7\u00e3o yogue. \u00c9 chamado &#8216;**Shaktipat**&#8217;. **Shaktipat** n\u00e3o significa que o buscador recebe uma for\u00e7a externa atrav\u00e9s do Guru (como se acredita popularmente). Para usar uma analogia simples, **Shaktipat** \u00e9 como usar uma l\u00e2mpada acesa para acender uma l\u00e2mpada apagada. Voc\u00eas s\u00e3o como a l\u00e2mpada apagada que tem tudo \u2014 o pavio e o \u00f3leo. Tudo o que precisam \u00e9 de outra fonte acesa para iluminar a chama em sua l\u00e2mpada. Uma vez que se conectam \u00e0 fonte acesa, voc\u00eas mesmos se tornam luz. \u00c9 assim que posso descrever o processo de **Shaktipat** de forma ampla.&#8221; **Shaktipat** \u00e9 um ato de imensa gra\u00e7a (**Anugraha**) por parte do Guru. Guru Siyag diz que, enquanto a\u00e7\u00f5es humanas sempre t\u00eam um motivo por tr\u00e1s, **Shaktipat** n\u00e3o carrega inten\u00e7\u00e3o alguma. Para mais d\u00favidas, envie e-mail para [gssyworld@gmail.com](mailto:gssyworld@gmail.com) ou WhatsApp (+91) 9468623528 ou ligue (+91)8369754399 V\u00e1rios m\u00e9todos de Shaktipat\u00a0 Um Guru Siddha pode realizar **Shaktipat** atrav\u00e9s de qualquer um dos quatro m\u00e9todos seguintes: **Toque f\u00edsico**: Um Guru Siddha pode despertar a **Kundalini** simplesmente tocando um buscador. Ele pode fazer isso colocando a m\u00e3o na cabe\u00e7a do buscador ou tocando o **Ajnachakra** ou **Muladhara** (base da coluna vertebral). De acordo com o texto mitol\u00f3gico &#8216;Mahabharata&#8217;, Lord Krishna iniciou seu devoto favorito Arjuna na Yoga abra\u00e7ando-o e segurando-o perto do cora\u00e7\u00e3o por um momento. Krishna iniciou outro devoto lend\u00e1rio Dhruva tocando levemente a bochecha deste com sua concha. **Pelo olhar**: Um Guru Siddha pode iniciar o buscador simplesmente olhando em seus olhos. A literatura espiritual indiana est\u00e1 repleta de anedotas sobre v\u00e1rios Gurus Siddha despertando a **Kundalini** de seus disc\u00edpulos apenas olhando para eles com compaix\u00e3o. **Palavra divina**: Um Guru Siddha pode despertar a **Kundalini** de um buscador dando-lhe uma palavra divina ou mantra potente para recitar. Aqui a palavra \u00e9 divina porque est\u00e1 carregada com a consci\u00eancia c\u00f3smica incorporado pelo Guru. **Resolu\u00e7\u00e3o firme**: Este \u00e9 o modo mais raro de despertar da Kundalini porque aqui a iniciativa est\u00e1 com o buscador e n\u00e3o com o Guru. Um buscador neste m\u00e9todo n\u00e3o se aproxima do Guru para uma inicia\u00e7\u00e3o formal para o despertar da Kundalini. Ele simplesmente faz uma resolu\u00e7\u00e3o inabal\u00e1vel, conhecida como **Sankalpa**, para ser iniciado pelo Guru que deseja seguir. Como o Guru \u00e9 a pr\u00f3pria incorpora\u00e7\u00e3o da consci\u00eancia c\u00f3smica divina, a forte resolu\u00e7\u00e3o do buscador \u00e9 instantaneamente recebida pelo Guru. **Sankalpa** \u00e9 a manifesta\u00e7\u00e3o da devo\u00e7\u00e3o total do buscador ou rendi\u00e7\u00e3o de seu ego ao Guru. Como esse tipo de devo\u00e7\u00e3o \u00e9 a principal qualifica\u00e7\u00e3o para receber gra\u00e7a divina, o Guru neste caso tem o dever de iniciar o buscador que faz tal **Sankalpa**. O &#8216;Mahabharata&#8217; menciona um caso raro em que Eklavya, o arqueiro lend\u00e1rio, foi iniciado na Yoga simplesmente fazendo um apelo resoluto perante uma est\u00e1tua que havia feito \u00e0 semelhan\u00e7a do Guru Dronacharya para favorec\u00ea-lo com inicia\u00e7\u00e3o. O apelo de Eklavya foi t\u00e3o intensamente sincero que a consci\u00eancia do Guru Dronacharya teve que responder positivamente a ele, embora ele n\u00e3o estivesse presente pessoalmente ou consciente da resolu\u00e7\u00e3o de Eklavya.<\/p>\n","protected":false},"author":2,"featured_media":0,"parent":0,"menu_order":0,"comment_status":"closed","ping_status":"closed","template":"","meta":{"footnotes":""},"class_list":["post-1612","page","type-page","status-publish","hentry"],"aioseo_notices":[],"ams_acf":[],"_links":{"self":[{"href":"https:\/\/gurusiyagyoga.org\/pt\/wp-json\/wp\/v2\/pages\/1612","targetHints":{"allow":["GET"]}}],"collection":[{"href":"https:\/\/gurusiyagyoga.org\/pt\/wp-json\/wp\/v2\/pages"}],"about":[{"href":"https:\/\/gurusiyagyoga.org\/pt\/wp-json\/wp\/v2\/types\/page"}],"author":[{"embeddable":true,"href":"https:\/\/gurusiyagyoga.org\/pt\/wp-json\/wp\/v2\/users\/2"}],"replies":[{"embeddable":true,"href":"https:\/\/gurusiyagyoga.org\/pt\/wp-json\/wp\/v2\/comments?post=1612"}],"version-history":[{"count":3,"href":"https:\/\/gurusiyagyoga.org\/pt\/wp-json\/wp\/v2\/pages\/1612\/revisions"}],"predecessor-version":[{"id":1651,"href":"https:\/\/gurusiyagyoga.org\/pt\/wp-json\/wp\/v2\/pages\/1612\/revisions\/1651"}],"wp:attachment":[{"href":"https:\/\/gurusiyagyoga.org\/pt\/wp-json\/wp\/v2\/media?parent=1612"}],"curies":[{"name":"wp","href":"https:\/\/api.w.org\/{rel}","templated":true}]}}