{"id":1616,"date":"2026-01-27T09:09:43","date_gmt":"2026-01-27T09:09:43","guid":{"rendered":"https:\/\/gurusiyagyoga.org\/pt\/?page_id=1616"},"modified":"2026-02-02T17:54:49","modified_gmt":"2026-02-02T17:54:49","slug":"ajapa","status":"publish","type":"page","link":"https:\/\/gurusiyagyoga.org\/pt\/ajapa\/","title":{"rendered":"6.5 Ajapa Japa"},"content":{"rendered":"<p style=\"font-weight: 400;\"><strong>O que \u00e9 Ajapa Japa<\/strong><\/p>\n<p style=\"font-weight: 400;\">Este \u00e9 um termo em s\u00e2nscrito que literalmente se traduz como &#8220;a recita\u00e7\u00e3o que n\u00e3o \u00e9 recitada&#8221;. Quando um praticante recita consistentemente o mantra dado por Guru Siyag por um per\u00edodo de algumas semanas, o **Japa** do mantra (recita\u00e7\u00e3o mental) torna-se sem esfor\u00e7o e \u00e9 recitado involuntariamente dentro dele. O buscador s\u00f3 precisa prestar aten\u00e7\u00e3o a isso. Esse estado \u00e9 conhecido como **Ajapa Japa**. As *Kriyas* s\u00e3o induzidas pela *Kundalini* sem a vontade ou esfor\u00e7o do praticante. Da mesma forma, **Ajapa Japa** \u00e9 uma das muitas experi\u00eancias divinas causadas pelas *Kundalini*. *Ajapa Japa* \u00e9 experimentado por todos os praticantes que recitam o mantra de Guru Siyag com dedica\u00e7\u00e3o por um per\u00edodo consistente de tempo. N\u00e3o h\u00e1 dura\u00e7\u00e3o espec\u00edfica (desde o in\u00edcio da recita\u00e7\u00e3o) em que essa experi\u00eancia ocorre; ela varia para cada indiv\u00edduo. O que \u00e9 certo \u00e9 que ela \u00e9 experimentada por aqueles praticantes que recitam constantemente o m\u00e1ximo poss\u00edvel ao longo do dia (veja nossa postagem anterior sobre recita\u00e7\u00e3o 24 horas por dia). Se houver uma interrup\u00e7\u00e3o de alguns dias na recita\u00e7\u00e3o, a pr\u00e1tica \u00e9 inconsistente, e leva mais tempo para o praticante experimentar \u201cAjapa Japa\u201d.<\/p>\n<p style=\"font-weight: 400;\">Japa significa recita\u00e7\u00e3o de um mantra. \u00c9 a primeira e principal ferramenta que o praticante usa no caminho espiritual para alcan\u00e7ar consci\u00eancia superior em dire\u00e7\u00e3o ao objetivo final de *Moksha*.<\/p>\n<p style=\"font-weight: 400;\">O praticante \u00e9 obrigado a repetir o mantra incessantemente nas etapas iniciais da pr\u00e1tica. Isso \u00e9 feito para estabelecer na mente do praticante a consci\u00eancia do mantra e da for\u00e7a divina que ele representa. A recita\u00e7\u00e3o sustentada eventualmente leva \u00e0 repeti\u00e7\u00e3o do mantra sem qualquer esfor\u00e7o consciente por parte do praticante. Ele ent\u00e3o se torna totalmente consciente da presen\u00e7a constante do mantra em sua mente. Isso pode acontecer em quest\u00e3o de semanas, dependendo da determina\u00e7\u00e3o e devo\u00e7\u00e3o do praticante. Isso \u00e9 chamado **Ajapa Japa**. O prefixo **A** antes da palavra **Japa** literalmente significa recita\u00e7\u00e3o que ocorre sem os esfor\u00e7os conscientes do pr\u00f3prio praticante.<\/p>\n<p style=\"font-weight: 400;\">**Ajapa Japa** \u00e9 geralmente referido como recita\u00e7\u00e3o &#8220;autom\u00e1tica&#8221;. No entanto, o que realmente acontece nesta fase \u00e9 que o praticante se torna totalmente consciente da palavra divina que est\u00e1 eternamente presente e que permeia e ressoa espontaneamente na consci\u00eancia interior de todos os seres. **Ajapa Japa** \u00e9 um limiar vital, ap\u00f3s o qual o praticante avan\u00e7a para n\u00edveis mais altos de consci\u00eancia espiritual.<\/p>\n<p style=\"font-weight: 400;\">Para mais d\u00favidas, envie e-mail para [gssyworld@gmail.com](mailto:gssyworld@gmail.com) ou WhatsApp (+91) 9468623528 ou ligue (+91)8369754399<\/p>\n<p style=\"font-weight: 400;\">Para experimentar esta fase, o disc\u00edpulo deve recitar (repetir mentalmente) o mantra incessantemente durante suas horas de vig\u00edlia enquanto realiza suas tarefas e atividades rotineiras (comer, tomar banho, correr, dirigir, cozinhar etc.). Como a recita\u00e7\u00e3o \u00e9 feita silenciosamente na mente, ela n\u00e3o interrompe as atividades do praticante nem incomoda as pessoas ao seu redor. Quando o **Japa** \u00e9 feito de cora\u00e7\u00e3o (em vez de mecanicamente), o praticante nota mudan\u00e7as significativas na personalidade logo no in\u00edcio da pr\u00e1tica.<\/p>\n<p style=\"font-weight: 400;\">\n<p style=\"font-weight: 400;\"><strong>Indica\u00e7\u00f5es de Ajapa Japa\u00a0 <\/strong><\/p>\n<p style=\"font-weight: 400;\"><strong>\u00c9 *Ajapa Japa*? \u00bfComo ter certeza?\u00a0 <\/strong><\/p>\n<p style=\"font-weight: 400;\">Duas indica\u00e7\u00f5es confirmam a experi\u00eancia de *Ajapa Japa*:<\/p>\n<ul>\n<li>Normalmente, quando estamos envolvidos em qualquer atividade que requer foco mental, n\u00e3o \u00e9 poss\u00edvel recitar o mantra. No entanto, quando **Ajapa Japa** ocorre, a recita\u00e7\u00e3o continua apesar de nossa mente estar envolvida em outra coisa. \u00c9 quase como se, vendo a dedica\u00e7\u00e3o do praticante, a **Kundalini** assumisse a responsabilidade de recitar ela mesma.<\/li>\n<li>Quando acordamos no meio da noite, tornamo-nos quase instantaneamente conscientes de que o mantra est\u00e1 sendo recitado.<\/li>\n<\/ul>\n<p style=\"font-weight: 400;\">\n<p style=\"font-weight: 400;\">**O que fazer quando essa experi\u00eancia ocorre? **<\/p>\n<ul>\n<li>Em primeiro lugar: \u00a1aproveite! Quando os praticantes tratam uma experi\u00eancia com abertura e felicidade (em vez de suspeita e medo), o impacto dessa gra\u00e7a cresce. No caso de **Ajapa Japa**, a positividade por parte do buscador leva a uma experi\u00eancia de alegria profunda.<\/li>\n<li>Guru Siyag aconselha os disc\u00edpulos a prestarem aten\u00e7\u00e3o \u00e0 recita\u00e7\u00e3o 7-8 vezes ao dia. Ele diz: &#8220;Quando voc\u00ea recitar incessantemente o mantra que dei, a recita\u00e7\u00e3o se tornar\u00e1 involunt\u00e1ria. Voc\u00ea n\u00e3o poder\u00e1 par\u00e1-la mesmo se tentar. Voc\u00ea sentir\u00e1 como se &#8216;algu\u00e9m&#8217; em seu ser interior tivesse assumido o dever de recitar e o libertado do esfor\u00e7o. Durante o dia, preste aten\u00e7\u00e3o a essa recita\u00e7\u00e3o 7-8 vezes. \u00c9 s\u00f3 isso. Voc\u00ea n\u00e3o precisa mudar seu estilo de vida ou h\u00e1bitos alimentares de forma alguma. Nada \u00e9 proibido. A transforma\u00e7\u00e3o acontecer\u00e1 por si s\u00f3.&#8221;<\/li>\n<\/ul>\n","protected":false},"excerpt":{"rendered":"<p>O que \u00e9 Ajapa Japa Este \u00e9 um termo em s\u00e2nscrito que literalmente se traduz como &#8220;a recita\u00e7\u00e3o que n\u00e3o \u00e9 recitada&#8221;. Quando um praticante recita consistentemente o mantra dado por Guru Siyag por um per\u00edodo de algumas semanas, o **Japa** do mantra (recita\u00e7\u00e3o mental) torna-se sem esfor\u00e7o e \u00e9 recitado involuntariamente dentro dele. O buscador s\u00f3 precisa prestar aten\u00e7\u00e3o a isso. Esse estado \u00e9 conhecido como **Ajapa Japa**. As *Kriyas* s\u00e3o induzidas pela *Kundalini* sem a vontade ou esfor\u00e7o do praticante. Da mesma forma, **Ajapa Japa** \u00e9 uma das muitas experi\u00eancias divinas causadas pelas *Kundalini*. *Ajapa Japa* \u00e9 experimentado por todos os praticantes que recitam o mantra de Guru Siyag com dedica\u00e7\u00e3o por um per\u00edodo consistente de tempo. N\u00e3o h\u00e1 dura\u00e7\u00e3o espec\u00edfica (desde o in\u00edcio da recita\u00e7\u00e3o) em que essa experi\u00eancia ocorre; ela varia para cada indiv\u00edduo. O que \u00e9 certo \u00e9 que ela \u00e9 experimentada por aqueles praticantes que recitam constantemente o m\u00e1ximo poss\u00edvel ao longo do dia (veja nossa postagem anterior sobre recita\u00e7\u00e3o 24 horas por dia). Se houver uma interrup\u00e7\u00e3o de alguns dias na recita\u00e7\u00e3o, a pr\u00e1tica \u00e9 inconsistente, e leva mais tempo para o praticante experimentar \u201cAjapa Japa\u201d. Japa significa recita\u00e7\u00e3o de um mantra. \u00c9 a primeira e principal ferramenta que o praticante usa no caminho espiritual para alcan\u00e7ar consci\u00eancia superior em dire\u00e7\u00e3o ao objetivo final de *Moksha*. O praticante \u00e9 obrigado a repetir o mantra incessantemente nas etapas iniciais da pr\u00e1tica. Isso \u00e9 feito para estabelecer na mente do praticante a consci\u00eancia do mantra e da for\u00e7a divina que ele representa. A recita\u00e7\u00e3o sustentada eventualmente leva \u00e0 repeti\u00e7\u00e3o do mantra sem qualquer esfor\u00e7o consciente por parte do praticante. Ele ent\u00e3o se torna totalmente consciente da presen\u00e7a constante do mantra em sua mente. Isso pode acontecer em quest\u00e3o de semanas, dependendo da determina\u00e7\u00e3o e devo\u00e7\u00e3o do praticante. Isso \u00e9 chamado **Ajapa Japa**. O prefixo **A** antes da palavra **Japa** literalmente significa recita\u00e7\u00e3o que ocorre sem os esfor\u00e7os conscientes do pr\u00f3prio praticante. **Ajapa Japa** \u00e9 geralmente referido como recita\u00e7\u00e3o &#8220;autom\u00e1tica&#8221;. No entanto, o que realmente acontece nesta fase \u00e9 que o praticante se torna totalmente consciente da palavra divina que est\u00e1 eternamente presente e que permeia e ressoa espontaneamente na consci\u00eancia interior de todos os seres. **Ajapa Japa** \u00e9 um limiar vital, ap\u00f3s o qual o praticante avan\u00e7a para n\u00edveis mais altos de consci\u00eancia espiritual. Para mais d\u00favidas, envie e-mail para [gssyworld@gmail.com](mailto:gssyworld@gmail.com) ou WhatsApp (+91) 9468623528 ou ligue (+91)8369754399 Para experimentar esta fase, o disc\u00edpulo deve recitar (repetir mentalmente) o mantra incessantemente durante suas horas de vig\u00edlia enquanto realiza suas tarefas e atividades rotineiras (comer, tomar banho, correr, dirigir, cozinhar etc.). Como a recita\u00e7\u00e3o \u00e9 feita silenciosamente na mente, ela n\u00e3o interrompe as atividades do praticante nem incomoda as pessoas ao seu redor. Quando o **Japa** \u00e9 feito de cora\u00e7\u00e3o (em vez de mecanicamente), o praticante nota mudan\u00e7as significativas na personalidade logo no in\u00edcio da pr\u00e1tica. Indica\u00e7\u00f5es de Ajapa Japa\u00a0 \u00c9 *Ajapa Japa*? \u00bfComo ter certeza?\u00a0 Duas indica\u00e7\u00f5es confirmam a experi\u00eancia de *Ajapa Japa*: Normalmente, quando estamos envolvidos em qualquer atividade que requer foco mental, n\u00e3o \u00e9 poss\u00edvel recitar o mantra. No entanto, quando **Ajapa Japa** ocorre, a recita\u00e7\u00e3o continua apesar de nossa mente estar envolvida em outra coisa. \u00c9 quase como se, vendo a dedica\u00e7\u00e3o do praticante, a **Kundalini** assumisse a responsabilidade de recitar ela mesma. Quando acordamos no meio da noite, tornamo-nos quase instantaneamente conscientes de que o mantra est\u00e1 sendo recitado. **O que fazer quando essa experi\u00eancia ocorre? ** Em primeiro lugar: \u00a1aproveite! Quando os praticantes tratam uma experi\u00eancia com abertura e felicidade (em vez de suspeita e medo), o impacto dessa gra\u00e7a cresce. No caso de **Ajapa Japa**, a positividade por parte do buscador leva a uma experi\u00eancia de alegria profunda. Guru Siyag aconselha os disc\u00edpulos a prestarem aten\u00e7\u00e3o \u00e0 recita\u00e7\u00e3o 7-8 vezes ao dia. Ele diz: &#8220;Quando voc\u00ea recitar incessantemente o mantra que dei, a recita\u00e7\u00e3o se tornar\u00e1 involunt\u00e1ria. Voc\u00ea n\u00e3o poder\u00e1 par\u00e1-la mesmo se tentar. Voc\u00ea sentir\u00e1 como se &#8216;algu\u00e9m&#8217; em seu ser interior tivesse assumido o dever de recitar e o libertado do esfor\u00e7o. Durante o dia, preste aten\u00e7\u00e3o a essa recita\u00e7\u00e3o 7-8 vezes. \u00c9 s\u00f3 isso. Voc\u00ea n\u00e3o precisa mudar seu estilo de vida ou h\u00e1bitos alimentares de forma alguma. Nada \u00e9 proibido. A transforma\u00e7\u00e3o acontecer\u00e1 por si s\u00f3.&#8221;<\/p>\n","protected":false},"author":2,"featured_media":0,"parent":0,"menu_order":0,"comment_status":"closed","ping_status":"closed","template":"","meta":{"footnotes":""},"class_list":["post-1616","page","type-page","status-publish","hentry"],"aioseo_notices":[],"ams_acf":[],"_links":{"self":[{"href":"https:\/\/gurusiyagyoga.org\/pt\/wp-json\/wp\/v2\/pages\/1616","targetHints":{"allow":["GET"]}}],"collection":[{"href":"https:\/\/gurusiyagyoga.org\/pt\/wp-json\/wp\/v2\/pages"}],"about":[{"href":"https:\/\/gurusiyagyoga.org\/pt\/wp-json\/wp\/v2\/types\/page"}],"author":[{"embeddable":true,"href":"https:\/\/gurusiyagyoga.org\/pt\/wp-json\/wp\/v2\/users\/2"}],"replies":[{"embeddable":true,"href":"https:\/\/gurusiyagyoga.org\/pt\/wp-json\/wp\/v2\/comments?post=1616"}],"version-history":[{"count":2,"href":"https:\/\/gurusiyagyoga.org\/pt\/wp-json\/wp\/v2\/pages\/1616\/revisions"}],"predecessor-version":[{"id":1654,"href":"https:\/\/gurusiyagyoga.org\/pt\/wp-json\/wp\/v2\/pages\/1616\/revisions\/1654"}],"wp:attachment":[{"href":"https:\/\/gurusiyagyoga.org\/pt\/wp-json\/wp\/v2\/media?parent=1616"}],"curies":[{"name":"wp","href":"https:\/\/api.w.org\/{rel}","templated":true}]}}