{"id":1623,"date":"2026-01-27T09:11:37","date_gmt":"2026-01-27T09:11:37","guid":{"rendered":"https:\/\/gurusiyagyoga.org\/pt\/?page_id=1623"},"modified":"2026-02-02T17:56:58","modified_gmt":"2026-02-02T17:56:58","slug":"khechri","status":"publish","type":"page","link":"https:\/\/gurusiyagyoga.org\/pt\/khechri\/","title":{"rendered":"6.8 Khechari Mudra"},"content":{"rendered":"<ul>\n<li>Nas suas pr\u00f3prias palavras, Gurudev descreve a Khechari Mudra, o que ela significa e a import\u00e2ncia de recitar o mantra. Se voc\u00ea se inspirou nas palavras de Gurudev, compartilhe este post; por favor, resista \u00e0 tenta\u00e7\u00e3o de copiar e colar. Quando voc\u00ea compartilha o post, mais pessoas ser\u00e3o atra\u00eddas para nossa p\u00e1gina aqui:<\/li>\n<li>&#8220;Um tipo de \u2018mudra\u2019 (gesto espiritual) que os praticantes experimentam \u00e9 a Khechari Mudra. Nesta mudra, a l\u00edngua \u00e9 puxada para tr\u00e1s em dire\u00e7\u00e3o ao c\u00e9u da boca (palato) e ent\u00e3o toca um ponto ali. Quando toca este ponto, uma subst\u00e2ncia semelhante a n\u00e9ctar \u00e9 secretada.<\/li>\n<li>Gorakshnathji (antigo Yogi Nath) se referiu a esta subst\u00e2ncia como *Amrit* (Ambr\u00f3sia \/ N\u00e9ctar ou elixir da vida). Em forma po\u00e9tica, ele descreveu a *Khechari Mudra* como um po\u00e7o invertido na esfera celestial que secreta n\u00e9ctar. Aquele que est\u00e1 consciente bebe at\u00e9 saciar-se, enquanto o inconsciente permanece sedento. Aquele que prova este *Amrit* ganha o conhecimento de que \u00e9 imortal. E se \u00e9 *Amrit*, a quest\u00e3o do renascimento n\u00e3o surge.<\/li>\n<li>santo Kabir comparou o corpo a um pote de barro cheio de \u00e1gua. Este pote est\u00e1 imerso na \u00e1gua. Ent\u00e3o, h\u00e1 \u00e1gua no pote e tamb\u00e9m fora dele. O barro do pote de barro come\u00e7a a se desfazer pouco a pouco e logo o pote desmorona completamente. Assim que o pote desmorona, a \u00e1gua dentro do pote e fora dele se tornam uma s\u00f3. Esta realiza\u00e7\u00e3o de &#8216;unidade&#8217; acontece apenas pela gra\u00e7a do Guru. Este corpo que voc\u00ea valoriza tanto n\u00e3o \u00e9 nada al\u00e9m de um pote que desmoronar\u00e1 depois de um tempo. Se voc\u00ea quer se libertar deste ciclo de vida e morte, voc\u00ea deve recitar o mantra o tempo todo.<\/li>\n<li>\u201cTamb\u00e9m se diz: &#8220;Na Kali Yuga (Era da Falsidade), apenas recitar o nome de Deus pode gui\u00e1-lo para Moksha (liberta\u00e7\u00e3o).&#8221; Guru Nanak disse que a embriaguez por drogas desaparece na manh\u00e3 seguinte, mas a embriaguez pela recita\u00e7\u00e3o nunca desaparece. O santo Kabir tamb\u00e9m disse que a embriaguez pela recita\u00e7\u00e3o n\u00e3o desaparece. Pelo contr\u00e1rio, a alegria embriagante que ela d\u00e1 cresce a cada dia. O mantra que voc\u00ea recita, dado por mim, lhe dar\u00e1 uma alegria embriagante. \u00c9 uma embriaguez sem drogas.\u201d<\/li>\n<\/ul>\n","protected":false},"excerpt":{"rendered":"<p>Nas suas pr\u00f3prias palavras, Gurudev descreve a Khechari Mudra, o que ela significa e a import\u00e2ncia de recitar o mantra. Se voc\u00ea se inspirou nas palavras de Gurudev, compartilhe este post; por favor, resista \u00e0 tenta\u00e7\u00e3o de copiar e colar. Quando voc\u00ea compartilha o post, mais pessoas ser\u00e3o atra\u00eddas para nossa p\u00e1gina aqui: &#8220;Um tipo de \u2018mudra\u2019 (gesto espiritual) que os praticantes experimentam \u00e9 a Khechari Mudra. Nesta mudra, a l\u00edngua \u00e9 puxada para tr\u00e1s em dire\u00e7\u00e3o ao c\u00e9u da boca (palato) e ent\u00e3o toca um ponto ali. Quando toca este ponto, uma subst\u00e2ncia semelhante a n\u00e9ctar \u00e9 secretada. Gorakshnathji (antigo Yogi Nath) se referiu a esta subst\u00e2ncia como *Amrit* (Ambr\u00f3sia \/ N\u00e9ctar ou elixir da vida). Em forma po\u00e9tica, ele descreveu a *Khechari Mudra* como um po\u00e7o invertido na esfera celestial que secreta n\u00e9ctar. Aquele que est\u00e1 consciente bebe at\u00e9 saciar-se, enquanto o inconsciente permanece sedento. Aquele que prova este *Amrit* ganha o conhecimento de que \u00e9 imortal. E se \u00e9 *Amrit*, a quest\u00e3o do renascimento n\u00e3o surge. santo Kabir comparou o corpo a um pote de barro cheio de \u00e1gua. Este pote est\u00e1 imerso na \u00e1gua. Ent\u00e3o, h\u00e1 \u00e1gua no pote e tamb\u00e9m fora dele. O barro do pote de barro come\u00e7a a se desfazer pouco a pouco e logo o pote desmorona completamente. Assim que o pote desmorona, a \u00e1gua dentro do pote e fora dele se tornam uma s\u00f3. Esta realiza\u00e7\u00e3o de &#8216;unidade&#8217; acontece apenas pela gra\u00e7a do Guru. Este corpo que voc\u00ea valoriza tanto n\u00e3o \u00e9 nada al\u00e9m de um pote que desmoronar\u00e1 depois de um tempo. Se voc\u00ea quer se libertar deste ciclo de vida e morte, voc\u00ea deve recitar o mantra o tempo todo. \u201cTamb\u00e9m se diz: &#8220;Na Kali Yuga (Era da Falsidade), apenas recitar o nome de Deus pode gui\u00e1-lo para Moksha (liberta\u00e7\u00e3o).&#8221; Guru Nanak disse que a embriaguez por drogas desaparece na manh\u00e3 seguinte, mas a embriaguez pela recita\u00e7\u00e3o nunca desaparece. O santo Kabir tamb\u00e9m disse que a embriaguez pela recita\u00e7\u00e3o n\u00e3o desaparece. Pelo contr\u00e1rio, a alegria embriagante que ela d\u00e1 cresce a cada dia. O mantra que voc\u00ea recita, dado por mim, lhe dar\u00e1 uma alegria embriagante. \u00c9 uma embriaguez sem drogas.\u201d<\/p>\n","protected":false},"author":2,"featured_media":0,"parent":0,"menu_order":0,"comment_status":"closed","ping_status":"closed","template":"","meta":{"footnotes":""},"class_list":["post-1623","page","type-page","status-publish","hentry"],"aioseo_notices":[],"ams_acf":[],"_links":{"self":[{"href":"https:\/\/gurusiyagyoga.org\/pt\/wp-json\/wp\/v2\/pages\/1623","targetHints":{"allow":["GET"]}}],"collection":[{"href":"https:\/\/gurusiyagyoga.org\/pt\/wp-json\/wp\/v2\/pages"}],"about":[{"href":"https:\/\/gurusiyagyoga.org\/pt\/wp-json\/wp\/v2\/types\/page"}],"author":[{"embeddable":true,"href":"https:\/\/gurusiyagyoga.org\/pt\/wp-json\/wp\/v2\/users\/2"}],"replies":[{"embeddable":true,"href":"https:\/\/gurusiyagyoga.org\/pt\/wp-json\/wp\/v2\/comments?post=1623"}],"version-history":[{"count":2,"href":"https:\/\/gurusiyagyoga.org\/pt\/wp-json\/wp\/v2\/pages\/1623\/revisions"}],"predecessor-version":[{"id":1657,"href":"https:\/\/gurusiyagyoga.org\/pt\/wp-json\/wp\/v2\/pages\/1623\/revisions\/1657"}],"wp:attachment":[{"href":"https:\/\/gurusiyagyoga.org\/pt\/wp-json\/wp\/v2\/media?parent=1623"}],"curies":[{"name":"wp","href":"https:\/\/api.w.org\/{rel}","templated":true}]}}