{"id":1627,"date":"2026-01-27T09:13:08","date_gmt":"2026-01-27T09:13:08","guid":{"rendered":"https:\/\/gurusiyagyoga.org\/pt\/?page_id=1627"},"modified":"2026-02-02T17:59:06","modified_gmt":"2026-02-02T17:59:06","slug":"sanatan","status":"publish","type":"page","link":"https:\/\/gurusiyagyoga.org\/pt\/sanatan\/","title":{"rendered":"6.10 Aspecto Sanatan"},"content":{"rendered":"<p style=\"font-weight: 400;\"><strong>\u00bfO que \u00e9 o Dharma Hindu?<\/strong><\/p>\n<p style=\"font-weight: 400;\"><strong>Trecho de uma palestra proferida por Guru Siyag em 2000:<\/strong><\/p>\n<p style=\"font-weight: 400;\">&#8220;O que \u00e9 o Dharma Hindu? Se algu\u00e9m nos perguntasse isso, simplesmente dir\u00edamos que somos hindus. Mas n\u00e3o conseguimos explicar o que significa ser realmente hindu. Ser hindu significa ser um ser humano completamente evolu\u00eddo. Estou ciente; n\u00e3o \u00e9 assim hoje. Mas \u00e9 assim que nossa filosofia religiosa interpreta o significado de quem segue a f\u00e9 hindu. Esta \u00e9 a filosofia Advaita (n\u00e3o-dual) que somente n\u00f3s presenteamos ao mundo. Toda as outras religi\u00f5es evolu\u00edram com base na dualidade, o que significa que Deus e o homem s\u00e3o duas entidades separadas. Elas dizem que \u00e9 imposs\u00edvel para o homem experimentar e realizar Deus diretamente. Mas experimentar e realizar Deus diretamente \u00e9 precisamente o objetivo final da filosofia hindu. Sem a realiza\u00e7\u00e3o de Deus, a vida humana n\u00e3o pode ser completa.<\/p>\n<p style=\"font-weight: 400;\">&#8220;A quest\u00e3o \u00e9: \u00bfse a filosofia Advaita oferece o escopo para a evolu\u00e7\u00e3o completa do homem, qual poderia ser o processo ou m\u00e9todo para realiz\u00e1-la praticamente? Somente a religi\u00e3o hindu estabelece esse processo. Ela diz que o homem nasce duas vezes na mesma vida. O nascimento biol\u00f3gico do homem atrav\u00e9s de seus pais \u00e9 seu primeiro nascimento f\u00edsico. Quando ele encontra um Guru e \u00e9 iniciado por ele na vida espiritual, \u00e9 o segundo nascimento espiritual do homem. (A pr\u00e1tica espiritual sob a orienta\u00e7\u00e3o do Guru marca o processo de experimentar praticamente o princ\u00edpio da n\u00e3o-dualidade). Quando uma pessoa recebe a Diksha de Siddha Yoga e segue o caminho espiritual, o disc\u00edpulo eventualmente atinge Atma-Sakshatkar \u2014 autorrealiza\u00e7\u00e3o. O disc\u00edpulo ent\u00e3o percebe seu verdadeiro eu (como distintamente diferente de como ele se percebe como um eu individual de forma material).<\/p>\n<p style=\"font-weight: 400;\">&#8220;Hoje, o conhecimento livresco do conceito filos\u00f3fico de autorrealiza\u00e7\u00e3o levou quase todos n\u00f3s a recorrer a um Guru para experimentar praticamente o princ\u00edpio da n\u00e3o-dualidade. No entanto, n\u00e3o encontramos diferen\u00e7a discern\u00edvel em nossa composi\u00e7\u00e3o mental, comportamento e estilo de vida rotineiro que segu\u00edamos antes de sermos iniciados por um Guru e aquele que seguimos ap\u00f3s come\u00e7ar uma vida espiritual.<\/p>\n<p style=\"font-weight: 400;\">No entanto, isso n\u00e3o significa que o conceito hindu de uma pessoa nascer duas vezes na mesma vida seja uma imagina\u00e7\u00e3o de algu\u00e9m. Esse conceito \u00e9 uma realidade (se o Guru for uma pessoa verdadeiramente iluminada que pode trazer uma transforma\u00e7\u00e3o espiritual em seu disc\u00edpulo). A religi\u00e3o hindu \u00e9 verdadeiramente uma religi\u00e3o universal para a humanidade. Meus disc\u00edpulos v\u00eam de diferentes etnias, castas, ra\u00e7as, religi\u00f5es e nacionalidades. Agora, as pessoas podem ter origens diferentes, mas t\u00eam a mesma composi\u00e7\u00e3o f\u00edsica do corpo humano. Ent\u00e3o, apesar de suas origens diferentes, as pessoas passam pela mesma transforma\u00e7\u00e3o espiritual. A filosofia hindu n\u00e3o acredita em convers\u00e3o religiosa ou proselitismo. Ela fala em trazer uma mudan\u00e7a interior, transforma\u00e7\u00e3o em uma pessoa (e n\u00e3o uma mudan\u00e7a externa de identidade como acontece quando uma pessoa muda sua lealdade de uma f\u00e9 para outra). Digo \u00e0s pessoas de outras f\u00e9s que v\u00eam at\u00e9 mim: &#8216;N\u00e3o abandone sua religi\u00e3o, mas siga o m\u00e9todo pr\u00e1tico que eu mostro para despertar sua energia interior e transformar sua vida&#8217;.&#8221;<\/p>\n","protected":false},"excerpt":{"rendered":"<p>\u00bfO que \u00e9 o Dharma Hindu? Trecho de uma palestra proferida por Guru Siyag em 2000: &#8220;O que \u00e9 o Dharma Hindu? Se algu\u00e9m nos perguntasse isso, simplesmente dir\u00edamos que somos hindus. Mas n\u00e3o conseguimos explicar o que significa ser realmente hindu. Ser hindu significa ser um ser humano completamente evolu\u00eddo. Estou ciente; n\u00e3o \u00e9 assim hoje. Mas \u00e9 assim que nossa filosofia religiosa interpreta o significado de quem segue a f\u00e9 hindu. Esta \u00e9 a filosofia Advaita (n\u00e3o-dual) que somente n\u00f3s presenteamos ao mundo. Toda as outras religi\u00f5es evolu\u00edram com base na dualidade, o que significa que Deus e o homem s\u00e3o duas entidades separadas. Elas dizem que \u00e9 imposs\u00edvel para o homem experimentar e realizar Deus diretamente. Mas experimentar e realizar Deus diretamente \u00e9 precisamente o objetivo final da filosofia hindu. Sem a realiza\u00e7\u00e3o de Deus, a vida humana n\u00e3o pode ser completa. &#8220;A quest\u00e3o \u00e9: \u00bfse a filosofia Advaita oferece o escopo para a evolu\u00e7\u00e3o completa do homem, qual poderia ser o processo ou m\u00e9todo para realiz\u00e1-la praticamente? Somente a religi\u00e3o hindu estabelece esse processo. Ela diz que o homem nasce duas vezes na mesma vida. O nascimento biol\u00f3gico do homem atrav\u00e9s de seus pais \u00e9 seu primeiro nascimento f\u00edsico. Quando ele encontra um Guru e \u00e9 iniciado por ele na vida espiritual, \u00e9 o segundo nascimento espiritual do homem. (A pr\u00e1tica espiritual sob a orienta\u00e7\u00e3o do Guru marca o processo de experimentar praticamente o princ\u00edpio da n\u00e3o-dualidade). Quando uma pessoa recebe a Diksha de Siddha Yoga e segue o caminho espiritual, o disc\u00edpulo eventualmente atinge Atma-Sakshatkar \u2014 autorrealiza\u00e7\u00e3o. O disc\u00edpulo ent\u00e3o percebe seu verdadeiro eu (como distintamente diferente de como ele se percebe como um eu individual de forma material). &#8220;Hoje, o conhecimento livresco do conceito filos\u00f3fico de autorrealiza\u00e7\u00e3o levou quase todos n\u00f3s a recorrer a um Guru para experimentar praticamente o princ\u00edpio da n\u00e3o-dualidade. No entanto, n\u00e3o encontramos diferen\u00e7a discern\u00edvel em nossa composi\u00e7\u00e3o mental, comportamento e estilo de vida rotineiro que segu\u00edamos antes de sermos iniciados por um Guru e aquele que seguimos ap\u00f3s come\u00e7ar uma vida espiritual. No entanto, isso n\u00e3o significa que o conceito hindu de uma pessoa nascer duas vezes na mesma vida seja uma imagina\u00e7\u00e3o de algu\u00e9m. Esse conceito \u00e9 uma realidade (se o Guru for uma pessoa verdadeiramente iluminada que pode trazer uma transforma\u00e7\u00e3o espiritual em seu disc\u00edpulo). A religi\u00e3o hindu \u00e9 verdadeiramente uma religi\u00e3o universal para a humanidade. Meus disc\u00edpulos v\u00eam de diferentes etnias, castas, ra\u00e7as, religi\u00f5es e nacionalidades. Agora, as pessoas podem ter origens diferentes, mas t\u00eam a mesma composi\u00e7\u00e3o f\u00edsica do corpo humano. Ent\u00e3o, apesar de suas origens diferentes, as pessoas passam pela mesma transforma\u00e7\u00e3o espiritual. A filosofia hindu n\u00e3o acredita em convers\u00e3o religiosa ou proselitismo. Ela fala em trazer uma mudan\u00e7a interior, transforma\u00e7\u00e3o em uma pessoa (e n\u00e3o uma mudan\u00e7a externa de identidade como acontece quando uma pessoa muda sua lealdade de uma f\u00e9 para outra). Digo \u00e0s pessoas de outras f\u00e9s que v\u00eam at\u00e9 mim: &#8216;N\u00e3o abandone sua religi\u00e3o, mas siga o m\u00e9todo pr\u00e1tico que eu mostro para despertar sua energia interior e transformar sua vida&#8217;.&#8221;<\/p>\n","protected":false},"author":2,"featured_media":0,"parent":0,"menu_order":0,"comment_status":"closed","ping_status":"closed","template":"","meta":{"footnotes":""},"class_list":["post-1627","page","type-page","status-publish","hentry"],"aioseo_notices":[],"ams_acf":[],"_links":{"self":[{"href":"https:\/\/gurusiyagyoga.org\/pt\/wp-json\/wp\/v2\/pages\/1627","targetHints":{"allow":["GET"]}}],"collection":[{"href":"https:\/\/gurusiyagyoga.org\/pt\/wp-json\/wp\/v2\/pages"}],"about":[{"href":"https:\/\/gurusiyagyoga.org\/pt\/wp-json\/wp\/v2\/types\/page"}],"author":[{"embeddable":true,"href":"https:\/\/gurusiyagyoga.org\/pt\/wp-json\/wp\/v2\/users\/2"}],"replies":[{"embeddable":true,"href":"https:\/\/gurusiyagyoga.org\/pt\/wp-json\/wp\/v2\/comments?post=1627"}],"version-history":[{"count":2,"href":"https:\/\/gurusiyagyoga.org\/pt\/wp-json\/wp\/v2\/pages\/1627\/revisions"}],"predecessor-version":[{"id":1659,"href":"https:\/\/gurusiyagyoga.org\/pt\/wp-json\/wp\/v2\/pages\/1627\/revisions\/1659"}],"wp:attachment":[{"href":"https:\/\/gurusiyagyoga.org\/pt\/wp-json\/wp\/v2\/media?parent=1627"}],"curies":[{"name":"wp","href":"https:\/\/api.w.org\/{rel}","templated":true}]}}