{"id":1629,"date":"2026-01-27T09:13:41","date_gmt":"2026-01-27T09:13:41","guid":{"rendered":"https:\/\/gurusiyagyoga.org\/pt\/?page_id=1629"},"modified":"2026-02-02T18:01:31","modified_gmt":"2026-02-02T18:01:31","slug":"bio","status":"publish","type":"page","link":"https:\/\/gurusiyagyoga.org\/pt\/bio\/","title":{"rendered":"7.1 Biografia"},"content":{"rendered":"<p style=\"font-weight: 400;\"><strong>Vida Inicial <\/strong><\/p>\n<p style=\"font-weight: 400;\">Guru Siyag nasceu na aldeia de Palana, a 25 quil\u00f4metros ao norte da cidade de Bikaner, no estado de Rajasthan (\u00cdndia), em 24 de novembro de 1926. Guru Siyag concluiu o ensino m\u00e9dio e, aos 18 anos, conseguiu um emprego como escritur\u00e1rio nos Ferrovias Indianas. Logo se casou e formou uma fam\u00edlia. Nos anos seguintes, teve cinco filhos \u2014 uma filha e quatro filhos.<\/p>\n<p style=\"font-weight: 400;\">\n<p style=\"font-weight: 400;\"><strong>Transforma\u00e7\u00e3o Divina<\/strong><\/p>\n<p style=\"font-weight: 400;\">O inverno de 1968 provou ser um divisor de \u00e1guas na vida de Guru Siyag. Sua vida mon\u00f3tona foi subitamente perturbada quando ele foi tomado por um medo inexplic\u00e1vel de morte, embora n\u00e3o estivesse doente. Um adivinho local disse a Gurudev que ele estava sob **Markesh Dasha** \u2014 uma constela\u00e7\u00e3o planet\u00e1ria que lan\u00e7a um feiti\u00e7o de morte. A \u00fanica maneira de escapar da morte iminente, disseram-lhe alguns cl\u00e9rigos hindus locais, era invocar as b\u00ean\u00e7\u00e3os da Deusa Gayatri atrav\u00e9s de um ritual especial. Gayatri, a Deusa da luz c\u00f3smica, era a \u00fanica que poderia resgat\u00e1-lo das garras da morte, foi-lhe dito. Ele foi aconselhado a realizar um **Havan** \u2014 um ritual sagrado de purifica\u00e7\u00e3o que envolve uma cerim\u00f4nia de fogo \u2014 e a recitar o **Mantra Gayatri** durante o processo. Para que a invoca\u00e7\u00e3o fosse completa e a prote\u00e7\u00e3o divina recebida, foi-lhe dito que ele teria que realizar o ritual todos os dias at\u00e9 completar 125.000 recita\u00e7\u00f5es do mantra.<\/p>\n<p style=\"font-weight: 400;\">Em outubro de 1968, Gurudev come\u00e7ou o ritual com seriedade durante **Navratri**, um festival de 9 dias dedicado ao divino feminino, **Shakti**. Ele acordava nas primeiras horas da manh\u00e3 todos os dias e recitava o sagrado **Mantra Gayatri** sobre o **Havan**. A press\u00e3o do p\u00e2nico il\u00f3gico que o havia tomado era t\u00e3o intensa que ele realizou o ritual di\u00e1rio com m\u00e1xima sinceridade e concentra\u00e7\u00e3o. Levou-lhe tr\u00eas meses para completar o ritual. Recordando aqueles dias, Gurudev comentaria mais tarde que era como se uma for\u00e7a de **transforma\u00e7\u00e3o divina** o tivesse impulsionado a um estado artificial de medo apenas para mudar a vida mundana que ele havia levado at\u00e9 ent\u00e3o e para gui\u00e1-lo ao caminho espiritual. No dia em que terminou o ritual, Gurudev foi dormir naquela noite pensando que acordaria na hora normal da manh\u00e3 no dia seguinte, agora que havia conclu\u00eddo a \u00e1rdua adora\u00e7\u00e3o a Gayatri.<\/p>\n<p style=\"font-weight: 400;\">No entanto, acostumado a acordar cedo, ele acordou cedo na manh\u00e3 seguinte. Assim que abriu os olhos e se sentou na cama, sentiu o interior de seu corpo se iluminar com uma luz branca imensamente brilhante. Era um tipo de luz brilhante que ele n\u00e3o conseguia comparar com nenhuma outra \u2014 nem mesmo com a luz do sol. Ele notou que a luz iluminava seu corpo de dentro para fora. A luz n\u00e3o era nem quente nem fria; ela apenas trouxe uma onda de paz suave. Logo ele estava completamente imerso em um estado de alegria e bem-aventuran\u00e7a que ele nunca soubera existir. A luz lhe deu uma vis\u00e3o interior. Gurudev viu que, apesar da luz clara e brilhante que iluminava seu corpo por dentro, ele n\u00e3o conseguia detectar a presen\u00e7a de seus \u00f3rg\u00e3os, como se seu corpo fosse apenas uma casca vazia!<\/p>\n<p style=\"font-weight: 400;\">Tendo trabalhado ocasionalmente como ajudante na morgue do hospital ferrovi\u00e1rio, Gurudev conhecia a localiza\u00e7\u00e3o dos \u00f3rg\u00e3os internos, m\u00fasculos e ossos em um corpo humano. \u00a1E ainda assim ele n\u00e3o conseguia ver nada disso dentro de seu pr\u00f3prio corpo!<\/p>\n<p style=\"font-weight: 400;\">Logo ele se tornou consciente de um zumbido como o de um enxame de abelhas. Quando se concentrou no som, percebeu que emanava do centro de seu umbigo. Ao se concentrar, notou para sua surpresa que o zumbido n\u00e3o era outra coisa sen\u00e3o o **Mantra Gayatri** sendo repetido em uma velocidade incrivelmente alta, fazendo com que soasse como o zumbido de abelhas! Ele aprenderia muito mais tarde que o **Mantra Gayatri** que ele havia recitado anteriormente com esfor\u00e7o consciente agora se havia estabelecido como um processo cont\u00ednuo e aut\u00f4nomo, ligando-o permanentemente \u00e0 for\u00e7a divina. A luz divina trouxe outra descoberta para Gurudev. Ele percebeu que, por tr\u00e1s da fachada de sua identidade e exist\u00eancia no mundo material, ele era uma entidade completamente diferente. Ele n\u00e3o estava mais preso \u00e0s limita\u00e7\u00f5es f\u00edsicas nem sua consci\u00eancia pessoal estava restrita ao mundo f\u00edsico que habitava. Sentiu como se seu ser pessoal tivesse se expandido tanto que pudesse abra\u00e7ar todo o universo. Na verdade, ele sentiu que era o universo e podia sentir as vibra\u00e7\u00f5es de todos os seres animados e inanimados como se fossem seus pr\u00f3prios. Ele tamb\u00e9m percebeu atrav\u00e9s dessa experi\u00eancia \u00fanica que o que ele havia era de fato o que os antigos videntes v\u00e9dicos haviam chamado **Brahma**, a for\u00e7a divina absoluta, onipresente, imut\u00e1vel e amorfa.<\/p>\n<p style=\"font-weight: 400;\">Assim como Gurudev estava maravilhado com essa experi\u00eancia extraordin\u00e1ria e flutuava em ondas de alegria, paz e amor; a vis\u00e3o fant\u00e1stica se rompeu t\u00e3o subitamente quanto havia ocorrido. O som gorgolejante da \u00e1gua subitamente jorrando de uma torneira aberta no banheiro havia perturbado o estado de transe em que ele estava.<\/p>\n<p style=\"font-weight: 400;\">Quando consultou alguns **pundits** (homens s\u00e1bios) versados nas escrituras sagradas sobre essa experi\u00eancia particular, foi-lhe dito que ele havia sido de fato aben\u00e7oado pela Deusa Gayatri com uma **Siddhi** \u2014 poder divino especial.<\/p>\n<p style=\"font-weight: 400;\"><strong>\u00a0<\/strong><\/p>\n<p style=\"font-weight: 400;\"><strong>Encontro com Baba Gangainathji<\/strong><\/p>\n<p style=\"font-weight: 400;\">Durante suas buscas espirituais nos meses seguintes, Gurudev deparou-se com a filosofia proposta por Swami Vivekananda, uma das maiores figuras espirituais do s\u00e9culo XX, que liderou a revitaliza\u00e7\u00e3o do patrim\u00f4nio espiritual v\u00e9dico n\u00e3o apenas na \u00cdndia, mas tamb\u00e9m na Am\u00e9rica e na Europa. Vivekananda defendeu fortemente a pr\u00e1tica da filosofia v\u00e9dica atrav\u00e9s da restaura\u00e7\u00e3o do sistema Guru-disc\u00edpulo, que sozinho, acreditava ele, poderia levar \u00e0 evolu\u00e7\u00e3o espiritual em todo o mundo. Atendendo ao conselho de Swami Vivekananda, Gurudev come\u00e7ou a busca por um Guru com seriedade. Um parente de Gurudev sugeriu que ele fosse at\u00e9 Baba Shri Gangainathji, um yogi asceta que vivia na aldeia de Jamsar, a 27 quil\u00f4metros ao norte de Bikaner. Em abril de 1983, Gurudev visitou o ashram.<\/p>\n<p style=\"font-weight: 400;\">N\u00e3o havia nada de extraordin\u00e1rio nesse primeiro encontro \u2013 um grupo de pessoas havia se reunido para meditar na presen\u00e7a de Gangainathji. Gurudev sentou-se no fundo da multid\u00e3o simplesmente observando. Embora n\u00e3o houvesse intera\u00e7\u00e3o entre os dois nesse encontro, algo levou Gurudev a visitar o ashram de Baba novamente alguns dias depois. Foi na segunda visita, quando Gurudev se curvou e tocou os p\u00e9s de Baba, que o mestre tocou a cabe\u00e7a de Gurudev como b\u00ean\u00e7\u00e3o. No momento em que Baba tocou Gurudev, ele sentiu uma energia tremenda, como um raio passando pelo seu corpo. Essa foi a maneira de Baba de dar Diksha (inicia\u00e7\u00e3o) e tamb\u00e9m de passar o manto de \u2018Siddha Guru\u2019 para Guru Siyag.<\/p>\n<p style=\"font-weight: 400;\">\n<p style=\"font-weight: 400;\"><strong>Gangainathji toma Samadhi<\/strong><\/p>\n<p style=\"font-weight: 400;\">31 de dezembro de 1983, \u00e0s 5 da manh\u00e3, todo o Noroeste da \u00cdndia foi abalado por um forte terremoto. Gurudev viria a saber mais tarde que foi exatamente o momento em que Baba Gangainathji deixou seu corpo mortal. Em uma conversa com seus disc\u00edpulos muitos anos depois, Gurudev disse sobre o incidente: \u201c\u00c0s vezes, quando um ser iluminado deixa seu corpo mortal, at\u00e9 a terra \u00e9 abalada por sua partida e este (terremoto) \u00e9 como ela expressa seu luto.\u201d<\/p>\n<p style=\"font-weight: 400;\">Poucos dias depois desse incidente, quando Gurudev caminhava pela estrada, um jovem local o chamou. O que ele disse a Gurudev soou muito estranho. O jovem disse que Baba Gangainathji estava insistindo para que ele levasse Gurudev a visitar seu local de **Samadhi** em Jamsar (tipo de monumento funer\u00e1rio ou mausol\u00e9u). Quando Gurudev rebateu que Baba n\u00e3o estava mais vivo e que portanto ele n\u00e3o poderia t\u00ea-lo encontrado, o jovem disse que Baba havia aparecido em seu sonho para dar o comando. Tomando isso como um chamado divino, Gurudev visitou o **Samadhi** de Baba e ofereceu ora\u00e7\u00f5es l\u00e1.<\/p>\n<p style=\"font-weight: 400;\">Um princ\u00edpio cardinal no pensamento v\u00e9dico \u00e9 que a alma \u00e9 eterna, e que \u00e9 o corpo que perece quando uma pessoa falece. Enquanto uma pessoa n\u00e3o iluminada morre devido \u00e0 culmina\u00e7\u00e3o de seus karmas, um ser iluminado deixa conscientemente e intencionalmente seu corpo em um momento e lugar particulares. Tal Siddha Guru continua a guiar seus disc\u00edpulos mesmo ap\u00f3s deixar seu corpo mortal. O local de **Samadhi** de um santo \u00e9, portanto, reverenciado como a fonte de b\u00ean\u00e7\u00e3os divinas.<\/p>\n<p style=\"font-weight: 400;\">\n<p style=\"font-weight: 400;\"><strong>Rendi\u00e7\u00e3o ao Guru Gangainathji<\/strong><\/p>\n<p style=\"font-weight: 400;\">Eu vivi uma mudan\u00e7a completa quando me rendi ao meu Guru Gangainathji. Voc\u00eas tamb\u00e9m podem viver essa mudan\u00e7a. Toda a humanidade \u2014 homens e mulheres \u2014 pode viver essa mudan\u00e7a. Para isso, voc\u00eas s\u00f3 precisam entender quem s\u00e3o. Eu os apresentarei ao seu verdadeiro eu para que entendam quem s\u00e3o. Voc\u00eas n\u00e3o s\u00e3o este corpo. Voc\u00eas s\u00e3o a alma que \u00e9 imortal. O Sanatana Dharma diz que a liberta\u00e7\u00e3o n\u00e3o \u00e9 poss\u00edvel sem um Guru iluminado. Mas a liberta\u00e7\u00e3o n\u00e3o \u00e9 simples. N\u00e3o \u00e9 um brinquedo que o Guru lhe entrega quando voc\u00eas o encontram. O Guru apenas mostra o caminho e diz que, se voc\u00eas caminharem por este caminho, alcan\u00e7ar\u00e3o seu objetivo. E o caminho \u00e9 a recita\u00e7\u00e3o do mantra divino. Em seus aforismos, Goswami Tulsidas diz que, no Kali Yuga (a atual Era da Falsidade), pode-se libertar do sofrimento apenas recitando o mantra divino.<\/p>\n<p style=\"font-weight: 400;\">\n<p style=\"font-weight: 400;\"><strong>Vis\u00e3o prof\u00e9tica<\/strong><\/p>\n<p style=\"font-weight: 400;\">No ano de 1984, Gurudev foi visitado por outro acontecimento estranho, cujas implica\u00e7\u00f5es poderiam impactar a humanidade nos anos seguintes. Uma noite, ap\u00f3s ter se deitado, Guru Siyag teve uma vis\u00e3o em um sonho. Na vis\u00e3o, foi-lhe mostrada uma passagem do que ele p\u00f4de vagamente perceber ser um livro sagrado e uma voz pronunciou: &#8220;Tu \u00e9s aquilo; tu \u00e9s aquilo.&#8221; Na manh\u00e3 seguinte, Gurudev refletiu sobre a estranha vis\u00e3o e tentou entender se o que viu no sonho era uma vis\u00e3o ou apenas um sonho estranho e o que as palavras &#8220;Tu \u00e9s aquilo&#8221; significavam. Como a passagem estava em hindi, Gurudev p\u00f4de recordar algumas palavras da passagem, mas elas n\u00e3o faziam sentido para ele.<\/p>\n<p style=\"font-weight: 400;\">Alguns dias depois, o filho mais novo de Gurudev, Rajendra, trouxe para casa um livro velho e gasto. Enquanto voltava da escola para casa, o menino sentiu um impulso estranho de pegar o livro quando notou que estava abandonado em uma casa \u00e0 beira da estrada. Enquanto Gurudev virava as p\u00e1ginas do livro sem interesse particular, ficou chocado ao notar uma passagem em uma das p\u00e1ginas. Era a mesma passagem que lhe foi mostrada no sonho. Ele leu o livro repetidamente por alguns dias, mas n\u00e3o conseguiu entender do que se tratava. Tudo o que p\u00f4de entender foi que o livro, destinado a crian\u00e7as, era ilustrado com imagens para explicar-lhes em termos simples a f\u00e9 crist\u00e3. N\u00e3o sendo muito religioso ele mesma, Gurudev n\u00e3o estava familiarizado com as escrituras hindus, muito menos com a filosofia de outras f\u00e9s.<\/p>\n<p style=\"font-weight: 400;\">Para mais perguntas, envie e-mail para gssyworld@gmail.com or mailto:gssyworld@gmail.com ou WhatsApp (+91) 9468623528 ou ligue (+91)8369754399.<\/p>\n<p style=\"font-weight: 400;\">Gurudev perguntou em seu c\u00edrculo social se os crist\u00e3os seguiam algum livro sagrado como os hindus seguem a **Bhagwat Geeta**. Foi ent\u00e3o que ele soube da B\u00edblia. Foi-lhe dito que a passagem do livro sagrado, que lhe foi mostrada na vis\u00e3o, fazia parte do evangelho de Jo\u00e3o, e que o que ele havia visto no sonho eram os cap\u00edtulos \u2013 15:26-27 e 16:7-15. Mais tarde, um amigo presenteou Gurudev com uma vers\u00e3o resumida em hindi da B\u00edblia. Isso deu a Gurudev uma ideia sobre o cristianismo.<\/p>\n<p style=\"font-weight: 400;\">Ele conseguiu emprestar uma c\u00f3pia da B\u00edblia em ingl\u00eas de um amigo que era lecturer em um col\u00e9gio de direito local. Ler a B\u00edblia em ingl\u00eas tamb\u00e9m n\u00e3o ajudou; ele n\u00e3o encontrou a passagem que procurava. Desistindo, Gurudev devolveu o livro e deixou o assunto de lado mais uma vez, pensando que era o fim do epis\u00f3dio. Mas n\u00e3o foi assim. O impulso interior retornou agora com maior intensidade. Fazendo perguntas novamente, ele aprendeu algo que o surpreendeu; o cristianismo estava dividido em muitas seitas, duas principais entre elas sendo o catolicismo e o protestantismo. Enquanto a B\u00edblia que ele havia lido antes era seguida pelos cat\u00f3licos, a seguida pelos protestantes continha a passagem dos Evangelhos de S\u00e3o Jo\u00e3o que lhe foi mostrada no sonho.<\/p>\n<p style=\"font-weight: 400;\">Gurudev conseguiu uma c\u00f3pia da B\u00edblia protestante e leu o Evangelho para o qual estava sendo constantemente instigado. A parte relevante dos Evangelhos continha uma profecia feita por ningu\u00e9m menos que Jesus Cristo sobre a vinda do Consolador, que, profetizou Ele, salvaria apenas os verdadeiramente fi\u00e9is de uma morte certa, \u00a1enquanto o resto da humanidade enfrentaria terr\u00edvel retribui\u00e7\u00e3o divina em uma calamidade global provocada por guerra e fome no s\u00e9culo XXI! Gurudev viria a saber mais tarde que o Antigo Testamento cont\u00e9m profecias semelhantes feitas pelo profeta Malaquias sobre a vinda do Messias, a quem Ele descreve como E-li&#8217;jah. Ler as profecias do Livro Sagrado fez Gurudev perceber que elas estavam de alguma forma ligadas aos ensinamentos oferecidos pelo Senhor Krishna na **Geeta** milhares de anos antes do nascimento do cristianismo e do juda\u00edsmo.<\/p>\n<p style=\"font-weight: 400;\">\n<p style=\"font-weight: 400;\"><strong>Vida como Siddhaguru<\/strong><\/p>\n<p style=\"font-weight: 400;\">Alguns anos depois, Gurudev recebeu um \u201cAdesh\u201d (comando divino) de Gangainathji instruindo-o a deixar seu emprego nas ferrovias e dedicar-se completamente \u00e0 miss\u00e3o espiritual. Gurudev pediu demiss\u00e3o por aposentadoria volunt\u00e1ria em 30 de junho de 1986, quase sete anos antes de atingir a idade de aposentadoria compuls\u00f3ria. Gurudev comentaria mais tarde: &#8220;Eu servia \u00e0s ferrovias antes; agora sirvo ao meu Guru. Este \u00e9 um trabalho para a vida toda que nunca poderei abandonar. Deixei as preocupa\u00e7\u00f5es com as necessidades materiais da minha fam\u00edlia inteiramente a Ele (Gangainathji). Sou o servo fiel do meu Guru; o que quer que eu ganhe ou perca nesta miss\u00e3o ser\u00e1 de acordo com Sua vontade.&#8221;<\/p>\n<p style=\"font-weight: 400;\">Para mais perguntas, envie e-mail para gssyworld@gmail.com or mailto: gssyworld@gmail.com ou ligue (+91)8369754399.<\/p>\n<p style=\"font-weight: 400;\">\n<p style=\"font-weight: 400;\">Baba tamb\u00e9m dirigiu Guru Siyag a iniciar pessoas na Siddha Yoga como seus disc\u00edpulos. Gurudev come\u00e7ou a iniciar pessoas na Siddha Yoga em 1990 por meio de programas de Diksha organizados inicialmente em Jodhpur e algumas outras cidades de Rajasthan. Aqueles que vieram a Gurudev e se tornaram seus disc\u00edpulos experimentaram uma mudan\u00e7a positiva incr\u00edvel em suas vidas; descobriram suas doen\u00e7as\/doen\u00e7as cr\u00f4nicas curadas e sentiram um despertar espiritual ao recitar o mantra divino que Gurudev lhes deu durante esses programas e a medita\u00e7\u00e3o que fizeram junto com a recita\u00e7\u00e3o. \u00c0 medida que a not\u00edcia sobre a \u00fanica Siddha Yoga de Gurudev e seus poderes de cura se espalhou como fogo selvagem, Gurudev foi convidado a outras cidades e vilarejos para realizar programas de Diksha.<\/p>\n<p style=\"font-weight: 400;\">Gurudev viajou desde ent\u00e3o para diferentes cidades na \u00cdndia e tamb\u00e9m para Israel e Estados Unidos da Am\u00e9rica, colocando milhares de pessoas no caminho da Evolu\u00e7\u00e3o Espiritual e da boa sa\u00fade. No entanto, Gurudev diz que est\u00e1 apenas na metade de sua miss\u00e3o. Ele acredita que, at\u00e9 alcan\u00e7ar pessoas em todo o globo no hemisf\u00e9rio ocidental para motiv\u00e1-las a se juntarem ao caminho espiritual que Baba Gangainathji mostrou, n\u00e3o haver\u00e1 paz e prosperidade reais no mundo. &#8220;O espiritualismo do Oriente precisa unir for\u00e7as com o materialismo do Ocidente, sem o qual o mundo nunca ver\u00e1 o fim dos conflitos e disc\u00f3rdias. \u00c9 esta uni\u00e3o espiritual do Oriente e do Ocidente que me propus a realizar para trazer paz duradoura ao mundo&#8221;, diz Gurudev.<\/p>\n","protected":false},"excerpt":{"rendered":"<p>Vida Inicial Guru Siyag nasceu na aldeia de Palana, a 25 quil\u00f4metros ao norte da cidade de Bikaner, no estado de Rajasthan (\u00cdndia), em 24 de novembro de 1926. Guru Siyag concluiu o ensino m\u00e9dio e, aos 18 anos, conseguiu um emprego como escritur\u00e1rio nos Ferrovias Indianas. Logo se casou e formou uma fam\u00edlia. Nos anos seguintes, teve cinco filhos \u2014 uma filha e quatro filhos. Transforma\u00e7\u00e3o Divina O inverno de 1968 provou ser um divisor de \u00e1guas na vida de Guru Siyag. Sua vida mon\u00f3tona foi subitamente perturbada quando ele foi tomado por um medo inexplic\u00e1vel de morte, embora n\u00e3o estivesse doente. Um adivinho local disse a Gurudev que ele estava sob **Markesh Dasha** \u2014 uma constela\u00e7\u00e3o planet\u00e1ria que lan\u00e7a um feiti\u00e7o de morte. A \u00fanica maneira de escapar da morte iminente, disseram-lhe alguns cl\u00e9rigos hindus locais, era invocar as b\u00ean\u00e7\u00e3os da Deusa Gayatri atrav\u00e9s de um ritual especial. Gayatri, a Deusa da luz c\u00f3smica, era a \u00fanica que poderia resgat\u00e1-lo das garras da morte, foi-lhe dito. Ele foi aconselhado a realizar um **Havan** \u2014 um ritual sagrado de purifica\u00e7\u00e3o que envolve uma cerim\u00f4nia de fogo \u2014 e a recitar o **Mantra Gayatri** durante o processo. Para que a invoca\u00e7\u00e3o fosse completa e a prote\u00e7\u00e3o divina recebida, foi-lhe dito que ele teria que realizar o ritual todos os dias at\u00e9 completar 125.000 recita\u00e7\u00f5es do mantra. Em outubro de 1968, Gurudev come\u00e7ou o ritual com seriedade durante **Navratri**, um festival de 9 dias dedicado ao divino feminino, **Shakti**. Ele acordava nas primeiras horas da manh\u00e3 todos os dias e recitava o sagrado **Mantra Gayatri** sobre o **Havan**. A press\u00e3o do p\u00e2nico il\u00f3gico que o havia tomado era t\u00e3o intensa que ele realizou o ritual di\u00e1rio com m\u00e1xima sinceridade e concentra\u00e7\u00e3o. Levou-lhe tr\u00eas meses para completar o ritual. Recordando aqueles dias, Gurudev comentaria mais tarde que era como se uma for\u00e7a de **transforma\u00e7\u00e3o divina** o tivesse impulsionado a um estado artificial de medo apenas para mudar a vida mundana que ele havia levado at\u00e9 ent\u00e3o e para gui\u00e1-lo ao caminho espiritual. No dia em que terminou o ritual, Gurudev foi dormir naquela noite pensando que acordaria na hora normal da manh\u00e3 no dia seguinte, agora que havia conclu\u00eddo a \u00e1rdua adora\u00e7\u00e3o a Gayatri. No entanto, acostumado a acordar cedo, ele acordou cedo na manh\u00e3 seguinte. Assim que abriu os olhos e se sentou na cama, sentiu o interior de seu corpo se iluminar com uma luz branca imensamente brilhante. Era um tipo de luz brilhante que ele n\u00e3o conseguia comparar com nenhuma outra \u2014 nem mesmo com a luz do sol. Ele notou que a luz iluminava seu corpo de dentro para fora. A luz n\u00e3o era nem quente nem fria; ela apenas trouxe uma onda de paz suave. Logo ele estava completamente imerso em um estado de alegria e bem-aventuran\u00e7a que ele nunca soubera existir. A luz lhe deu uma vis\u00e3o interior. Gurudev viu que, apesar da luz clara e brilhante que iluminava seu corpo por dentro, ele n\u00e3o conseguia detectar a presen\u00e7a de seus \u00f3rg\u00e3os, como se seu corpo fosse apenas uma casca vazia! Tendo trabalhado ocasionalmente como ajudante na morgue do hospital ferrovi\u00e1rio, Gurudev conhecia a localiza\u00e7\u00e3o dos \u00f3rg\u00e3os internos, m\u00fasculos e ossos em um corpo humano. \u00a1E ainda assim ele n\u00e3o conseguia ver nada disso dentro de seu pr\u00f3prio corpo! Logo ele se tornou consciente de um zumbido como o de um enxame de abelhas. Quando se concentrou no som, percebeu que emanava do centro de seu umbigo. Ao se concentrar, notou para sua surpresa que o zumbido n\u00e3o era outra coisa sen\u00e3o o **Mantra Gayatri** sendo repetido em uma velocidade incrivelmente alta, fazendo com que soasse como o zumbido de abelhas! Ele aprenderia muito mais tarde que o **Mantra Gayatri** que ele havia recitado anteriormente com esfor\u00e7o consciente agora se havia estabelecido como um processo cont\u00ednuo e aut\u00f4nomo, ligando-o permanentemente \u00e0 for\u00e7a divina. A luz divina trouxe outra descoberta para Gurudev. Ele percebeu que, por tr\u00e1s da fachada de sua identidade e exist\u00eancia no mundo material, ele era uma entidade completamente diferente. Ele n\u00e3o estava mais preso \u00e0s limita\u00e7\u00f5es f\u00edsicas nem sua consci\u00eancia pessoal estava restrita ao mundo f\u00edsico que habitava. Sentiu como se seu ser pessoal tivesse se expandido tanto que pudesse abra\u00e7ar todo o universo. Na verdade, ele sentiu que era o universo e podia sentir as vibra\u00e7\u00f5es de todos os seres animados e inanimados como se fossem seus pr\u00f3prios. Ele tamb\u00e9m percebeu atrav\u00e9s dessa experi\u00eancia \u00fanica que o que ele havia era de fato o que os antigos videntes v\u00e9dicos haviam chamado **Brahma**, a for\u00e7a divina absoluta, onipresente, imut\u00e1vel e amorfa. Assim como Gurudev estava maravilhado com essa experi\u00eancia extraordin\u00e1ria e flutuava em ondas de alegria, paz e amor; a vis\u00e3o fant\u00e1stica se rompeu t\u00e3o subitamente quanto havia ocorrido. O som gorgolejante da \u00e1gua subitamente jorrando de uma torneira aberta no banheiro havia perturbado o estado de transe em que ele estava. Quando consultou alguns **pundits** (homens s\u00e1bios) versados nas escrituras sagradas sobre essa experi\u00eancia particular, foi-lhe dito que ele havia sido de fato aben\u00e7oado pela Deusa Gayatri com uma **Siddhi** \u2014 poder divino especial. \u00a0 Encontro com Baba Gangainathji Durante suas buscas espirituais nos meses seguintes, Gurudev deparou-se com a filosofia proposta por Swami Vivekananda, uma das maiores figuras espirituais do s\u00e9culo XX, que liderou a revitaliza\u00e7\u00e3o do patrim\u00f4nio espiritual v\u00e9dico n\u00e3o apenas na \u00cdndia, mas tamb\u00e9m na Am\u00e9rica e na Europa. Vivekananda defendeu fortemente a pr\u00e1tica da filosofia v\u00e9dica atrav\u00e9s da restaura\u00e7\u00e3o do sistema Guru-disc\u00edpulo, que sozinho, acreditava ele, poderia levar \u00e0 evolu\u00e7\u00e3o espiritual em todo o mundo. Atendendo ao conselho de Swami Vivekananda, Gurudev come\u00e7ou a busca por um Guru com seriedade. Um parente de Gurudev sugeriu que ele fosse at\u00e9 Baba Shri Gangainathji, um yogi asceta que vivia na aldeia de Jamsar, a 27 quil\u00f4metros ao norte de Bikaner. Em abril de 1983, Gurudev visitou o ashram. N\u00e3o havia nada de extraordin\u00e1rio nesse primeiro encontro \u2013 um grupo de pessoas havia se reunido para meditar na presen\u00e7a de Gangainathji. [&hellip;]<\/p>\n","protected":false},"author":2,"featured_media":0,"parent":0,"menu_order":0,"comment_status":"closed","ping_status":"closed","template":"","meta":{"footnotes":""},"class_list":["post-1629","page","type-page","status-publish","hentry"],"aioseo_notices":[],"ams_acf":[],"_links":{"self":[{"href":"https:\/\/gurusiyagyoga.org\/pt\/wp-json\/wp\/v2\/pages\/1629","targetHints":{"allow":["GET"]}}],"collection":[{"href":"https:\/\/gurusiyagyoga.org\/pt\/wp-json\/wp\/v2\/pages"}],"about":[{"href":"https:\/\/gurusiyagyoga.org\/pt\/wp-json\/wp\/v2\/types\/page"}],"author":[{"embeddable":true,"href":"https:\/\/gurusiyagyoga.org\/pt\/wp-json\/wp\/v2\/users\/2"}],"replies":[{"embeddable":true,"href":"https:\/\/gurusiyagyoga.org\/pt\/wp-json\/wp\/v2\/comments?post=1629"}],"version-history":[{"count":2,"href":"https:\/\/gurusiyagyoga.org\/pt\/wp-json\/wp\/v2\/pages\/1629\/revisions"}],"predecessor-version":[{"id":1660,"href":"https:\/\/gurusiyagyoga.org\/pt\/wp-json\/wp\/v2\/pages\/1629\/revisions\/1660"}],"wp:attachment":[{"href":"https:\/\/gurusiyagyoga.org\/pt\/wp-json\/wp\/v2\/media?parent=1629"}],"curies":[{"name":"wp","href":"https:\/\/api.w.org\/{rel}","templated":true}]}}