{"id":1631,"date":"2026-01-27T09:14:19","date_gmt":"2026-01-27T09:14:19","guid":{"rendered":"https:\/\/gurusiyagyoga.org\/pt\/?page_id=1631"},"modified":"2026-02-02T18:02:05","modified_gmt":"2026-02-02T18:02:05","slug":"empowered","status":"publish","type":"page","link":"https:\/\/gurusiyagyoga.org\/pt\/empowered\/","title":{"rendered":"7.2 Guru Siyag Empoderado"},"content":{"rendered":"<p style=\"font-weight: 400;\">A palavra \u2018Samarth\u2019 significa empoderado (ou capaz) e \u2018Satguru\u2019 \u00e9 aquele que \u00e9 um verdadeiro Guru. \u2018Samarth Satguru\u2019 \u00e9 um t\u00edtulo conferido a um Guru divinamente empoderado que tem a capacidade de guiar um disc\u00edpulo iniciado pelo caminho espiritual que leva, em \u00faltima inst\u00e2ncia, \u00e0 realiza\u00e7\u00e3o do Si Mesmo. Tal Guru mostra o caminho mais direto e pr\u00e1tico para realizar o Divino sem tornar necess\u00e1rio que os disc\u00edpulos visitem qualquer lugar de culto ou se entreguem a ritos, rituais e pr\u00e1ticas ritual\u00edsticas ou participem de debates e serm\u00f5es sem sentido sobre espiritualidade e realiza\u00e7\u00e3o de Deus. O **Samarth Satguru** n\u00e3o imp\u00f5e restri\u00e7\u00f5es aos buscadores. Como o sol, o **Samarth Satguru** brilha para todo o universo e n\u00e3o discrimina entre os buscadores nem os julga com base em sua personalidade passada ou atual, religi\u00e3o, g\u00eanero, ra\u00e7a, prefer\u00eancia sexual ou status na sociedade. O poder divino de um **Samarth Satguru**, como Guru Siyag, transcende os limites do tempo e do espa\u00e7o. Qualquer pessoa em qualquer lugar do mundo pode receber as b\u00ean\u00e7\u00e3os de Guru Siyag e experimentar transforma\u00e7\u00e3o praticando sinceramente a medita\u00e7\u00e3o-mantra Yoga de Guru Siyag (GSY).<\/p>\n<p style=\"font-weight: 400;\">O Guru tamb\u00e9m n\u00e3o \u00e9 apenas o ser f\u00edsico que vemos externamente. Ele est\u00e1 dentro de todos n\u00f3s. Guru Siyag explica isso: \u201cQuem \u00e9 um Guru? Um Guru n\u00e3o \u00e9 apenas o indiv\u00edduo que voc\u00ea v\u00ea em um corpo mortal. Seu corpo mortal murchar\u00e1 e encontrar\u00e1 seu fim um dia. Mas o Guru (\u00e9 a for\u00e7a divina que) nunca morre; ele \u00e9 eterno e atemporal. O Guru cresce dentro (das profundezas internas da consci\u00eancia do buscador). Em nossa ci\u00eancia y\u00f3guica, tempo e espa\u00e7o n\u00e3o t\u00eam valor. Voc\u00ea est\u00e1 dentro de mim; e eu estou dentro de voc\u00ea. Sempre que voc\u00ea se lembrar de mim, me encontrar\u00e1 dentro de voc\u00ea. Se um Guru \u00e9 genu\u00edno, ele \u00e9 onipresente (ele est\u00e1 presente simultaneamente em todos os lugares; ele n\u00e3o \u00e9 limitado pelos limites do tempo e do espa\u00e7o).<\/p>\n<p style=\"font-weight: 400;\">\u201cQuando voc\u00ea est\u00e1 me escutando aqui, voc\u00ea est\u00e1 absorvendo minha energia. Minha energia divina consciente est\u00e1 sendo emitida a cada momento atrav\u00e9s da minha voz, dos meus olhos e de todos os poros do meu ser. A energia ser\u00e1 emitida enquanto este corpo existir. Seja voc\u00ea analfabeto, esteja longe ou em dor severa, e se voc\u00ea orar para mim: \u2018Por favor, me ajude\u2019, esta ora\u00e7\u00e3o \u00e9 forte e suficiente para me alcan\u00e7ar. Ajoelhar-se, suplicar ou me presentear com d\u00e1divas \u2013 isso n\u00e3o vai ajudar.\u201d<\/p>\n<p style=\"font-weight: 400;\">\n","protected":false},"excerpt":{"rendered":"<p>A palavra \u2018Samarth\u2019 significa empoderado (ou capaz) e \u2018Satguru\u2019 \u00e9 aquele que \u00e9 um verdadeiro Guru. \u2018Samarth Satguru\u2019 \u00e9 um t\u00edtulo conferido a um Guru divinamente empoderado que tem a capacidade de guiar um disc\u00edpulo iniciado pelo caminho espiritual que leva, em \u00faltima inst\u00e2ncia, \u00e0 realiza\u00e7\u00e3o do Si Mesmo. Tal Guru mostra o caminho mais direto e pr\u00e1tico para realizar o Divino sem tornar necess\u00e1rio que os disc\u00edpulos visitem qualquer lugar de culto ou se entreguem a ritos, rituais e pr\u00e1ticas ritual\u00edsticas ou participem de debates e serm\u00f5es sem sentido sobre espiritualidade e realiza\u00e7\u00e3o de Deus. O **Samarth Satguru** n\u00e3o imp\u00f5e restri\u00e7\u00f5es aos buscadores. Como o sol, o **Samarth Satguru** brilha para todo o universo e n\u00e3o discrimina entre os buscadores nem os julga com base em sua personalidade passada ou atual, religi\u00e3o, g\u00eanero, ra\u00e7a, prefer\u00eancia sexual ou status na sociedade. O poder divino de um **Samarth Satguru**, como Guru Siyag, transcende os limites do tempo e do espa\u00e7o. Qualquer pessoa em qualquer lugar do mundo pode receber as b\u00ean\u00e7\u00e3os de Guru Siyag e experimentar transforma\u00e7\u00e3o praticando sinceramente a medita\u00e7\u00e3o-mantra Yoga de Guru Siyag (GSY). O Guru tamb\u00e9m n\u00e3o \u00e9 apenas o ser f\u00edsico que vemos externamente. Ele est\u00e1 dentro de todos n\u00f3s. Guru Siyag explica isso: \u201cQuem \u00e9 um Guru? Um Guru n\u00e3o \u00e9 apenas o indiv\u00edduo que voc\u00ea v\u00ea em um corpo mortal. Seu corpo mortal murchar\u00e1 e encontrar\u00e1 seu fim um dia. Mas o Guru (\u00e9 a for\u00e7a divina que) nunca morre; ele \u00e9 eterno e atemporal. O Guru cresce dentro (das profundezas internas da consci\u00eancia do buscador). Em nossa ci\u00eancia y\u00f3guica, tempo e espa\u00e7o n\u00e3o t\u00eam valor. Voc\u00ea est\u00e1 dentro de mim; e eu estou dentro de voc\u00ea. Sempre que voc\u00ea se lembrar de mim, me encontrar\u00e1 dentro de voc\u00ea. Se um Guru \u00e9 genu\u00edno, ele \u00e9 onipresente (ele est\u00e1 presente simultaneamente em todos os lugares; ele n\u00e3o \u00e9 limitado pelos limites do tempo e do espa\u00e7o). \u201cQuando voc\u00ea est\u00e1 me escutando aqui, voc\u00ea est\u00e1 absorvendo minha energia. Minha energia divina consciente est\u00e1 sendo emitida a cada momento atrav\u00e9s da minha voz, dos meus olhos e de todos os poros do meu ser. A energia ser\u00e1 emitida enquanto este corpo existir. Seja voc\u00ea analfabeto, esteja longe ou em dor severa, e se voc\u00ea orar para mim: \u2018Por favor, me ajude\u2019, esta ora\u00e7\u00e3o \u00e9 forte e suficiente para me alcan\u00e7ar. Ajoelhar-se, suplicar ou me presentear com d\u00e1divas \u2013 isso n\u00e3o vai ajudar.\u201d<\/p>\n","protected":false},"author":2,"featured_media":0,"parent":0,"menu_order":0,"comment_status":"closed","ping_status":"closed","template":"","meta":{"footnotes":""},"class_list":["post-1631","page","type-page","status-publish","hentry"],"aioseo_notices":[],"ams_acf":[],"_links":{"self":[{"href":"https:\/\/gurusiyagyoga.org\/pt\/wp-json\/wp\/v2\/pages\/1631","targetHints":{"allow":["GET"]}}],"collection":[{"href":"https:\/\/gurusiyagyoga.org\/pt\/wp-json\/wp\/v2\/pages"}],"about":[{"href":"https:\/\/gurusiyagyoga.org\/pt\/wp-json\/wp\/v2\/types\/page"}],"author":[{"embeddable":true,"href":"https:\/\/gurusiyagyoga.org\/pt\/wp-json\/wp\/v2\/users\/2"}],"replies":[{"embeddable":true,"href":"https:\/\/gurusiyagyoga.org\/pt\/wp-json\/wp\/v2\/comments?post=1631"}],"version-history":[{"count":2,"href":"https:\/\/gurusiyagyoga.org\/pt\/wp-json\/wp\/v2\/pages\/1631\/revisions"}],"predecessor-version":[{"id":1661,"href":"https:\/\/gurusiyagyoga.org\/pt\/wp-json\/wp\/v2\/pages\/1631\/revisions\/1661"}],"wp:attachment":[{"href":"https:\/\/gurusiyagyoga.org\/pt\/wp-json\/wp\/v2\/media?parent=1631"}],"curies":[{"name":"wp","href":"https:\/\/api.w.org\/{rel}","templated":true}]}}