{"id":1633,"date":"2026-01-27T09:14:51","date_gmt":"2026-01-27T09:14:51","guid":{"rendered":"https:\/\/gurusiyagyoga.org\/pt\/?page_id=1633"},"modified":"2026-02-02T18:03:51","modified_gmt":"2026-02-02T18:03:51","slug":"significance","status":"publish","type":"page","link":"https:\/\/gurusiyagyoga.org\/pt\/significance\/","title":{"rendered":"7.3 Import\u00e2ncia de Meditar Atrav\u00e9s da Fotografia"},"content":{"rendered":"<p style=\"font-weight: 400;\">Guru Siyag \u00e9 um **Siddha**: um mestre espiritual que atingiu ambos os estados divinos **Sagun** (Deus em forma vis\u00edvel e qualidades) e **Nirgun** (Deus em estado invis\u00edvel sem quaisquer Gunas ou atributos). Os poderes divinos de Gurudev n\u00e3o est\u00e3o restritos apenas ao seu corpo. Seus poderes divinos existem em todos os lugares do universo em forma invis\u00edvel e sutil, e assim a medita\u00e7\u00e3o sobre sua fotografia tem o mesmo impacto que sua presen\u00e7a pessoal. A medita\u00e7\u00e3o sobre a imagem de Guru Siyag \u00e9 uma invoca\u00e7\u00e3o de sua gra\u00e7a. Guru Siyag diz: &#8220;O Guru \u00e9 uma for\u00e7a gravitacional. Este corpo n\u00e3o \u00e9 o Guru. Este corpo morrer\u00e1 em alguns anos. O Guru est\u00e1 dentro de voc\u00ea. A ci\u00eancia do yoga n\u00e3o valoriza tempo e espa\u00e7o. Eu estou dentro de voc\u00ea e voc\u00ea est\u00e1 dentro de mim. Sempre que e onde quer que voc\u00ea se lembre de mim, estarei presente. Se um Guru \u00e9 um verdadeiro Guru, ent\u00e3o ele \u00e9 onipresente.&#8221;<\/p>\n<p style=\"font-weight: 400;\">Uma vez que um buscador recebe \u201cDiksha do mantra\u201d de Gurudev, seja pessoalmente ou via TV, CD ou um clipe de v\u00eddeo por e-mail e se torna um disc\u00edpulo, ele estabelece um contato permanente com Gurudev no n\u00edvel sutil. Portanto, Gurudev est\u00e1 sempre presente com o disc\u00edpulo, quer ele esteja perto de Gurudev ou em algum lugar distante. A presen\u00e7a protetora e a orienta\u00e7\u00e3o de Gurudev est\u00e3o sempre dispon\u00edveis ao disc\u00edpulo sempre que ele se lembra ou ora por Ele de cora\u00e7\u00e3o. \u00c9 por isso que uma simples imagem ou foto de Gurudev \u00e9 t\u00e3o eficaz quanto sua b\u00ean\u00e7\u00e3o pessoal ao disc\u00edpulo.<\/p>\n","protected":false},"excerpt":{"rendered":"<p>Guru Siyag \u00e9 um **Siddha**: um mestre espiritual que atingiu ambos os estados divinos **Sagun** (Deus em forma vis\u00edvel e qualidades) e **Nirgun** (Deus em estado invis\u00edvel sem quaisquer Gunas ou atributos). Os poderes divinos de Gurudev n\u00e3o est\u00e3o restritos apenas ao seu corpo. Seus poderes divinos existem em todos os lugares do universo em forma invis\u00edvel e sutil, e assim a medita\u00e7\u00e3o sobre sua fotografia tem o mesmo impacto que sua presen\u00e7a pessoal. A medita\u00e7\u00e3o sobre a imagem de Guru Siyag \u00e9 uma invoca\u00e7\u00e3o de sua gra\u00e7a. Guru Siyag diz: &#8220;O Guru \u00e9 uma for\u00e7a gravitacional. Este corpo n\u00e3o \u00e9 o Guru. Este corpo morrer\u00e1 em alguns anos. O Guru est\u00e1 dentro de voc\u00ea. A ci\u00eancia do yoga n\u00e3o valoriza tempo e espa\u00e7o. Eu estou dentro de voc\u00ea e voc\u00ea est\u00e1 dentro de mim. Sempre que e onde quer que voc\u00ea se lembre de mim, estarei presente. Se um Guru \u00e9 um verdadeiro Guru, ent\u00e3o ele \u00e9 onipresente.&#8221; Uma vez que um buscador recebe \u201cDiksha do mantra\u201d de Gurudev, seja pessoalmente ou via TV, CD ou um clipe de v\u00eddeo por e-mail e se torna um disc\u00edpulo, ele estabelece um contato permanente com Gurudev no n\u00edvel sutil. Portanto, Gurudev est\u00e1 sempre presente com o disc\u00edpulo, quer ele esteja perto de Gurudev ou em algum lugar distante. A presen\u00e7a protetora e a orienta\u00e7\u00e3o de Gurudev est\u00e3o sempre dispon\u00edveis ao disc\u00edpulo sempre que ele se lembra ou ora por Ele de cora\u00e7\u00e3o. \u00c9 por isso que uma simples imagem ou foto de Gurudev \u00e9 t\u00e3o eficaz quanto sua b\u00ean\u00e7\u00e3o pessoal ao disc\u00edpulo.<\/p>\n","protected":false},"author":2,"featured_media":0,"parent":0,"menu_order":0,"comment_status":"closed","ping_status":"closed","template":"","meta":{"footnotes":""},"class_list":["post-1633","page","type-page","status-publish","hentry"],"aioseo_notices":[],"ams_acf":[],"_links":{"self":[{"href":"https:\/\/gurusiyagyoga.org\/pt\/wp-json\/wp\/v2\/pages\/1633","targetHints":{"allow":["GET"]}}],"collection":[{"href":"https:\/\/gurusiyagyoga.org\/pt\/wp-json\/wp\/v2\/pages"}],"about":[{"href":"https:\/\/gurusiyagyoga.org\/pt\/wp-json\/wp\/v2\/types\/page"}],"author":[{"embeddable":true,"href":"https:\/\/gurusiyagyoga.org\/pt\/wp-json\/wp\/v2\/users\/2"}],"replies":[{"embeddable":true,"href":"https:\/\/gurusiyagyoga.org\/pt\/wp-json\/wp\/v2\/comments?post=1633"}],"version-history":[{"count":2,"href":"https:\/\/gurusiyagyoga.org\/pt\/wp-json\/wp\/v2\/pages\/1633\/revisions"}],"predecessor-version":[{"id":1662,"href":"https:\/\/gurusiyagyoga.org\/pt\/wp-json\/wp\/v2\/pages\/1633\/revisions\/1662"}],"wp:attachment":[{"href":"https:\/\/gurusiyagyoga.org\/pt\/wp-json\/wp\/v2\/media?parent=1633"}],"curies":[{"name":"wp","href":"https:\/\/api.w.org\/{rel}","templated":true}]}}