{"id":281,"date":"2019-09-19T16:24:33","date_gmt":"2019-09-19T16:24:33","guid":{"rendered":"https:\/\/gurusiyagyoga.org\/zh\/?page_id=281"},"modified":"2020-05-04T10:04:43","modified_gmt":"2020-05-04T10:04:43","slug":"gsy-aspects","status":"publish","type":"page","link":"https:\/\/gurusiyagyoga.org\/zh\/gsy-aspects\/","title":{"rendered":"GSY\u7684\u7ec3\u4e60\u5305\u62ec\u54ea\u4e9b\u65b9\u9762\uff1f"},"content":{"rendered":"<p>\u53e4\u9c81Siyag\u745c\u4f3d\uff08GSY\uff09\u7684\u7ec3\u4e60\u5305\u62ec\u53cd\u590d\u5ff5\u8bf5\uff08\u5728\u5fc3\u91cc\u9ed8\u5ff5\uff09\u4e00\u4e2a\u7279\u5b9a\u7684\u795e\u5723\u771f\u8a00\u4ee5\u53ca\u51a5\u60f3\u3002\u53e4\u9c81Siyag\u901a\u8fc7\u6388\u4e88\u8ffd\u5bfb\u8005\u4e00\u4e2a\u771f\u8a00\u2014\u2014\u795e\u5723\u7684\u7ecf\u6587\u2014\u2014\u5e76\u4e14\u4f20\u6388\u4e00\u79cd\u51a5\u60f3\u7684\u65b9\u6cd5\uff0c\u6765\u5c06\u8ffd\u5bfb\u8005\u9886\u5165GSY\u5e76\u6210\u4e3a\u53e4\u9c81\u7684\u5f1f\u5b50\u3002\u771f\u8a00\u5fc5\u987b\u4e00\u523b\u4e0d\u505c\u5730\u88ab\u9ed8\u5ff5\uff08\u5634\u5507\u548c\u820c\u5934\u4e0d\u52a8\uff09\uff0c\u5f53\u6301\u7eed\u5ff5\u8bf5\u8d85\u8fc7\u4e00\u6bb5\u65f6\u95f4\u4e4b\u540e\uff0c\u771f\u8a00\u7684\u5ff5\u8bf5\uff08Japa\uff09\u4f1a\u53d8\u5f97\u4e0d\u7531\u81ea\u4e3b\u8d77\u6765\uff0c\u5373\u7ec3\u4e60\u8005\u4e0d\u518d\u9700\u8981\u523b\u610f\u96c6\u4e2d\u6ce8\u610f\u529b\u4e5f\u4f1a\u4e0b\u610f\u8bc6\u5730\u53bb\u5ff5\u8bf5\u3002\u7136\u800c\uff0c\u8fd9\u79cd\u73b0\u8c61\u7684\u53d1\u751f\u53d6\u51b3\u4e8e\u7ec3\u4e60\u8005\u5ff5\u8bf5\u65f6\u7684\u5f3a\u5ea6\u4ee5\u53ca\u8654\u8bda\u7a0b\u5ea6\u3002\u6709\u7684\u7ec3\u4e60\u8005\u4ec5\u4ec5\u7ecf\u8fc7\u4e00\u4e2a\u591a\u661f\u671f\u7684\u7ec3\u4e60\u5c31\u4f1a\u8ba9\u5ff5\u8bf5\u53d8\u6210\u4e00\u79cd\u4e0b\u610f\u8bc6\u7684\u884c\u4e3a\uff0c\u800c\u5bf9\u4e8e\u53e6\u5916\u4e00\u4e9b\u4eba\u5219\u9700\u8981\u4e24\u4e2a\u661f\u671f\u751a\u81f3\u51e0\u4e2a\u6708\u7684\u65f6\u95f4\u3002\u9664\u4e86\u5ff5\u8bf5\u4ee5\u5916\uff0c\u7ec3\u4e60\u8005\u6bcf\u5929\u8fd8\u5fc5\u987b\u6bcf\u5929\u51a5\u60f3\u4e24\u5230\u4e09\u6b21\uff0c\u6bcf\u6b21\u6301\u7eed15\u5206\u949f\u3002<\/p>\n<p>\u771f\u8a00\u7684\u5ff5\u8bf5\u4ee5\u53ca\u51a5\u60f3\u76f8\u914d\u5408\u4f1a\u5524\u9192\u7ec3\u4e60\u8005\u7684\u6606\u8fbe\u91cc\u5c3c\uff08Kundalini\uff0c\u53c8\u79f0\u4e3a\u62d9\u706b\uff09\uff0c\u6606\u8fbe\u91cc\u5c3c\u662f\u4e00\u79cd\u5728\u7ec3\u4e60\u8005\u4f53\u5185\u7684\u80fd\u91cf\uff0c\u8fd9\u79cd\u80fd\u91cf\u4f1a\u5f15\u5bfc\u7ec3\u4e60\u8005\u4e0d\u7531\u81ea\u4e3b\u5730\u505a\u51fa\u4e00\u7cfb\u5217\u4f53\u5f0f\uff08\u0101sanans\uff09\u3001\u52a8\u4f5c\uff08kriy\u0101s\uff09\u3001\u9501\u5370\uff08bandhs\uff09\u3001\u624b\u52bf\uff08mudr\u0101s\uff09\u4ee5\u53ca\u547c\u5438\u63a7\u5236\uff08pr\u0101n\u0101y\u0101m\uff09\u7b49\u745c\u4f3d\u7ec3\u4e60\uff0c\u5e76\u501f\u6b64\u6765\u51c0\u5316\u7ec3\u4e60\u8005\u7684\u6574\u4e2a\u8eab\u4f53\u3002<\/p>\n","protected":false},"excerpt":{"rendered":"<p>\u53e4\u9c81Siyag\u745c\u4f3d\uff08GSY\uff09\u7684\u7ec3\u4e60\u5305\u62ec\u53cd\u590d\u5ff5\u8bf5\uff08\u5728\u5fc3\u91cc\u9ed8\u5ff5\uff09\u4e00\u4e2a\u7279\u5b9a\u7684\u795e\u5723\u771f\u8a00\u4ee5\u53ca\u51a5\u60f3\u3002\u53e4\u9c81Siyag\u901a\u8fc7\u6388\u4e88\u8ffd\u5bfb\u8005\u4e00\u4e2a\u771f\u8a00\u2014\u2014\u795e\u5723\u7684\u7ecf\u6587\u2014\u2014\u5e76\u4e14\u4f20\u6388\u4e00\u79cd\u51a5\u60f3\u7684\u65b9\u6cd5\uff0c\u6765\u5c06\u8ffd\u5bfb\u8005\u9886\u5165GSY\u5e76\u6210\u4e3a\u53e4\u9c81\u7684\u5f1f\u5b50\u3002\u771f\u8a00\u5fc5\u987b\u4e00\u523b\u4e0d\u505c\u5730\u88ab\u9ed8\u5ff5\uff08\u5634\u5507\u548c\u820c\u5934\u4e0d\u52a8\uff09\uff0c\u5f53\u6301\u7eed\u5ff5\u8bf5\u8d85\u8fc7\u4e00\u6bb5\u65f6\u95f4\u4e4b\u540e\uff0c\u771f\u8a00\u7684\u5ff5\u8bf5\uff08Japa\uff09\u4f1a\u53d8\u5f97\u4e0d\u7531\u81ea\u4e3b\u8d77\u6765\uff0c\u5373\u7ec3\u4e60\u8005\u4e0d\u518d\u9700\u8981\u523b\u610f\u96c6\u4e2d\u6ce8\u610f\u529b\u4e5f\u4f1a\u4e0b\u610f\u8bc6\u5730\u53bb\u5ff5\u8bf5\u3002\u7136\u800c\uff0c\u8fd9\u79cd\u73b0\u8c61\u7684\u53d1\u751f\u53d6\u51b3\u4e8e\u7ec3\u4e60\u8005\u5ff5\u8bf5\u65f6\u7684\u5f3a\u5ea6\u4ee5\u53ca\u8654\u8bda\u7a0b\u5ea6\u3002\u6709\u7684\u7ec3\u4e60\u8005\u4ec5\u4ec5\u7ecf\u8fc7\u4e00\u4e2a\u591a\u661f\u671f\u7684\u7ec3\u4e60\u5c31\u4f1a\u8ba9\u5ff5\u8bf5\u53d8\u6210\u4e00\u79cd\u4e0b\u610f\u8bc6\u7684\u884c\u4e3a\uff0c\u800c\u5bf9\u4e8e\u53e6\u5916\u4e00\u4e9b\u4eba\u5219\u9700\u8981\u4e24\u4e2a\u661f\u671f\u751a\u81f3\u51e0\u4e2a\u6708\u7684\u65f6\u95f4\u3002\u9664\u4e86\u5ff5\u8bf5\u4ee5\u5916\uff0c\u7ec3\u4e60\u8005\u6bcf\u5929\u8fd8\u5fc5\u987b\u6bcf\u5929\u51a5\u60f3\u4e24\u5230\u4e09\u6b21\uff0c\u6bcf\u6b21\u6301\u7eed15\u5206\u949f\u3002 \u771f\u8a00\u7684\u5ff5\u8bf5\u4ee5\u53ca\u51a5\u60f3\u76f8\u914d\u5408\u4f1a\u5524\u9192\u7ec3\u4e60\u8005\u7684\u6606\u8fbe\u91cc\u5c3c\uff08Kundalini\uff0c\u53c8\u79f0\u4e3a\u62d9\u706b\uff09\uff0c\u6606\u8fbe\u91cc\u5c3c\u662f\u4e00\u79cd\u5728\u7ec3\u4e60\u8005\u4f53\u5185\u7684\u80fd\u91cf\uff0c\u8fd9\u79cd\u80fd\u91cf\u4f1a\u5f15\u5bfc\u7ec3\u4e60\u8005\u4e0d\u7531\u81ea\u4e3b\u5730\u505a\u51fa\u4e00\u7cfb\u5217\u4f53\u5f0f\uff08\u0101sanans\uff09\u3001\u52a8\u4f5c\uff08kriy\u0101s\uff09\u3001\u9501\u5370\uff08bandhs\uff09\u3001\u624b\u52bf\uff08mudr\u0101s\uff09\u4ee5\u53ca\u547c\u5438\u63a7\u5236\uff08pr\u0101n\u0101y\u0101m\uff09\u7b49\u745c\u4f3d\u7ec3\u4e60\uff0c\u5e76\u501f\u6b64\u6765\u51c0\u5316\u7ec3\u4e60\u8005\u7684\u6574\u4e2a\u8eab\u4f53\u3002<\/p>\n","protected":false},"author":2,"featured_media":0,"parent":0,"menu_order":0,"comment_status":"closed","ping_status":"closed","template":"","meta":{"footnotes":""},"class_list":["post-281","page","type-page","status-publish","hentry"],"aioseo_notices":[],"ams_acf":[],"_links":{"self":[{"href":"https:\/\/gurusiyagyoga.org\/zh\/wp-json\/wp\/v2\/pages\/281","targetHints":{"allow":["GET"]}}],"collection":[{"href":"https:\/\/gurusiyagyoga.org\/zh\/wp-json\/wp\/v2\/pages"}],"about":[{"href":"https:\/\/gurusiyagyoga.org\/zh\/wp-json\/wp\/v2\/types\/page"}],"author":[{"embeddable":true,"href":"https:\/\/gurusiyagyoga.org\/zh\/wp-json\/wp\/v2\/users\/2"}],"replies":[{"embeddable":true,"href":"https:\/\/gurusiyagyoga.org\/zh\/wp-json\/wp\/v2\/comments?post=281"}],"version-history":[{"count":1,"href":"https:\/\/gurusiyagyoga.org\/zh\/wp-json\/wp\/v2\/pages\/281\/revisions"}],"predecessor-version":[{"id":282,"href":"https:\/\/gurusiyagyoga.org\/zh\/wp-json\/wp\/v2\/pages\/281\/revisions\/282"}],"wp:attachment":[{"href":"https:\/\/gurusiyagyoga.org\/zh\/wp-json\/wp\/v2\/media?parent=281"}],"curies":[{"name":"wp","href":"https:\/\/api.w.org\/{rel}","templated":true}]}}