{"id":647,"date":"2026-01-29T11:17:40","date_gmt":"2026-01-29T05:47:40","guid":{"rendered":"https:\/\/gurusiyagyoga.org\/zh\/?page_id=647"},"modified":"2026-02-06T16:13:10","modified_gmt":"2026-02-06T10:43:10","slug":"brief","status":"publish","type":"page","link":"https:\/\/gurusiyagyoga.org\/zh\/brief\/","title":{"rendered":"6.1 \u7b80\u5355\u6613\u884c\u7684  GSY"},"content":{"rendered":"<p style=\"font-weight: 400;\"><strong>\u7ed9\u9752\u5e74\u4eba\u7684\u6d88\u606f<\/strong><strong>\u00a0\u00a0\u00a0 Message to the youth<\/strong><\/p>\n<p style=\"font-weight: 400;\">\u201c\u5e7c\u5e74\u6216\u8005\u9752\u5c11\u5e74\u65f6\u671f\u662f\u5f00\u59cb\u7075\u6027\u65c5\u9014\u7684\u5408\u9002\u65f6\u671f\uff0c\u5728\u5e74\u8f7b\u7684\u65f6\u5019\u5c31\u7ecf\u5386\u7075\u6027\u7684\u8fdb\u5316\u662f\u6709\u5fc5\u8981\u7684\u3002\u6211\u7684\u5f1f\u5b50\u4e2d\u63a5\u8fd1\u4e5d\u6210\u90fd\u662f\u5e74\u8f7b\u4eba\u3002\u201d<\/p>\n<p style=\"font-weight: 400;\">\u201c\u6211\u575a\u4fe1\uff0c\u9664\u975e\u5e74\u8f7b\u4eba\u53d8\u5f97\u5177\u6709\u7075\u6027\u610f\u8bc6\uff0c\u5426\u5219\u5168\u4e16\u754c\u8303\u56f4\u7684\u7075\u6027\u9769\u547d\uff08\u89c9\u9192\uff09\u662f\u4e0d\u4f1a\u53d1\u751f\u7684\u3002\u6b63\u662f\u9752\u5e74\u4eba\u624d\u80fd\u5f15\u5bfc\u8fd9\u4e2a\u4e16\u754c\u7684\u8fdb\u5316\u3002\u4ed6\u4eec\u5728\u8fc7\u53bb\u66fe\u7ecf\u8fd9\u6837\u505a\u8fc7\uff0c\u672a\u6765\u4e5f\u4f1a\u540c\u6837\u8fd9\u6837\u505a\u3002\u201d<\/p>\n<p style=\"font-weight: 400;\"><strong>\u00a0<\/strong><\/p>\n<p style=\"font-weight: 400;\"><strong>\u4ec0\u4e48\u662f<\/strong><strong>GSY<\/strong><strong>\uff1f<\/strong><strong>What\u00a0 is GSY<\/strong><\/p>\n<p style=\"font-weight: 400;\">GSY\u7684\u7ec3\u4e60\u6765\u6e90\u4e8e\u4e00\u79cd\u88ab\u79f0\u4e3a\u201cSiddha\u745c\u4f3d\u201d\u7684\u53e4\u8001\u7684\u745c\u4f3d\u5f62\u5f0f\u3002\u7531\u4e8e\u897f\u65b9\u73b0\u5728\u6d8c\u73b0\u51fa\u4e00\u5927\u6279\u745c\u4f3d\u5b66\u6821\uff0c\u201c\u745c\u4f3d\u201d\u8fd9\u4e2a\u8bcd\u5df2\u7ecf\u5f00\u59cb\u610f\u5473\u7740\u8eab\u4f53\u7684\u953b\u70bc\uff0c\u6216\u8005\u4e00\u79cd\u5f3a\u8eab\u5065\u4f53\u7684\u8fc7\u7a0b\u3002\u7136\u800c\uff0c\u201c\u745c\u4f3d\u201d\u8fd9\u4e2a\u8bcd\u5b9e\u9645\u4e0a\u8868\u793a\u201c\u4e0e\u81f3\u9ad8\u65e0\u4e0a\u7684\u5408\u4e00\u201d\u3002\u201cSiddha\u201d\u8fd9\u4e2a\u8bcd\u8868\u793a\u201c\u5b8c\u7f8e\u7684\u201d\u6216\u8005\u201c\u5177\u6709\u5f3a\u5927\u529b\u91cf\u7684\u201d\u3002Siddha\u745c\u4f3d\u662f\u4e00\u79cd\u53ef\u4ee5\u6beb\u4e0d\u8d39\u529b\u5b9e\u73b0Yoga\uff08\u5408\u4e00\uff09\u7684\u745c\u4f3d\u65b9\u6cd5\u3002\u8fd9\u79cd\u745c\u4f3d\u53ea\u80fd\u901a\u8fc7Siddha \uff08\u5b8c\u7f8e\u7684\uff09\u53e4\u9c81\uff08\u4e0a\u5e08\uff09\u7684\u6069\u8d50\u624d\u80fd\u591f\u88ab\u4e86\u89e3\uff0c\u800c\u4e0d\u9700\u8981\u5f1f\u5b50\u53bb\u505a\u4efb\u4f55\u7684\u52aa\u529b\u3002<\/p>\n<p style=\"font-weight: 400;\">Siddha\u745c\u4f3d\u662f\u7531\u53e4\u8001\u7684Nath\u6d41\u6d3e\u745c\u4f3d\u4f20\u7edf\u8d50\u4e88\u5168\u4eba\u7c7b\u7684\u3002\u53e4\u4ee3\u7684\u5723\u4ebaMatsyendra Nath\u5728\u51e0\u5343\u5e74\u524d\u9996\u5148\u83b7\u5f97\u4e86\u745c\u4f3d\u7684\u77e5\u8bc6\uff0c\u8fd9\u4e9b\u77e5\u8bc6\u662f\u5728\u559c\u9a6c\u62c9\u96c5\u5c71\u7684\u5929\u754c\u5c45\u6240\u4e2d\uff0c\u4eceShiva\u5927\u795e\u90a3\u91cc\u76f4\u63a5\u83b7\u5f97\u7684\u3002Shiva\u5927\u795e\u8981\u6c42Matsyendra Nath\u53bb\u5411\u5168\u4eba\u7c7b\u4f20\u64ad\u8fd9\u745c\u4f3d\u7684\u77e5\u8bc6\uff0c\u4ece\u800c\u4f7f\u5f97\u4eba\u7c7b\u80fd\u591f\u5b8c\u6210\u7075\u6027\u7684\u8fdb\u5316\u3002\u4ece\u90a3\u65f6\u5f00\u59cb\uff0c\u5145\u6ee1\u7740\u77e5\u8bc6\u4e0e\u667a\u6167\u7684\u745c\u4f3d\u7cfb\u7edf\uff0c\u4fbf\u901a\u8fc7\u4e0a\u5e08-\u5f1f\u5b50\u7684\u4f20\u7edf\u4ee3\u4ee3\u4f20\u627f\u4e0b\u6765\u4e86\u3002Siddha\u745c\u4f3d\u662f\u975e\u5e38\u5e7f\u535a\u7684\uff0c\u5b83\u878d\u5408\u4e86\u6240\u6709\u7684\u745c\u4f3d\u4f53\u7cfb\uff0c\u4f8b\u5982Bhakti\u745c\u4f3d\uff0cKarma\u745c\u4f3d\uff0cRaj\u745c\u4f3d\uff0cKriya\u745c\u4f3d\uff0cGyan\u745c\u4f3d\uff0cLaya\u745c\u4f3d\uff0cBhava\u745c\u4f3d\uff0cHatha\u745c\u4f3d\u7b49\u7b49\u3002\u56e0\u6b64Siddha\u745c\u4f3d\u53c8\u88ab\u53eb\u505aPurna\u745c\u4f3d\uff08\u5b8c\u7f8e\u7684\u745c\u4f3d\uff09\u6216\u8005Maha\u745c\u4f3d\uff08\u4f1f\u5927\u7684\u745c\u4f3d\uff09\u3002<\/p>\n<p style=\"font-weight: 400;\">Siddha\u745c\u4f3d\u662f\u4e00\u79cd\u53ef\u4ee5\u6beb\u4e0d\u8d39\u529b\u5b9e\u73b0Yoga\uff08\u5408\u4e00\uff09\u7684\u745c\u4f3d\u65b9\u6cd5\u3002\u8fd9\u79cd\u745c\u4f3d\u53ea\u80fd\u901a\u8fc7Siddha \uff08\u5b8c\u7f8e\u7684\uff09\u53e4\u9c81\uff08\u4e0a\u5e08\uff09\u7684\u6069\u8d50\u624d\u80fd\u591f\u88ab\u4e86\u89e3\uff0c\u800c\u4e0d\u9700\u8981\u5f1f\u5b50\u53bb\u505a\u4efb\u4f55\u7684\u52aa\u529b\u3002\u201c\u6beb\u4e0d\u8d39\u529b\u201c\u5728\u8fd9\u91cc\u7684\u542b\u4e49\u662f\u5f1f\u5b50\u53ea\u9700\u8981\u53bb\u7528\u5fc3\u53bb\u505a\u7ec3\u4e60\uff0c\u800c\u4e0d\u9700\u8981\u8bbe\u5b9a\u7279\u5b9a\u7684\u76ee\u6807\u53bb\u5b9e\u73b0\u3002\u7075\u6027\u7684\u8f6c\u53d8\u4f1a\u81ea\u7136\u800c\u7136\u7684\u53d1\u751f\u3002<\/p>\n<p style=\"font-weight: 400;\"><strong>\u00a0<\/strong><\/p>\n<p style=\"font-weight: 400;\"><strong>GSY<\/strong><strong>\u7684\u7ec3\u4e60\u5305\u62ec\u54ea\u4e9b\u65b9\u9762\uff1f<\/strong><strong>What does the practice of GSY involve?<\/strong><\/p>\n<p style=\"font-weight: 400;\">\u53e4\u9c81Siyag\u745c\u4f3d\uff08GSY\uff09\u7684\u7ec3\u4e60\u5305\u62ec\u53cd\u590d\u5ff5\u8bf5\uff08\u5728\u5fc3\u91cc\u9ed8\u5ff5\uff09\u4e00\u4e2a\u7279\u5b9a\u7684\u795e\u5723\u771f\u8a00\u4ee5\u53ca\u51a5\u60f3\u3002\u53e4\u9c81Siyag\u901a\u8fc7\u6388\u4e88\u8ffd\u5bfb\u8005\u4e00\u4e2a\u771f\u8a00\u2014\u2014\u795e\u5723\u7684\u7ecf\u6587\u2014\u2014\u5e76\u4e14\u4f20\u6388\u4e00\u79cd\u51a5\u60f3\u7684\u65b9\u6cd5\uff0c\u6765\u5c06\u8ffd\u5bfb\u8005\u9886\u5165GSY\u5e76\u6210\u4e3a\u53e4\u9c81\u7684\u5f1f\u5b50\u3002\u771f\u8a00\u5fc5\u987b\u4e00\u523b\u4e0d\u505c\u5730\u88ab\u9ed8\u5ff5\uff08\u5634\u5507\u548c\u820c\u5934\u4e0d\u52a8\uff09\uff0c\u5f53\u6301\u7eed\u5ff5\u8bf5\u8d85\u8fc7\u4e00\u6bb5\u65f6\u95f4\u4e4b\u540e\uff0c\u771f\u8a00\u7684\u5ff5\u8bf5\uff08Japa\uff09\u4f1a\u53d8\u5f97\u4e0d\u7531\u81ea\u4e3b\u8d77\u6765\uff0c\u5373\u7ec3\u4e60\u8005\u4e0d\u518d\u9700\u8981\u523b\u610f\u96c6\u4e2d\u6ce8\u610f\u529b\u4e5f\u4f1a\u4e0b\u610f\u8bc6\u5730\u53bb\u5ff5\u8bf5\u3002\u7136\u800c\uff0c\u8fd9\u79cd\u73b0\u8c61\u7684\u53d1\u751f\u53d6\u51b3\u4e8e\u7ec3\u4e60\u8005\u5ff5\u8bf5\u65f6\u7684\u5f3a\u5ea6\u4ee5\u53ca\u8654\u8bda\u7a0b\u5ea6\u3002\u6709\u7684\u7ec3\u4e60\u8005\u4ec5\u4ec5\u7ecf\u8fc7\u4e00\u4e2a\u591a\u661f\u671f\u7684\u7ec3\u4e60\u5c31\u4f1a\u8ba9\u5ff5\u8bf5\u53d8\u6210\u4e00\u79cd\u4e0b\u610f\u8bc6\u7684\u884c\u4e3a\uff0c\u800c\u5bf9\u4e8e\u53e6\u5916\u4e00\u4e9b\u4eba\u5219\u9700\u8981\u4e24\u4e2a\u661f\u671f\u751a\u81f3\u51e0\u4e2a\u6708\u7684\u65f6\u95f4\u3002\u9664\u4e86\u5ff5\u8bf5\u4ee5\u5916\uff0c\u7ec3\u4e60\u8005\u6bcf\u5929\u8fd8\u5fc5\u987b\u6bcf\u5929\u51a5\u60f3\u4e24\u5230\u4e09\u6b21\uff0c\u6bcf\u6b21\u6301\u7eed15\u5206\u949f\u3002<\/p>\n<p style=\"font-weight: 400;\">\u771f\u8a00\u7684\u5ff5\u8bf5\u4ee5\u53ca\u51a5\u60f3\u76f8\u914d\u5408\u4f1a\u5524\u9192\u7ec3\u4e60\u8005\u7684\u6606\u8fbe\u91cc\u5c3c\uff08Kundalini\uff0c\u53c8\u79f0\u4e3a\u62d9\u706b\uff09\uff0c\u6606\u8fbe\u91cc\u5c3c\u662f\u4e00\u79cd\u5728\u7ec3\u4e60\u8005\u4f53\u5185\u7684\u80fd\u91cf\uff0c\u8fd9\u79cd\u80fd\u91cf\u4f1a\u5f15\u5bfc\u7ec3\u4e60\u8005\u4e0d\u7531\u81ea\u4e3b\u5730\u505a\u51fa\u4e00\u7cfb\u5217\u4f53\u5f0f\uff08\u0101sanans\uff09\u3001\u52a8\u4f5c\uff08kriy\u0101s\uff09\u3001\u9501\u5370\uff08bandhs\uff09\u3001\u624b\u52bf\uff08mudr\u0101s\uff09\u4ee5\u53ca\u547c\u5438\u63a7\u5236\uff08pr\u0101n\u0101y\u0101m\uff09\u7b49\u745c\u4f3d\u7ec3\u4e60\uff0c\u5e76\u501f\u6b64\u6765\u51c0\u5316\u7ec3\u4e60\u8005\u7684\u6574\u4e2a\u8eab\u4f53\u3002<\/p>\n<p style=\"font-weight: 400;\"><strong>\u00a0<\/strong><\/p>\n<p style=\"font-weight: 400;\"><strong>GSY<\/strong><strong>\u7684\u91cd\u8981\u6027 <\/strong><strong>\u00a0\u00a0\u00a0Importance of GSY<\/strong><\/p>\n<p style=\"font-weight: 400;\">\u6211\u4eec\u5728\u8fd9\u91cc\u7ed9\u51fa\u4e00\u5c0f\u6bb5\u53e4\u9c81\u57281999\u5e74\u7684\u6f14\u8bb2\u8282\u9009\u3002\u5728\u8fd9\u4e2a\u8282\u9009\u91cc\uff0c\u4ed6\u8bb2\u5230\u4e86\u745c\u4f3d\u662f\u4ec0\u4e48\uff0c\u7279\u522b\u662f\u4ed6\u96b6\u5c5e\u7684Siddha\u745c\u4f3d\u6d41\u6d3e\u7684\u5386\u53f2\u548c\u529f\u6548\u3002<\/p>\n<p style=\"font-weight: 400;\">\u53e4\u9c81Siyag\u5bf9\u745c\u4f3d\u7684\u8bb2\u89e3<\/p>\n<p style=\"font-weight: 400;\">\u201c\u5982\u4f55\u5b9a\u4e49\u745c\u4f3d\uff1f\u5723\u4eba\u5e15\u5766\u4f3d\u5229\u5728\u4ed6\u7684\u8457\u4f5c\u300a\u745c\u4f3d\u7ecf\u300b\u7684\u7b2c\u4e8c\u6761\u683c\u8a00\u4e2d\u5c06\u745c\u4f3d\u7b80\u5355\u5b9a\u4e49\u4e3a\u201c\u6d88\u9664\u610f\u8bc6\u7684\u4e00\u79cd\u53eb\u505aVrittis\u7684\u5185\u5728\u503e\u5411\u201d\u3002\u6211\u4eec\u7684\u610f\u8bc6\u662f\u53d8\u5e7b\u65e0\u5e38\u7684\uff0c\u5047\u5982\u610f\u8bc6\u4e0d\u80fd\u53d8\u5f97\u5b89\u9759\u548c\u7a33\u5b9a\u4e0b\u6765\uff0c\u8ffd\u5bfb\u8005\u5c31\u65e2\u4e0d\u80fd\u51a5\u60f3\uff0c\u4e5f\u4e0d\u80fd\u4f53\u9a8c\u5230\u745c\u4f3d\uff08\u4e0e\u81f3\u9ad8\u610f\u8bc6\u7684\u878d\u5408\uff09\u3002\u5728\u6211\u6240\u8bb2\u7684Siddha\u745c\u4f3d\u7684\u7ec3\u4e60\u91cc\uff0c\u662f\u53e4\u9c81\u5728\u80cc\u540e\u5de7\u5999\u5730\u68c0\u67e5\u5f1f\u5b50\u7684\u610f\u8bc6\uff0c\u907f\u514d\u5b83\u4e0d\u65ad\u5f98\u5f8a\uff0c\u8ba9\u5b83\u5b89\u9759\u4e0b\u6765\u5e76\u8ba9\u5b83\u4e0d\u4ea7\u751f\u4efb\u4f55\u601d\u8003\u3002\u201d<\/p>\n<p style=\"font-weight: 400;\">\u201c\u6211\u4eec\uff08\u901a\u8fc7Siddha\u745c\u4f3d\uff09\u6240\u9075\u5faa\u7684Nath\u745c\u4f3d\u4f20\u7edf\u6d41\u6d3e\u662f\u7531\u4e5d\u4f4d\u6c38\u6052\u4e0d\u706d\u7684Naths\uff08\u9ad8\u9636\u7684\u745c\u4f3d\u5723\u4eba\uff09\u6240\u9886\u5bfc\u7684\u3002Machhindra Nathji\u662f\u5728\u6570\u767e\u4e07\u5e74\u524d\uff0c Kaliyuga\uff08\u5f53\u524d\u7684\u9ed1\u6697\u65f6\u4ee3\uff09\u5f00\u59cb\u7684\u65f6\u5019\u7684\u4f17\u591a\u4f1f\u5927\u7684\u53e4\u9c81\u4e2d\u7684\u7b2c\u4e00\u4f4d\u3002\u201d<\/p>\n<p style=\"font-weight: 400;\">\u201cGorakhnathji\u662fMachhindra Nathji\u7684\u4e00\u4f4d\u5f1f\u5b50\u3002Gorakhnathji\u5c06\u5420\u9640\u54f2\u5b66\u6bd4\u4f5cKalpataru\uff08\u795e\u79d8\u7684\u613f\u671b\u5b9e\u73b0\u4e4b\u6811\uff09\u5e76\u4e14\u5c06\u745c\u4f3d\u5f62\u5bb9\u4e3a\u201c\u5420\u9640\u54f2\u5b66\u7684\u4e0d\u706d\u679c\u5b9e\u201d\u3002\u901a\u8fc7\u7ec3\u4e60Siddha\u745c\u4f3d\uff0c\u7ec3\u4e60\u8005\u53ef\u4ee5\u8131\u79bb\u4e09\u79cd\u75db\u82e6\uff1a\u8eab\u4f53\u4e0a\u7684\uff0c\u7cbe\u795e\u4e0a\u7684\u548c\u7075\u6027\u4e0a\u7684\u3002\u6ca1\u6709\u5728\u8fd9\u4e09\u5927\u7c7b\u4e4b\u5916\u5b58\u5728\u7684\u75db\u82e6\u3002Siddha\u745c\u4f3d\u7684\u7ec3\u4e60\u5df2\u7ecf\u8ba9\u6570\u4ee5\u5343\u8ba1\u7684\u7ec3\u4e60\u8005\u4ece\u5404\u79cd\u8eab\u4f53\u75be\u75c5\u4e2d\u89e3\u8131\u4e86\u3002\u201d<\/p>\n<p style=\"font-weight: 400;\">\u201c\u8fd9\u79cd\u8fdb\u5316\uff08\u901a\u8fc7\u4e09\u79cd\u75db\u82e6\u7684\u89e3\u9664\uff09\u662f\u57fa\u4e8e\u771f\u5b9e\u800c\u786e\u5b9a\u7684\u54f2\u5b66\u7684\uff0c\u4e0d\u662f\u4ec0\u4e48\u4eba\u4e3a\u865a\u6784\u6216\u8005\u81c6\u60f3\u51fa\u6765\u7684\u3002\u6211\u77e5\u9053\u6709\u4e9b\u4eba\u5728\u8bb2\u745c\u4f3d\u54f2\u5b66\u7684\u65f6\u5019\u786e\u5b9e\u4f1a\u5f15\u5165\u4e00\u4e9b\u865a\u6784\u7684\u4e1c\u897f\uff0c\u56e0\u4e3a\u4ed6\u4eec\u7684\u5efa\u8bae\u90fd\u662f\u7eaf\u57fa\u4e8e\u7406\u8bba\u7684\uff0c\u7f3a\u4e4f\u5b9e\u9645\u7684\u4f53\u9a8c\u3002\u6709\u4e9b\u201c\u53e4\u9c81\u201d\u751a\u81f3\u8bf4\u5982\u679c\u8ffd\u5bfb\u8005\u7ec3\u4e60\u745c\u4f3d20\u5e74\uff0c\u6606\u8fbe\u91cc\u5c3c\u5c31\u4f1a\u88ab\u5524\u9192\uff01\u5bf9\u4e8e\u8fd9\u79cd\u4e8b\u6211\u8bf4\u8fc7\uff0c\u8c01\u80fd\u4fdd\u8bc1\u53e4\u9c81\u548c\u5f1f\u5b50\u90fd\u80fd\u518d\u6d3b20\u5e74\u5462\uff1f\u4e3a\u4ec0\u4e48\u8981\u8270\u96be\u8dcb\u6d8920\u5e74\uff0c\u5c31\u4e3a\u4e86\u8fbe\u5230\u4e00\u4e2a\u4f60\u4eca\u5929\u5c31\u80fd\u8fbe\u5230\u7684\u76ee\u6807\uff1f\u4e3a\u4ec0\u4e48\u4e0d\u5728\u6b64\u65f6\u6b64\u523b\u83b7\u5f97\u7075\u6027\u7684\u610f\u8bc6\u5462\uff1f\u8fd9\u79cd20\u5e74\u7684\u8bf4\u6cd5\u7edd\u5bf9\u662f\u5783\u573e\u3002\u201d<\/p>\n<p style=\"font-weight: 400;\"><strong>\u00a0<\/strong><\/p>\n<p style=\"font-weight: 400;\"><strong>\u8c01\u662f\u53e4\u9c81\uff08\u4e0a\u5e08 <\/strong><strong>?\u00a0 Who is Guru?<\/strong><\/p>\n<p style=\"font-weight: 400;\">&#8220;\u53e4\u9c81\u5e76\u4e0d\u4ec5\u4ec5\u662f\u4f60\u770b\u5230\u7684\u6709\u7740\u8fd9\u6837\u4e00\u5e45\u8eab\u4f53\u7684\u8fd9\u4e2a\u4eba\u3002\u4ed6\u7684\u8fd9\u526f\u8089\u8eab\u4f1a\u9010\u6e10\u51cb\u96f6\u5e76\u6700\u7ec8\u8d70\u5411\u7ec8\u7109\uff0c\u4f46\u662f\u53e4\u9c81\u5374\u662f\u6c38\u6052\u4e0d\u706d\u7684\u795e\u5723\u529b\u91cf\uff0c\u8fd9\u79cd\u529b\u91cf\u6c38\u8fdc\u4e0d\u4f1a\u6b7b\u4ea1\u3002\u4ed6\u662f\u6c38\u6052\u4e14\u4e0d\u8001\u7684\u3002\u53e4\u9c81\u5c45\u4e8e\u4f60\u7684\u5185\u5728\uff08\u8ffd\u5bfb\u8005\u5185\u5fc3\u7684\u610f\u8bc6\u6df1\u5904\uff09\u3002\u5728\u745c\u4f3d\u79d1\u5b66\u91cc\uff0c\u65f6\u95f4\u548c\u7a7a\u95f4\u662f\u6ca1\u6709\u4ef7\u503c\u7684\u3002\u4f60\u5b58\u5728\u4e8e\u6211\u7684\u91cc\u9762\uff0c\u6211\u4e5f\u5b58\u5728\u4e8e\u4f60\u7684\u91cc\u9762\u3002\u4e0d\u8bba\u4f55\u65f6\u4f55\u5730\uff0c\u53ea\u8981\u4f60\u8bb0\u8d77\u6211\uff0c\u4f60\u5c31\u4f1a\u53d1\u73b0\u6211\u4e0e\u4f60\u5728\u4e00\u8d77\u3002\u5982\u679c\u4e00\u4f4d\u53e4\u9c81\u662f\u771f\u7684\u53e4\u9c81\uff0c\u4ed6\u662f\u65e0\u6240\u4e0d\u5728\u7684\u2014\u2014\u4ed6\u540c\u65f6\u5b58\u5728\u4e8e\u6240\u6709\u5730\u65b9\uff0c\u4ed6\u4e0d\u4f1a\u88ab\u65f6\u95f4\u548c\u7a7a\u95f4\u6240\u7ea6\u675f\u3002 &#8220;<\/p>\n","protected":false},"excerpt":{"rendered":"<p>\u7ed9\u9752\u5e74\u4eba\u7684\u6d88\u606f\u00a0\u00a0\u00a0 Message to the youth \u201c\u5e7c\u5e74\u6216\u8005\u9752\u5c11\u5e74\u65f6\u671f\u662f\u5f00\u59cb\u7075\u6027\u65c5\u9014\u7684\u5408\u9002\u65f6\u671f\uff0c\u5728\u5e74\u8f7b\u7684\u65f6\u5019\u5c31\u7ecf\u5386\u7075\u6027\u7684\u8fdb\u5316\u662f\u6709\u5fc5\u8981\u7684\u3002\u6211\u7684\u5f1f\u5b50\u4e2d\u63a5\u8fd1\u4e5d\u6210\u90fd\u662f\u5e74\u8f7b\u4eba\u3002\u201d \u201c\u6211\u575a\u4fe1\uff0c\u9664\u975e\u5e74\u8f7b\u4eba\u53d8\u5f97\u5177\u6709\u7075\u6027\u610f\u8bc6\uff0c\u5426\u5219\u5168\u4e16\u754c\u8303\u56f4\u7684\u7075\u6027\u9769\u547d\uff08\u89c9\u9192\uff09\u662f\u4e0d\u4f1a\u53d1\u751f\u7684\u3002\u6b63\u662f\u9752\u5e74\u4eba\u624d\u80fd\u5f15\u5bfc\u8fd9\u4e2a\u4e16\u754c\u7684\u8fdb\u5316\u3002\u4ed6\u4eec\u5728\u8fc7\u53bb\u66fe\u7ecf\u8fd9\u6837\u505a\u8fc7\uff0c\u672a\u6765\u4e5f\u4f1a\u540c\u6837\u8fd9\u6837\u505a\u3002\u201d \u00a0 \u4ec0\u4e48\u662fGSY\uff1fWhat\u00a0 is GSY GSY\u7684\u7ec3\u4e60\u6765\u6e90\u4e8e\u4e00\u79cd\u88ab\u79f0\u4e3a\u201cSiddha\u745c\u4f3d\u201d\u7684\u53e4\u8001\u7684\u745c\u4f3d\u5f62\u5f0f\u3002\u7531\u4e8e\u897f\u65b9\u73b0\u5728\u6d8c\u73b0\u51fa\u4e00\u5927\u6279\u745c\u4f3d\u5b66\u6821\uff0c\u201c\u745c\u4f3d\u201d\u8fd9\u4e2a\u8bcd\u5df2\u7ecf\u5f00\u59cb\u610f\u5473\u7740\u8eab\u4f53\u7684\u953b\u70bc\uff0c\u6216\u8005\u4e00\u79cd\u5f3a\u8eab\u5065\u4f53\u7684\u8fc7\u7a0b\u3002\u7136\u800c\uff0c\u201c\u745c\u4f3d\u201d\u8fd9\u4e2a\u8bcd\u5b9e\u9645\u4e0a\u8868\u793a\u201c\u4e0e\u81f3\u9ad8\u65e0\u4e0a\u7684\u5408\u4e00\u201d\u3002\u201cSiddha\u201d\u8fd9\u4e2a\u8bcd\u8868\u793a\u201c\u5b8c\u7f8e\u7684\u201d\u6216\u8005\u201c\u5177\u6709\u5f3a\u5927\u529b\u91cf\u7684\u201d\u3002Siddha\u745c\u4f3d\u662f\u4e00\u79cd\u53ef\u4ee5\u6beb\u4e0d\u8d39\u529b\u5b9e\u73b0Yoga\uff08\u5408\u4e00\uff09\u7684\u745c\u4f3d\u65b9\u6cd5\u3002\u8fd9\u79cd\u745c\u4f3d\u53ea\u80fd\u901a\u8fc7Siddha \uff08\u5b8c\u7f8e\u7684\uff09\u53e4\u9c81\uff08\u4e0a\u5e08\uff09\u7684\u6069\u8d50\u624d\u80fd\u591f\u88ab\u4e86\u89e3\uff0c\u800c\u4e0d\u9700\u8981\u5f1f\u5b50\u53bb\u505a\u4efb\u4f55\u7684\u52aa\u529b\u3002 Siddha\u745c\u4f3d\u662f\u7531\u53e4\u8001\u7684Nath\u6d41\u6d3e\u745c\u4f3d\u4f20\u7edf\u8d50\u4e88\u5168\u4eba\u7c7b\u7684\u3002\u53e4\u4ee3\u7684\u5723\u4ebaMatsyendra Nath\u5728\u51e0\u5343\u5e74\u524d\u9996\u5148\u83b7\u5f97\u4e86\u745c\u4f3d\u7684\u77e5\u8bc6\uff0c\u8fd9\u4e9b\u77e5\u8bc6\u662f\u5728\u559c\u9a6c\u62c9\u96c5\u5c71\u7684\u5929\u754c\u5c45\u6240\u4e2d\uff0c\u4eceShiva\u5927\u795e\u90a3\u91cc\u76f4\u63a5\u83b7\u5f97\u7684\u3002Shiva\u5927\u795e\u8981\u6c42Matsyendra Nath\u53bb\u5411\u5168\u4eba\u7c7b\u4f20\u64ad\u8fd9\u745c\u4f3d\u7684\u77e5\u8bc6\uff0c\u4ece\u800c\u4f7f\u5f97\u4eba\u7c7b\u80fd\u591f\u5b8c\u6210\u7075\u6027\u7684\u8fdb\u5316\u3002\u4ece\u90a3\u65f6\u5f00\u59cb\uff0c\u5145\u6ee1\u7740\u77e5\u8bc6\u4e0e\u667a\u6167\u7684\u745c\u4f3d\u7cfb\u7edf\uff0c\u4fbf\u901a\u8fc7\u4e0a\u5e08-\u5f1f\u5b50\u7684\u4f20\u7edf\u4ee3\u4ee3\u4f20\u627f\u4e0b\u6765\u4e86\u3002Siddha\u745c\u4f3d\u662f\u975e\u5e38\u5e7f\u535a\u7684\uff0c\u5b83\u878d\u5408\u4e86\u6240\u6709\u7684\u745c\u4f3d\u4f53\u7cfb\uff0c\u4f8b\u5982Bhakti\u745c\u4f3d\uff0cKarma\u745c\u4f3d\uff0cRaj\u745c\u4f3d\uff0cKriya\u745c\u4f3d\uff0cGyan\u745c\u4f3d\uff0cLaya\u745c\u4f3d\uff0cBhava\u745c\u4f3d\uff0cHatha\u745c\u4f3d\u7b49\u7b49\u3002\u56e0\u6b64Siddha\u745c\u4f3d\u53c8\u88ab\u53eb\u505aPurna\u745c\u4f3d\uff08\u5b8c\u7f8e\u7684\u745c\u4f3d\uff09\u6216\u8005Maha\u745c\u4f3d\uff08\u4f1f\u5927\u7684\u745c\u4f3d\uff09\u3002 Siddha\u745c\u4f3d\u662f\u4e00\u79cd\u53ef\u4ee5\u6beb\u4e0d\u8d39\u529b\u5b9e\u73b0Yoga\uff08\u5408\u4e00\uff09\u7684\u745c\u4f3d\u65b9\u6cd5\u3002\u8fd9\u79cd\u745c\u4f3d\u53ea\u80fd\u901a\u8fc7Siddha \uff08\u5b8c\u7f8e\u7684\uff09\u53e4\u9c81\uff08\u4e0a\u5e08\uff09\u7684\u6069\u8d50\u624d\u80fd\u591f\u88ab\u4e86\u89e3\uff0c\u800c\u4e0d\u9700\u8981\u5f1f\u5b50\u53bb\u505a\u4efb\u4f55\u7684\u52aa\u529b\u3002\u201c\u6beb\u4e0d\u8d39\u529b\u201c\u5728\u8fd9\u91cc\u7684\u542b\u4e49\u662f\u5f1f\u5b50\u53ea\u9700\u8981\u53bb\u7528\u5fc3\u53bb\u505a\u7ec3\u4e60\uff0c\u800c\u4e0d\u9700\u8981\u8bbe\u5b9a\u7279\u5b9a\u7684\u76ee\u6807\u53bb\u5b9e\u73b0\u3002\u7075\u6027\u7684\u8f6c\u53d8\u4f1a\u81ea\u7136\u800c\u7136\u7684\u53d1\u751f\u3002 \u00a0 GSY\u7684\u7ec3\u4e60\u5305\u62ec\u54ea\u4e9b\u65b9\u9762\uff1fWhat does the practice of GSY involve? \u53e4\u9c81Siyag\u745c\u4f3d\uff08GSY\uff09\u7684\u7ec3\u4e60\u5305\u62ec\u53cd\u590d\u5ff5\u8bf5\uff08\u5728\u5fc3\u91cc\u9ed8\u5ff5\uff09\u4e00\u4e2a\u7279\u5b9a\u7684\u795e\u5723\u771f\u8a00\u4ee5\u53ca\u51a5\u60f3\u3002\u53e4\u9c81Siyag\u901a\u8fc7\u6388\u4e88\u8ffd\u5bfb\u8005\u4e00\u4e2a\u771f\u8a00\u2014\u2014\u795e\u5723\u7684\u7ecf\u6587\u2014\u2014\u5e76\u4e14\u4f20\u6388\u4e00\u79cd\u51a5\u60f3\u7684\u65b9\u6cd5\uff0c\u6765\u5c06\u8ffd\u5bfb\u8005\u9886\u5165GSY\u5e76\u6210\u4e3a\u53e4\u9c81\u7684\u5f1f\u5b50\u3002\u771f\u8a00\u5fc5\u987b\u4e00\u523b\u4e0d\u505c\u5730\u88ab\u9ed8\u5ff5\uff08\u5634\u5507\u548c\u820c\u5934\u4e0d\u52a8\uff09\uff0c\u5f53\u6301\u7eed\u5ff5\u8bf5\u8d85\u8fc7\u4e00\u6bb5\u65f6\u95f4\u4e4b\u540e\uff0c\u771f\u8a00\u7684\u5ff5\u8bf5\uff08Japa\uff09\u4f1a\u53d8\u5f97\u4e0d\u7531\u81ea\u4e3b\u8d77\u6765\uff0c\u5373\u7ec3\u4e60\u8005\u4e0d\u518d\u9700\u8981\u523b\u610f\u96c6\u4e2d\u6ce8\u610f\u529b\u4e5f\u4f1a\u4e0b\u610f\u8bc6\u5730\u53bb\u5ff5\u8bf5\u3002\u7136\u800c\uff0c\u8fd9\u79cd\u73b0\u8c61\u7684\u53d1\u751f\u53d6\u51b3\u4e8e\u7ec3\u4e60\u8005\u5ff5\u8bf5\u65f6\u7684\u5f3a\u5ea6\u4ee5\u53ca\u8654\u8bda\u7a0b\u5ea6\u3002\u6709\u7684\u7ec3\u4e60\u8005\u4ec5\u4ec5\u7ecf\u8fc7\u4e00\u4e2a\u591a\u661f\u671f\u7684\u7ec3\u4e60\u5c31\u4f1a\u8ba9\u5ff5\u8bf5\u53d8\u6210\u4e00\u79cd\u4e0b\u610f\u8bc6\u7684\u884c\u4e3a\uff0c\u800c\u5bf9\u4e8e\u53e6\u5916\u4e00\u4e9b\u4eba\u5219\u9700\u8981\u4e24\u4e2a\u661f\u671f\u751a\u81f3\u51e0\u4e2a\u6708\u7684\u65f6\u95f4\u3002\u9664\u4e86\u5ff5\u8bf5\u4ee5\u5916\uff0c\u7ec3\u4e60\u8005\u6bcf\u5929\u8fd8\u5fc5\u987b\u6bcf\u5929\u51a5\u60f3\u4e24\u5230\u4e09\u6b21\uff0c\u6bcf\u6b21\u6301\u7eed15\u5206\u949f\u3002 \u771f\u8a00\u7684\u5ff5\u8bf5\u4ee5\u53ca\u51a5\u60f3\u76f8\u914d\u5408\u4f1a\u5524\u9192\u7ec3\u4e60\u8005\u7684\u6606\u8fbe\u91cc\u5c3c\uff08Kundalini\uff0c\u53c8\u79f0\u4e3a\u62d9\u706b\uff09\uff0c\u6606\u8fbe\u91cc\u5c3c\u662f\u4e00\u79cd\u5728\u7ec3\u4e60\u8005\u4f53\u5185\u7684\u80fd\u91cf\uff0c\u8fd9\u79cd\u80fd\u91cf\u4f1a\u5f15\u5bfc\u7ec3\u4e60\u8005\u4e0d\u7531\u81ea\u4e3b\u5730\u505a\u51fa\u4e00\u7cfb\u5217\u4f53\u5f0f\uff08\u0101sanans\uff09\u3001\u52a8\u4f5c\uff08kriy\u0101s\uff09\u3001\u9501\u5370\uff08bandhs\uff09\u3001\u624b\u52bf\uff08mudr\u0101s\uff09\u4ee5\u53ca\u547c\u5438\u63a7\u5236\uff08pr\u0101n\u0101y\u0101m\uff09\u7b49\u745c\u4f3d\u7ec3\u4e60\uff0c\u5e76\u501f\u6b64\u6765\u51c0\u5316\u7ec3\u4e60\u8005\u7684\u6574\u4e2a\u8eab\u4f53\u3002 \u00a0 GSY\u7684\u91cd\u8981\u6027 \u00a0\u00a0\u00a0Importance of GSY \u6211\u4eec\u5728\u8fd9\u91cc\u7ed9\u51fa\u4e00\u5c0f\u6bb5\u53e4\u9c81\u57281999\u5e74\u7684\u6f14\u8bb2\u8282\u9009\u3002\u5728\u8fd9\u4e2a\u8282\u9009\u91cc\uff0c\u4ed6\u8bb2\u5230\u4e86\u745c\u4f3d\u662f\u4ec0\u4e48\uff0c\u7279\u522b\u662f\u4ed6\u96b6\u5c5e\u7684Siddha\u745c\u4f3d\u6d41\u6d3e\u7684\u5386\u53f2\u548c\u529f\u6548\u3002 \u53e4\u9c81Siyag\u5bf9\u745c\u4f3d\u7684\u8bb2\u89e3 \u201c\u5982\u4f55\u5b9a\u4e49\u745c\u4f3d\uff1f\u5723\u4eba\u5e15\u5766\u4f3d\u5229\u5728\u4ed6\u7684\u8457\u4f5c\u300a\u745c\u4f3d\u7ecf\u300b\u7684\u7b2c\u4e8c\u6761\u683c\u8a00\u4e2d\u5c06\u745c\u4f3d\u7b80\u5355\u5b9a\u4e49\u4e3a\u201c\u6d88\u9664\u610f\u8bc6\u7684\u4e00\u79cd\u53eb\u505aVrittis\u7684\u5185\u5728\u503e\u5411\u201d\u3002\u6211\u4eec\u7684\u610f\u8bc6\u662f\u53d8\u5e7b\u65e0\u5e38\u7684\uff0c\u5047\u5982\u610f\u8bc6\u4e0d\u80fd\u53d8\u5f97\u5b89\u9759\u548c\u7a33\u5b9a\u4e0b\u6765\uff0c\u8ffd\u5bfb\u8005\u5c31\u65e2\u4e0d\u80fd\u51a5\u60f3\uff0c\u4e5f\u4e0d\u80fd\u4f53\u9a8c\u5230\u745c\u4f3d\uff08\u4e0e\u81f3\u9ad8\u610f\u8bc6\u7684\u878d\u5408\uff09\u3002\u5728\u6211\u6240\u8bb2\u7684Siddha\u745c\u4f3d\u7684\u7ec3\u4e60\u91cc\uff0c\u662f\u53e4\u9c81\u5728\u80cc\u540e\u5de7\u5999\u5730\u68c0\u67e5\u5f1f\u5b50\u7684\u610f\u8bc6\uff0c\u907f\u514d\u5b83\u4e0d\u65ad\u5f98\u5f8a\uff0c\u8ba9\u5b83\u5b89\u9759\u4e0b\u6765\u5e76\u8ba9\u5b83\u4e0d\u4ea7\u751f\u4efb\u4f55\u601d\u8003\u3002\u201d \u201c\u6211\u4eec\uff08\u901a\u8fc7Siddha\u745c\u4f3d\uff09\u6240\u9075\u5faa\u7684Nath\u745c\u4f3d\u4f20\u7edf\u6d41\u6d3e\u662f\u7531\u4e5d\u4f4d\u6c38\u6052\u4e0d\u706d\u7684Naths\uff08\u9ad8\u9636\u7684\u745c\u4f3d\u5723\u4eba\uff09\u6240\u9886\u5bfc\u7684\u3002Machhindra Nathji\u662f\u5728\u6570\u767e\u4e07\u5e74\u524d\uff0c Kaliyuga\uff08\u5f53\u524d\u7684\u9ed1\u6697\u65f6\u4ee3\uff09\u5f00\u59cb\u7684\u65f6\u5019\u7684\u4f17\u591a\u4f1f\u5927\u7684\u53e4\u9c81\u4e2d\u7684\u7b2c\u4e00\u4f4d\u3002\u201d \u201cGorakhnathji\u662fMachhindra Nathji\u7684\u4e00\u4f4d\u5f1f\u5b50\u3002Gorakhnathji\u5c06\u5420\u9640\u54f2\u5b66\u6bd4\u4f5cKalpataru\uff08\u795e\u79d8\u7684\u613f\u671b\u5b9e\u73b0\u4e4b\u6811\uff09\u5e76\u4e14\u5c06\u745c\u4f3d\u5f62\u5bb9\u4e3a\u201c\u5420\u9640\u54f2\u5b66\u7684\u4e0d\u706d\u679c\u5b9e\u201d\u3002\u901a\u8fc7\u7ec3\u4e60Siddha\u745c\u4f3d\uff0c\u7ec3\u4e60\u8005\u53ef\u4ee5\u8131\u79bb\u4e09\u79cd\u75db\u82e6\uff1a\u8eab\u4f53\u4e0a\u7684\uff0c\u7cbe\u795e\u4e0a\u7684\u548c\u7075\u6027\u4e0a\u7684\u3002\u6ca1\u6709\u5728\u8fd9\u4e09\u5927\u7c7b\u4e4b\u5916\u5b58\u5728\u7684\u75db\u82e6\u3002Siddha\u745c\u4f3d\u7684\u7ec3\u4e60\u5df2\u7ecf\u8ba9\u6570\u4ee5\u5343\u8ba1\u7684\u7ec3\u4e60\u8005\u4ece\u5404\u79cd\u8eab\u4f53\u75be\u75c5\u4e2d\u89e3\u8131\u4e86\u3002\u201d \u201c\u8fd9\u79cd\u8fdb\u5316\uff08\u901a\u8fc7\u4e09\u79cd\u75db\u82e6\u7684\u89e3\u9664\uff09\u662f\u57fa\u4e8e\u771f\u5b9e\u800c\u786e\u5b9a\u7684\u54f2\u5b66\u7684\uff0c\u4e0d\u662f\u4ec0\u4e48\u4eba\u4e3a\u865a\u6784\u6216\u8005\u81c6\u60f3\u51fa\u6765\u7684\u3002\u6211\u77e5\u9053\u6709\u4e9b\u4eba\u5728\u8bb2\u745c\u4f3d\u54f2\u5b66\u7684\u65f6\u5019\u786e\u5b9e\u4f1a\u5f15\u5165\u4e00\u4e9b\u865a\u6784\u7684\u4e1c\u897f\uff0c\u56e0\u4e3a\u4ed6\u4eec\u7684\u5efa\u8bae\u90fd\u662f\u7eaf\u57fa\u4e8e\u7406\u8bba\u7684\uff0c\u7f3a\u4e4f\u5b9e\u9645\u7684\u4f53\u9a8c\u3002\u6709\u4e9b\u201c\u53e4\u9c81\u201d\u751a\u81f3\u8bf4\u5982\u679c\u8ffd\u5bfb\u8005\u7ec3\u4e60\u745c\u4f3d20\u5e74\uff0c\u6606\u8fbe\u91cc\u5c3c\u5c31\u4f1a\u88ab\u5524\u9192\uff01\u5bf9\u4e8e\u8fd9\u79cd\u4e8b\u6211\u8bf4\u8fc7\uff0c\u8c01\u80fd\u4fdd\u8bc1\u53e4\u9c81\u548c\u5f1f\u5b50\u90fd\u80fd\u518d\u6d3b20\u5e74\u5462\uff1f\u4e3a\u4ec0\u4e48\u8981\u8270\u96be\u8dcb\u6d8920\u5e74\uff0c\u5c31\u4e3a\u4e86\u8fbe\u5230\u4e00\u4e2a\u4f60\u4eca\u5929\u5c31\u80fd\u8fbe\u5230\u7684\u76ee\u6807\uff1f\u4e3a\u4ec0\u4e48\u4e0d\u5728\u6b64\u65f6\u6b64\u523b\u83b7\u5f97\u7075\u6027\u7684\u610f\u8bc6\u5462\uff1f\u8fd9\u79cd20\u5e74\u7684\u8bf4\u6cd5\u7edd\u5bf9\u662f\u5783\u573e\u3002\u201d \u00a0 \u8c01\u662f\u53e4\u9c81\uff08\u4e0a\u5e08 ?\u00a0 Who is Guru? &#8220;\u53e4\u9c81\u5e76\u4e0d\u4ec5\u4ec5\u662f\u4f60\u770b\u5230\u7684\u6709\u7740\u8fd9\u6837\u4e00\u5e45\u8eab\u4f53\u7684\u8fd9\u4e2a\u4eba\u3002\u4ed6\u7684\u8fd9\u526f\u8089\u8eab\u4f1a\u9010\u6e10\u51cb\u96f6\u5e76\u6700\u7ec8\u8d70\u5411\u7ec8\u7109\uff0c\u4f46\u662f\u53e4\u9c81\u5374\u662f\u6c38\u6052\u4e0d\u706d\u7684\u795e\u5723\u529b\u91cf\uff0c\u8fd9\u79cd\u529b\u91cf\u6c38\u8fdc\u4e0d\u4f1a\u6b7b\u4ea1\u3002\u4ed6\u662f\u6c38\u6052\u4e14\u4e0d\u8001\u7684\u3002\u53e4\u9c81\u5c45\u4e8e\u4f60\u7684\u5185\u5728\uff08\u8ffd\u5bfb\u8005\u5185\u5fc3\u7684\u610f\u8bc6\u6df1\u5904\uff09\u3002\u5728\u745c\u4f3d\u79d1\u5b66\u91cc\uff0c\u65f6\u95f4\u548c\u7a7a\u95f4\u662f\u6ca1\u6709\u4ef7\u503c\u7684\u3002\u4f60\u5b58\u5728\u4e8e\u6211\u7684\u91cc\u9762\uff0c\u6211\u4e5f\u5b58\u5728\u4e8e\u4f60\u7684\u91cc\u9762\u3002\u4e0d\u8bba\u4f55\u65f6\u4f55\u5730\uff0c\u53ea\u8981\u4f60\u8bb0\u8d77\u6211\uff0c\u4f60\u5c31\u4f1a\u53d1\u73b0\u6211\u4e0e\u4f60\u5728\u4e00\u8d77\u3002\u5982\u679c\u4e00\u4f4d\u53e4\u9c81\u662f\u771f\u7684\u53e4\u9c81\uff0c\u4ed6\u662f\u65e0\u6240\u4e0d\u5728\u7684\u2014\u2014\u4ed6\u540c\u65f6\u5b58\u5728\u4e8e\u6240\u6709\u5730\u65b9\uff0c\u4ed6\u4e0d\u4f1a\u88ab\u65f6\u95f4\u548c\u7a7a\u95f4\u6240\u7ea6\u675f\u3002 &#8220;<\/p>\n","protected":false},"author":2,"featured_media":0,"parent":0,"menu_order":0,"comment_status":"closed","ping_status":"closed","template":"","meta":{"footnotes":""},"class_list":["post-647","page","type-page","status-publish","hentry"],"aioseo_notices":[],"ams_acf":[],"_links":{"self":[{"href":"https:\/\/gurusiyagyoga.org\/zh\/wp-json\/wp\/v2\/pages\/647","targetHints":{"allow":["GET"]}}],"collection":[{"href":"https:\/\/gurusiyagyoga.org\/zh\/wp-json\/wp\/v2\/pages"}],"about":[{"href":"https:\/\/gurusiyagyoga.org\/zh\/wp-json\/wp\/v2\/types\/page"}],"author":[{"embeddable":true,"href":"https:\/\/gurusiyagyoga.org\/zh\/wp-json\/wp\/v2\/users\/2"}],"replies":[{"embeddable":true,"href":"https:\/\/gurusiyagyoga.org\/zh\/wp-json\/wp\/v2\/comments?post=647"}],"version-history":[{"count":2,"href":"https:\/\/gurusiyagyoga.org\/zh\/wp-json\/wp\/v2\/pages\/647\/revisions"}],"predecessor-version":[{"id":690,"href":"https:\/\/gurusiyagyoga.org\/zh\/wp-json\/wp\/v2\/pages\/647\/revisions\/690"}],"wp:attachment":[{"href":"https:\/\/gurusiyagyoga.org\/zh\/wp-json\/wp\/v2\/media?parent=647"}],"curies":[{"name":"wp","href":"https:\/\/api.w.org\/{rel}","templated":true}]}}